{"id":815710,"date":"2023-09-20T17:03:17","date_gmt":"2023-09-20T15:03:17","guid":{"rendered":"https:\/\/www.claret.cat\/llibre\/carta-de-mama-9788419607928\/"},"modified":"2023-10-11T00:45:28","modified_gmt":"2023-10-10T22:45:28","slug":"carta-de-mama-9788419607928","status":"publish","type":"product","link":"https:\/\/www.claret.cat\/es\/libro\/carta-de-mama-9788419607928\/","title":{"rendered":"CARTA DE MAM\u00c1"},"content":{"rendered":"<p>Una madre querr\u00eda proteger a su hija siempre, pero entiende que no es posible y que, tarde o temprano, su hija tendr\u00e1 que enfrentarse sola al mundo y caer para aprender a levantarse. Pero a\u00fan as\u00ed, el camino es m\u00e1s f\u00e1cil con el apoyo incondicional y la compa\u00f1\u00eda indispensable de una madre.<br \/> Un emocionante retrato del momento en que los hijos se hacen mayores y hay que dejar de protegerlos y empezar a acompa\u00f1arlos.<\/p>\n","protected":false},"excerpt":{"rendered":"<p>D\u00cdAZ REGUERA, RAQUEL<\/p>\n","protected":false},"featured_media":829206,"template":"","meta":{"_acf_changed":false,"om_disable_all_campaigns":false,"rs_blank_template":"","rs_page_bg_color":"","slide_template_v7":"","inline_featured_image":false,"_monsterinsights_skip_tracking":false,"_monsterinsights_sitenote_active":false,"_monsterinsights_sitenote_note":"","_monsterinsights_sitenote_category":0},"product_brand":[],"product_cat":[132,362],"product_tag":[],"class_list":{"0":"post-815710","1":"product","2":"type-product","3":"status-publish","4":"has-post-thumbnail","6":"product_cat-lectures-per-preadolescents-6-12-anys","7":"product_cat-libros-preadolescentes-6-12-anos","9":"first","10":"instock","11":"taxable","12":"shipping-taxable","13":"purchasable","14":"product-type-simple"},"acf":{"autor":"D\u00cdAZ REGUERA, RAQUEL","codart":"841960792","libros-coleccion":"FORA DE COL.LECCI\u00d3","ediciones":"1","encuadernacion":"Carton\u00e9","fecha_de_publicacion":"01\/09\/2023","novedad":"1","paginas":"32","subtitulo":"","orden":"0","portada":"0","idioma":"spa","editorial":[{"ID":148592,"post_author":"3","post_date":"2022-10-14 11:59:27","post_date_gmt":"2022-10-14 09:59:27","post_content":"","post_title":"NUBEOCHO","post_excerpt":"","post_status":"publish","comment_status":"closed","ping_status":"closed","post_password":"","post_name":"nubeocho","to_ping":"","pinged":"","post_modified":"2022-10-14 11:59:27","post_modified_gmt":"2022-10-14 09:59:27","post_content_filtered":"","post_parent":0,"guid":"http:\/\/dev.claret.cat\/editorial\/nubeocho\/","menu_order":0,"post_type":"editorial","post_mime_type":"","comment_count":"0","filter":"raw"}],"autores-libros":[{"ID":167798,"post_author":"3","post_date":"2022-10-14 18:14:05","post_date_gmt":"2022-10-14 16:14:05","post_content":"","post_title":"RAQUEL D\u00cdAZ REGUERA","post_excerpt":"","post_status":"publish","comment_status":"closed","ping_status":"closed","post_password":"","post_name":"raquel-diaz-reguera","to_ping":"","pinged":"","post_modified":"2022-10-14 18:14:05","post_modified_gmt":"2022-10-14 16:14:05","post_content_filtered":"","post_parent":0,"guid":"http:\/\/dev.claret.cat\/autor\/raquel-diaz-reguera\/","menu_order":0,"post_type":"autor","post_mime_type":"","comment_count":"0","filter":"raw"}]},"aioseo_notices":[],"_links":{"self":[{"href":"https:\/\/www.claret.cat\/es\/wp-json\/wp\/v2\/product\/815710","targetHints":{"allow":["GET"]}}],"collection":[{"href":"https:\/\/www.claret.cat\/es\/wp-json\/wp\/v2\/product"}],"about":[{"href":"https:\/\/www.claret.cat\/es\/wp-json\/wp\/v2\/types\/product"}],"wp:featuredmedia":[{"embeddable":true,"href":"https:\/\/www.claret.cat\/es\/wp-json\/wp\/v2\/media\/829206"}],"wp:attachment":[{"href":"https:\/\/www.claret.cat\/es\/wp-json\/wp\/v2\/media?parent=815710"}],"wp:term":[{"taxonomy":"product_brand","embeddable":true,"href":"https:\/\/www.claret.cat\/es\/wp-json\/wp\/v2\/product_brand?post=815710"},{"taxonomy":"product_cat","embeddable":true,"href":"https:\/\/www.claret.cat\/es\/wp-json\/wp\/v2\/product_cat?post=815710"},{"taxonomy":"product_tag","embeddable":true,"href":"https:\/\/www.claret.cat\/es\/wp-json\/wp\/v2\/product_tag?post=815710"}],"curies":[{"name":"wp","href":"https:\/\/api.w.org\/{rel}","templated":true}]}}