{"id":815731,"date":"2023-09-20T17:06:12","date_gmt":"2023-09-20T15:06:12","guid":{"rendered":"https:\/\/www.claret.cat\/llibre\/el-secreto-del-lobo-9788419208446\/"},"modified":"2025-07-15T12:05:13","modified_gmt":"2025-07-15T10:05:13","slug":"el-secreto-del-lobo-9788419208446","status":"publish","type":"product","link":"https:\/\/www.claret.cat\/es\/libro\/el-secreto-del-lobo-9788419208446\/","title":{"rendered":"EL SECRETO DEL LOBO"},"content":{"rendered":"<p>El lobo es un cazador temido por todas las criaturas. Pero tiene un secreto: en el medio del bosque vive una joven cuya preciosa voz le ha encandilado.<\/p>\n<p> El lobo anhela su amistad, pero \u00bfest\u00e1 dispuesto a sacrificar su verdadera naturaleza para que su deseo se haga realidad?<\/p>\n<p> Un hermoso y l\u00edrico cuento de hadas contempor\u00e1neo sobre la diferencia, la confianza y el poder de la amistad para superar cualquier obst\u00e1culo.<\/p>\n","protected":false},"excerpt":{"rendered":"<p>DAHMAN, MYRIAM \/ DIGARD, NICOLAS<\/p>\n","protected":false},"featured_media":1046684,"template":"","meta":{"_acf_changed":false,"om_disable_all_campaigns":false,"rs_blank_template":"","rs_page_bg_color":"","slide_template_v7":"","inline_featured_image":false,"_monsterinsights_skip_tracking":false,"_monsterinsights_sitenote_active":false,"_monsterinsights_sitenote_note":"","_monsterinsights_sitenote_category":0},"product_brand":[],"product_cat":[132,362],"product_tag":[],"class_list":{"0":"post-815731","1":"product","2":"type-product","3":"status-publish","4":"has-post-thumbnail","6":"product_cat-lectures-per-preadolescents-6-12-anys","7":"product_cat-libros-preadolescentes-6-12-anos","9":"first","10":"instock","11":"taxable","12":"shipping-taxable","13":"purchasable","14":"product-type-simple"},"acf":{"autor":"DAHMAN, MYRIAM \/ DIGARD, NICOLAS","codart":"841920844","libros-coleccion":"","ediciones":"1","encuadernacion":"Carton\u00e9","fecha_de_publicacion":"01\/09\/2023","novedad":"1","paginas":"48","subtitulo":"","orden":"0","portada":"0","idioma":"spa","editorial":[{"ID":147377,"post_author":"3","post_date":"2022-10-14 11:50:06","post_date_gmt":"2022-10-14 09:50:06","post_content":"","post_title":"ADRIANA HIDALGO EDITORA","post_excerpt":"","post_status":"publish","comment_status":"closed","ping_status":"closed","post_password":"","post_name":"adriana-hidalgo-editora","to_ping":"","pinged":"","post_modified":"2022-10-14 11:50:06","post_modified_gmt":"2022-10-14 09:50:06","post_content_filtered":"","post_parent":0,"guid":"http:\/\/dev.claret.cat\/editorial\/adriana-hidalgo-editora\/","menu_order":0,"post_type":"editorial","post_mime_type":"","comment_count":"0","filter":"raw"}],"autores-libros":[{"ID":815859,"post_author":"3","post_date":"2023-09-20 17:18:20","post_date_gmt":"2023-09-20 15:18:20","post_content":"","post_title":"MYRIAM DAHMAN","post_excerpt":"","post_status":"publish","comment_status":"closed","ping_status":"closed","post_password":"","post_name":"myriam-dahman","to_ping":"","pinged":"","post_modified":"2023-09-20 17:18:20","post_modified_gmt":"2023-09-20 15:18:20","post_content_filtered":"","post_parent":0,"guid":"https:\/\/www.claret.cat\/autor\/myriam-dahman\/","menu_order":0,"post_type":"autor","post_mime_type":"","comment_count":"0","filter":"raw"},{"ID":815860,"post_author":"3","post_date":"2023-09-20 17:18:22","post_date_gmt":"2023-09-20 15:18:22","post_content":"","post_title":"NICOLAS DIGARD","post_excerpt":"","post_status":"publish","comment_status":"closed","ping_status":"closed","post_password":"","post_name":"nicolas-digard","to_ping":"","pinged":"","post_modified":"2023-09-20 17:18:22","post_modified_gmt":"2023-09-20 15:18:22","post_content_filtered":"","post_parent":0,"guid":"https:\/\/www.claret.cat\/autor\/nicolas-digard\/","menu_order":0,"post_type":"autor","post_mime_type":"","comment_count":"0","filter":"raw"}],"booktrailer":"","resenas":""},"aioseo_notices":[],"_links":{"self":[{"href":"https:\/\/www.claret.cat\/es\/wp-json\/wp\/v2\/product\/815731","targetHints":{"allow":["GET"]}}],"collection":[{"href":"https:\/\/www.claret.cat\/es\/wp-json\/wp\/v2\/product"}],"about":[{"href":"https:\/\/www.claret.cat\/es\/wp-json\/wp\/v2\/types\/product"}],"wp:featuredmedia":[{"embeddable":true,"href":"https:\/\/www.claret.cat\/es\/wp-json\/wp\/v2\/media\/1046684"}],"wp:attachment":[{"href":"https:\/\/www.claret.cat\/es\/wp-json\/wp\/v2\/media?parent=815731"}],"wp:term":[{"taxonomy":"product_brand","embeddable":true,"href":"https:\/\/www.claret.cat\/es\/wp-json\/wp\/v2\/product_brand?post=815731"},{"taxonomy":"product_cat","embeddable":true,"href":"https:\/\/www.claret.cat\/es\/wp-json\/wp\/v2\/product_cat?post=815731"},{"taxonomy":"product_tag","embeddable":true,"href":"https:\/\/www.claret.cat\/es\/wp-json\/wp\/v2\/product_tag?post=815731"}],"curies":[{"name":"wp","href":"https:\/\/api.w.org\/{rel}","templated":true}]}}