{"id":81754,"date":"2022-10-11T16:52:40","date_gmt":"2022-10-11T14:52:40","guid":{"rendered":"http:\/\/dev.claret.cat\/producte\/no-cosas\/"},"modified":"2025-02-27T12:10:28","modified_gmt":"2025-02-27T11:10:28","slug":"nocosas-9788430624348","status":"publish","type":"product","link":"https:\/\/www.claret.cat\/es\/libro\/nocosas-9788430624348\/","title":{"rendered":"NO-COSAS"},"content":{"rendered":"<p>El nuevo libro del fil\u00f3sofo vivo m\u00e1s le\u00eddo del mundo. \u00abHoy estamos en la transici\u00f3n de la era de las cosas a la era de las  no-cosas. No son las cosas, sino la informaci\u00f3n, lo que determina el mundo en que vivimos.\u00bb Hoy en d\u00eda, el mundo se vac\u00eda de cosas y se llena de informaci\u00f3n  inquietante como voces sin cuerpo. La digitalizaci\u00f3n desmaterializa y descorpore\u00edza el mundo. En lugar de guardar recuerdos, almacenamos inmensas cantidades de datos. Los medios digitales sustituyen   as\u00ed a la memoria, cuyo trabajo hacen sin violencia ni demasiado  esfuerzo. La informaci\u00f3n falsea los acontecimientos. Se nutre del est\u00edmulo de la sorpresa. Pero este no dura mucho. R\u00e1pidamente sentimos la necesidad de nuevos est\u00edmulos, y nos acostumbramos a percibir la realidad como una fuente inagotable de estos. Como cazadores de informaci\u00f3n, nos volvemos ciegos ante las cosas silenciosas y   discretas, incluso las habituales, las menudas y las comunes, que no nos estimulan, pero nos anclan en el ser. El nuevo ensayo de Byung-Chul Han gira en torno a las cosas y las no-cosas. Desarrolla tanto una filosof\u00eda del smartphone como una cr\u00edtica a la inteligencia artificial desde una nueva perspectiva. Al mismo tiempo, recupera la magia de lo s\u00f3lido y lo tangible y reflexiona sobre el silencio que se pierde en el ruido de la informaci\u00f3n.<\/p>\n","protected":false},"excerpt":{"rendered":"<p>HAN, BYUNG-CHUL<\/p>\n","protected":false},"featured_media":81755,"template":"","meta":{"_acf_changed":false,"om_disable_all_campaigns":false,"rs_blank_template":"","rs_page_bg_color":"","slide_template_v7":"","inline_featured_image":false,"_monsterinsights_skip_tracking":false,"_monsterinsights_sitenote_active":false,"_monsterinsights_sitenote_note":"","_monsterinsights_sitenote_category":0},"product_brand":[],"product_cat":[373,166],"product_tag":[],"class_list":{"0":"post-81754","1":"product","2":"type-product","3":"status-publish","4":"has-post-thumbnail","6":"product_cat-autores","7":"product_cat-autors-filosofia","9":"first","10":"instock","11":"taxable","12":"shipping-taxable","13":"purchasable","14":"product-type-simple"},"acf":{"editorial":[{"ID":6372,"post_author":"3","post_date":"2022-07-28 17:50:47","post_date_gmt":"2022-07-28 15:50:47","post_content":"","post_title":"TAURUS","post_excerpt":"","post_status":"publish","comment_status":"closed","ping_status":"closed","post_password":"","post_name":"taurus","to_ping":"","pinged":"","post_modified":"2022-07-28 17:50:47","post_modified_gmt":"2022-07-28 15:50:47","post_content_filtered":"","post_parent":0,"guid":"http:\/\/dev.claret.cat\/editorial\/taurus\/","menu_order":0,"post_type":"editorial","post_mime_type":"","comment_count":"0","filter":"raw"}],"autor":"HAN, BYUNG-CHUL","codart":"843062434","libros-coleccion":"PENSAMIENTO","ediciones":"1","encuadernacion":"R\u00fastica","fecha_de_publicacion":"01\/10\/2021","novedad":"1","paginas":"139","subtitulo":"QUIEBRAS DEL MUNDO DE HOY","orden":"0","portada":"0","idioma":"spa","autores-libros":[{"ID":151974,"post_author":"3","post_date":"2022-10-14 14:45:07","post_date_gmt":"2022-10-14 12:45:07","post_content":"","post_title":"BYUNG-CHUL HAN","post_excerpt":"","post_status":"publish","comment_status":"closed","ping_status":"closed","post_password":"","post_name":"byung-chul-han-3","to_ping":"","pinged":"","post_modified":"2022-10-14 14:45:07","post_modified_gmt":"2022-10-14 12:45:07","post_content_filtered":"","post_parent":0,"guid":"http:\/\/dev.claret.cat\/autor\/byung-chul-han-3\/","menu_order":0,"post_type":"autor","post_mime_type":"","comment_count":"0","filter":"raw"}]},"aioseo_notices":[],"_links":{"self":[{"href":"https:\/\/www.claret.cat\/es\/wp-json\/wp\/v2\/product\/81754","targetHints":{"allow":["GET"]}}],"collection":[{"href":"https:\/\/www.claret.cat\/es\/wp-json\/wp\/v2\/product"}],"about":[{"href":"https:\/\/www.claret.cat\/es\/wp-json\/wp\/v2\/types\/product"}],"wp:featuredmedia":[{"embeddable":true,"href":"https:\/\/www.claret.cat\/es\/wp-json\/wp\/v2\/media\/81755"}],"wp:attachment":[{"href":"https:\/\/www.claret.cat\/es\/wp-json\/wp\/v2\/media?parent=81754"}],"wp:term":[{"taxonomy":"product_brand","embeddable":true,"href":"https:\/\/www.claret.cat\/es\/wp-json\/wp\/v2\/product_brand?post=81754"},{"taxonomy":"product_cat","embeddable":true,"href":"https:\/\/www.claret.cat\/es\/wp-json\/wp\/v2\/product_cat?post=81754"},{"taxonomy":"product_tag","embeddable":true,"href":"https:\/\/www.claret.cat\/es\/wp-json\/wp\/v2\/product_tag?post=81754"}],"curies":[{"name":"wp","href":"https:\/\/api.w.org\/{rel}","templated":true}]}}