{"id":81766,"date":"2022-10-11T16:52:49","date_gmt":"2022-10-11T14:52:49","guid":{"rendered":"http:\/\/dev.claret.cat\/producte\/el-fantasma-de-la-mala-leche-serie-perrock-holmes-16\/"},"modified":"2023-01-28T10:11:37","modified_gmt":"2023-01-28T09:11:37","slug":"el-fantasma-de-la-mala-leche-serie-perrock-holmes-16-9788418318863","status":"publish","type":"product","link":"https:\/\/www.claret.cat\/es\/libro\/el-fantasma-de-la-mala-leche-serie-perrock-holmes-16-9788418318863\/","title":{"rendered":"EL FANTASMA DE LA MALA LECHE (SERIE PERROCK HOLMES 16)"},"content":{"rendered":"<p>Aqu\u00ed huele a misterio&#8230; un nuevo caso para el detective m\u00e1s divertido y animal: \u00a1Perrock Holmes! Julia y Diego por fin est\u00e1n de vacaciones#, pero no por mucho tiempo.  Hay un nuevo caso para los detectives del Mystery Club, y no se trata de  una investigaci\u00f3n cualquiera: en la mansi\u00f3n de la familia Pastelito \u00a1hay un fantasma! Estos son los HECHOS: cada noche un fantasma con muy mala leche aparece en la mansi\u00f3n y no deja dormir a nadie con sus ruidos y sus sustos. Estas son las PISTAS: siempre se ha dicho que los fantasmas no existen, pero este parece que  est\u00e1 decidido a hacer que la familia se vaya de la mansi\u00f3n# \u00bfQui\u00e9n si no podr\u00eda estar detr\u00e1s de este sabotaje? AQU\u00cd HUELE A MISTERIO# \u00bfO NO?<\/p>\n","protected":false},"excerpt":{"rendered":"<p>PALMIOLA, ISAAC<\/p>\n","protected":false},"featured_media":81767,"template":"","meta":{"_acf_changed":false,"om_disable_all_campaigns":false,"rs_blank_template":"","rs_page_bg_color":"","slide_template_v7":"","inline_featured_image":false,"_monsterinsights_skip_tracking":false,"_monsterinsights_sitenote_active":false,"_monsterinsights_sitenote_note":"","_monsterinsights_sitenote_category":0},"product_brand":[],"product_cat":[132],"product_tag":[],"class_list":{"0":"post-81766","1":"product","2":"type-product","3":"status-publish","4":"has-post-thumbnail","6":"product_cat-lectures-per-preadolescents-6-12-anys","8":"first","9":"instock","10":"taxable","11":"shipping-taxable","12":"purchasable","13":"product-type-simple"},"acf":{"editorial":[{"ID":6310,"post_author":"3","post_date":"2022-07-28 17:49:26","post_date_gmt":"2022-07-28 15:49:26","post_content":"","post_title":"MONTENA","post_excerpt":"","post_status":"publish","comment_status":"closed","ping_status":"closed","post_password":"","post_name":"montena","to_ping":"","pinged":"","post_modified":"2022-07-28 17:49:26","post_modified_gmt":"2022-07-28 15:49:26","post_content_filtered":"","post_parent":0,"guid":"http:\/\/dev.claret.cat\/editorial\/montena\/","menu_order":0,"post_type":"editorial","post_mime_type":"","comment_count":"0","filter":"raw"}],"autores-libros":[{"ID":5554,"post_author":"3","post_date":"2022-07-28 17:26:28","post_date_gmt":"2022-07-28 15:26:28","post_content":"","post_title":"ISAAC PALMIOLA","post_excerpt":"","post_status":"publish","comment_status":"closed","ping_status":"closed","post_password":"","post_name":"isaac-palmiola","to_ping":"","pinged":"","post_modified":"2022-07-28 17:26:28","post_modified_gmt":"2022-07-28 15:26:28","post_content_filtered":"","post_parent":0,"guid":"http:\/\/dev.claret.cat\/autor\/isaac-palmiola\/","menu_order":0,"post_type":"autor","post_mime_type":"","comment_count":"0","filter":"raw"}],"autor":"PALMIOLA, ISAAC","codart":"841831886","libros-coleccion":"Serie Perrock Holmes","ediciones":"1","encuadernacion":"Carton\u00e9","fecha_de_publicacion":"01\/10\/2021","novedad":"1","paginas":"92","subtitulo":"","orden":"0","portada":"0","idioma":"spa"},"aioseo_notices":[],"_links":{"self":[{"href":"https:\/\/www.claret.cat\/es\/wp-json\/wp\/v2\/product\/81766","targetHints":{"allow":["GET"]}}],"collection":[{"href":"https:\/\/www.claret.cat\/es\/wp-json\/wp\/v2\/product"}],"about":[{"href":"https:\/\/www.claret.cat\/es\/wp-json\/wp\/v2\/types\/product"}],"wp:featuredmedia":[{"embeddable":true,"href":"https:\/\/www.claret.cat\/es\/wp-json\/wp\/v2\/media\/81767"}],"wp:attachment":[{"href":"https:\/\/www.claret.cat\/es\/wp-json\/wp\/v2\/media?parent=81766"}],"wp:term":[{"taxonomy":"product_brand","embeddable":true,"href":"https:\/\/www.claret.cat\/es\/wp-json\/wp\/v2\/product_brand?post=81766"},{"taxonomy":"product_cat","embeddable":true,"href":"https:\/\/www.claret.cat\/es\/wp-json\/wp\/v2\/product_cat?post=81766"},{"taxonomy":"product_tag","embeddable":true,"href":"https:\/\/www.claret.cat\/es\/wp-json\/wp\/v2\/product_tag?post=81766"}],"curies":[{"name":"wp","href":"https:\/\/api.w.org\/{rel}","templated":true}]}}