{"id":81832,"date":"2022-10-11T16:53:39","date_gmt":"2022-10-11T14:53:39","guid":{"rendered":"http:\/\/dev.claret.cat\/producte\/las-hierbas-del-camino-ne\/"},"modified":"2023-01-28T22:47:51","modified_gmt":"2023-01-28T21:47:51","slug":"las-hierbas-del-camino-ne-9788417419912","status":"publish","type":"product","link":"https:\/\/www.claret.cat\/es\/libro\/las-hierbas-del-camino-ne-9788417419912\/","title":{"rendered":"LAS HIERBAS DEL CAMINO (NE)"},"content":{"rendered":"<p>Soseki narra los encuentros y desencuentros de personajes en coflicto con una destreza reservada solo a los maestros de la prosa. Partiendo del suspense inicial causado por un misterioso \u00abhombre sin sombrero\u00bb, Soseki mezcla instantes del mon\u00f3tono presente con pigmentos de la infancia perdida para pintar el retrato del protagonista: un autorretrato pesimista, sobrio y angustiado.Considerada un\u00e1nimemente su obra m\u00e1s autobiogr\u00e1fica, narra la vida de Kenzo, un alter-ego del propio Soseki y con el que comparte hechos vitales trascendentales y caracter\u00edsticas psicol\u00f3gicas: hijo no deseado de sus padres biol\u00f3gicos, luego adoptado para ser rechazado por los padres adoptivos; esforzado profesor de Ingl\u00e9s que regresa tras una estancia en el extranjero; marido taciturno, hosco y ego\u00edsta.<\/p>\n","protected":false},"excerpt":{"rendered":"<p>NATSUME, SOSEKI<\/p>\n","protected":false},"featured_media":81833,"template":"","meta":{"_acf_changed":false,"om_disable_all_campaigns":false,"rs_blank_template":"","rs_page_bg_color":"","slide_template_v7":"","inline_featured_image":false,"_monsterinsights_skip_tracking":false,"_monsterinsights_sitenote_active":false,"_monsterinsights_sitenote_note":"","_monsterinsights_sitenote_category":0},"product_brand":[],"product_cat":[123],"product_tag":[],"class_list":{"0":"post-81832","1":"product","2":"type-product","3":"status-publish","4":"has-post-thumbnail","6":"product_cat-classica","8":"first","9":"instock","10":"taxable","11":"shipping-taxable","12":"purchasable","13":"product-type-simple"},"acf":{"autor":"NATSUME, SOSEKI","codart":"841741991","libros-coleccion":"Maestros de la literatura japonesa","ediciones":"1","encuadernacion":"R\u00fastica","fecha_de_publicacion":"01\/10\/2021","novedad":"1","paginas":"288","subtitulo":"","orden":"0","portada":"0","idioma":"spa","editorial":[{"ID":148791,"post_author":"3","post_date":"2022-10-14 12:01:01","post_date_gmt":"2022-10-14 10:01:01","post_content":"","post_title":"SATORI EDICIONES C.B.","post_excerpt":"","post_status":"publish","comment_status":"closed","ping_status":"closed","post_password":"","post_name":"satori-ediciones-c-b","to_ping":"","pinged":"","post_modified":"2022-10-14 12:01:01","post_modified_gmt":"2022-10-14 10:01:01","post_content_filtered":"","post_parent":0,"guid":"http:\/\/dev.claret.cat\/editorial\/satori-ediciones-c-b\/","menu_order":0,"post_type":"editorial","post_mime_type":"","comment_count":"0","filter":"raw"}],"autores-libros":[{"ID":169725,"post_author":"3","post_date":"2022-10-14 22:29:31","post_date_gmt":"2022-10-14 20:29:31","post_content":"","post_title":"SOSEKI NATSUME","post_excerpt":"","post_status":"publish","comment_status":"closed","ping_status":"closed","post_password":"","post_name":"soseki-natsume","to_ping":"","pinged":"","post_modified":"2022-10-14 22:29:31","post_modified_gmt":"2022-10-14 20:29:31","post_content_filtered":"","post_parent":0,"guid":"http:\/\/dev.claret.cat\/autor\/soseki-natsume\/","menu_order":0,"post_type":"autor","post_mime_type":"","comment_count":"0","filter":"raw"}]},"aioseo_notices":[],"_links":{"self":[{"href":"https:\/\/www.claret.cat\/es\/wp-json\/wp\/v2\/product\/81832","targetHints":{"allow":["GET"]}}],"collection":[{"href":"https:\/\/www.claret.cat\/es\/wp-json\/wp\/v2\/product"}],"about":[{"href":"https:\/\/www.claret.cat\/es\/wp-json\/wp\/v2\/types\/product"}],"wp:featuredmedia":[{"embeddable":true,"href":"https:\/\/www.claret.cat\/es\/wp-json\/wp\/v2\/media\/81833"}],"wp:attachment":[{"href":"https:\/\/www.claret.cat\/es\/wp-json\/wp\/v2\/media?parent=81832"}],"wp:term":[{"taxonomy":"product_brand","embeddable":true,"href":"https:\/\/www.claret.cat\/es\/wp-json\/wp\/v2\/product_brand?post=81832"},{"taxonomy":"product_cat","embeddable":true,"href":"https:\/\/www.claret.cat\/es\/wp-json\/wp\/v2\/product_cat?post=81832"},{"taxonomy":"product_tag","embeddable":true,"href":"https:\/\/www.claret.cat\/es\/wp-json\/wp\/v2\/product_tag?post=81832"}],"curies":[{"name":"wp","href":"https:\/\/api.w.org\/{rel}","templated":true}]}}