{"id":81934,"date":"2022-10-11T16:54:55","date_gmt":"2022-10-11T14:54:55","guid":{"rendered":"http:\/\/dev.claret.cat\/producte\/heidi\/"},"modified":"2023-01-28T01:50:20","modified_gmt":"2023-01-28T00:50:20","slug":"heidi-9788417430108","status":"publish","type":"product","link":"https:\/\/www.claret.cat\/es\/libro\/heidi-9788417430108\/","title":{"rendered":"HEIDI"},"content":{"rendered":"<p>Heidi es la obra capital de Johanna Spyri, una de las autoras suizas m\u00e1s queridas para varias generaciones de lectores. La novela narra las aventuras de una ni\u00f1a hu\u00e9rfana en los Alpes, donde vive con su hura\u00f1o abuelo, y en Fr\u00e1ncfort, donde pone patas arriba la ordenada existencia de la familia Sesemann.<\/p>\n","protected":false},"excerpt":{"rendered":"<p>SPYRI, JOHANNA<\/p>\n","protected":false},"featured_media":81935,"template":"","meta":{"_acf_changed":false,"om_disable_all_campaigns":false,"rs_blank_template":"","rs_page_bg_color":"","slide_template_v7":"","inline_featured_image":false,"_monsterinsights_skip_tracking":false,"_monsterinsights_sitenote_active":false,"_monsterinsights_sitenote_note":"","_monsterinsights_sitenote_category":0},"product_brand":[],"product_cat":[123],"product_tag":[],"class_list":{"0":"post-81934","1":"product","2":"type-product","3":"status-publish","4":"has-post-thumbnail","6":"product_cat-classica","8":"first","9":"instock","10":"taxable","11":"shipping-taxable","12":"purchasable","13":"product-type-simple"},"acf":{"autor":"SPYRI, JOHANNA","codart":"841743010","libros-coleccion":"CL\u00c1SICOS ILUSTRADOS","ediciones":"1","encuadernacion":"Carton\u00e9","fecha_de_publicacion":"01\/09\/2021","novedad":"1","paginas":"171","subtitulo":"","orden":"0","portada":"0","idioma":"spa","editorial":[{"ID":147917,"post_author":"3","post_date":"2022-10-14 11:54:14","post_date_gmt":"2022-10-14 09:54:14","post_content":"","post_title":"EDITORIAL ALMA","post_excerpt":"","post_status":"publish","comment_status":"closed","ping_status":"closed","post_password":"","post_name":"editorial-alma","to_ping":"","pinged":"","post_modified":"2022-10-14 11:54:14","post_modified_gmt":"2022-10-14 09:54:14","post_content_filtered":"","post_parent":0,"guid":"http:\/\/dev.claret.cat\/editorial\/editorial-alma\/","menu_order":0,"post_type":"editorial","post_mime_type":"","comment_count":"0","filter":"raw"}],"autores-libros":[{"ID":159597,"post_author":"3","post_date":"2022-10-14 15:46:09","post_date_gmt":"2022-10-14 13:46:09","post_content":"","post_title":"JOHANNA SPYRI","post_excerpt":"","post_status":"publish","comment_status":"closed","ping_status":"closed","post_password":"","post_name":"johanna-spyri","to_ping":"","pinged":"","post_modified":"2022-10-14 15:46:09","post_modified_gmt":"2022-10-14 13:46:09","post_content_filtered":"","post_parent":0,"guid":"http:\/\/dev.claret.cat\/autor\/johanna-spyri\/","menu_order":0,"post_type":"autor","post_mime_type":"","comment_count":"0","filter":"raw"}]},"aioseo_notices":[],"_links":{"self":[{"href":"https:\/\/www.claret.cat\/es\/wp-json\/wp\/v2\/product\/81934","targetHints":{"allow":["GET"]}}],"collection":[{"href":"https:\/\/www.claret.cat\/es\/wp-json\/wp\/v2\/product"}],"about":[{"href":"https:\/\/www.claret.cat\/es\/wp-json\/wp\/v2\/types\/product"}],"wp:featuredmedia":[{"embeddable":true,"href":"https:\/\/www.claret.cat\/es\/wp-json\/wp\/v2\/media\/81935"}],"wp:attachment":[{"href":"https:\/\/www.claret.cat\/es\/wp-json\/wp\/v2\/media?parent=81934"}],"wp:term":[{"taxonomy":"product_brand","embeddable":true,"href":"https:\/\/www.claret.cat\/es\/wp-json\/wp\/v2\/product_brand?post=81934"},{"taxonomy":"product_cat","embeddable":true,"href":"https:\/\/www.claret.cat\/es\/wp-json\/wp\/v2\/product_cat?post=81934"},{"taxonomy":"product_tag","embeddable":true,"href":"https:\/\/www.claret.cat\/es\/wp-json\/wp\/v2\/product_tag?post=81934"}],"curies":[{"name":"wp","href":"https:\/\/api.w.org\/{rel}","templated":true}]}}