{"id":81937,"date":"2022-10-11T16:54:57","date_gmt":"2022-10-11T14:54:57","guid":{"rendered":"http:\/\/dev.claret.cat\/producte\/germanet\/"},"modified":"2023-12-20T13:40:49","modified_gmt":"2023-12-20T12:40:49","slug":"germanet-9788418733437","status":"publish","type":"product","link":"https:\/\/www.claret.cat\/es\/libro\/germanet-9788418733437\/","title":{"rendered":"GERMANET"},"content":{"rendered":"<p>Aquesta hist\u00f2ria comen\u00e7a aix\u00ed: \u00abSoc a Europa, per\u00f2 jo no volia venir a Europa\u00bb. Ibrahima Balde va n\u00e9ixer a Guinea, per\u00f2 va haver de marxar de casa seva per anar a buscar el seu germ\u00e0 petit. El seu germanet. Ell no anava perseguint cap somni. Ho va deixar tot enrere per trobar la persona que m\u00e9s estimava.<br \/> Una mirada ing\u00e8nua, castigada, arravatadament po\u00e8tica i, en definitiva, \u00fanica. La de qui ho ha patit tot i, aix\u00f2 no obstant, t\u00e9 el poder de convertir-ho en alguna cosa \u00fatil. En alguna cosa bella.<\/p>\n<p> \u00abUn relat de superviv\u00e8ncia i d&#8217;amor narrat amb la for\u00e7a magn\u00e8tica de l&#8217;oralitat.\u00bb<br \/> MARTA ORRIOLS \u00abEl m\u00f3n podria ser millor si tots lleg\u00edssim la hist\u00f2ria de l&#8217;Ibrahima.\u00bb<br \/> JORDI EVOLE<br \/> \u00abAquesta \u00e9s una gran hist\u00f2ria perqu\u00e8 parla d&#8217;una trag\u00e8dia que vivim cada dia. Per qu\u00e8 els governs miren sempre a una altra banda?\u00bb<br \/> MARIA DEL MAR BONET<\/p>\n","protected":false},"excerpt":{"rendered":"<p>BALDE, IBRAHIMA \/ ARZALLUS ANTIA, AMETS<\/p>\n","protected":false},"featured_media":81938,"template":"","meta":{"_acf_changed":false,"om_disable_all_campaigns":false,"rs_blank_template":"","rs_page_bg_color":"","slide_template_v7":"","inline_featured_image":false,"_monsterinsights_skip_tracking":false,"_monsterinsights_sitenote_active":false,"_monsterinsights_sitenote_note":"","_monsterinsights_sitenote_category":0},"product_brand":[],"product_cat":[549,99],"product_tag":[],"class_list":{"0":"post-81937","1":"product","2":"type-product","3":"status-publish","4":"has-post-thumbnail","6":"product_cat-biografias","7":"product_cat-biografies","9":"first","10":"instock","11":"taxable","12":"shipping-taxable","13":"purchasable","14":"product-type-simple"},"acf":{"editorial":[{"ID":6146,"post_author":"3","post_date":"2022-07-28 17:45:52","post_date_gmt":"2022-07-28 15:45:52","post_content":"","post_title":"Blackie Books","post_excerpt":"","post_status":"publish","comment_status":"closed","ping_status":"closed","post_password":"","post_name":"blackie-books","to_ping":"","pinged":"","post_modified":"2022-07-28 17:45:52","post_modified_gmt":"2022-07-28 15:45:52","post_content_filtered":"","post_parent":0,"guid":"http:\/\/dev.claret.cat\/editorial\/blackie-books\/","menu_order":0,"post_type":"editorial","post_mime_type":"","comment_count":"0","filter":"raw"}],"autor":"BALDE, IBRAHIMA \/ ARZALLUS ANTIA, AMETS","codart":"841873343","libros-coleccion":"","ediciones":"1","encuadernacion":"Carton\u00e9","fecha_de_publicacion":"01\/10\/2021","novedad":"1","paginas":"138","subtitulo":"MINYAN","orden":"0","portada":"0","idioma":"cat","autores-libros":[{"ID":157728,"post_author":"3","post_date":"2022-10-14 15:31:09","post_date_gmt":"2022-10-14 13:31:09","post_content":"","post_title":"IBRAHIMA BALDE","post_excerpt":"","post_status":"publish","comment_status":"closed","ping_status":"closed","post_password":"","post_name":"ibrahima-balde","to_ping":"","pinged":"","post_modified":"2022-10-14 15:31:09","post_modified_gmt":"2022-10-14 13:31:09","post_content_filtered":"","post_parent":0,"guid":"http:\/\/dev.claret.cat\/autor\/ibrahima-balde\/","menu_order":0,"post_type":"autor","post_mime_type":"","comment_count":"0","filter":"raw"},{"ID":150006,"post_author":"3","post_date":"2022-10-14 14:29:28","post_date_gmt":"2022-10-14 12:29:28","post_content":"","post_title":"AMETS ARZALLUS ANTIA","post_excerpt":"","post_status":"publish","comment_status":"closed","ping_status":"closed","post_password":"","post_name":"amets-arzallus-antia","to_ping":"","pinged":"","post_modified":"2022-10-14 14:29:28","post_modified_gmt":"2022-10-14 12:29:28","post_content_filtered":"","post_parent":0,"guid":"http:\/\/dev.claret.cat\/autor\/amets-arzallus-antia\/","menu_order":0,"post_type":"autor","post_mime_type":"","comment_count":"0","filter":"raw"}]},"aioseo_notices":[],"_links":{"self":[{"href":"https:\/\/www.claret.cat\/es\/wp-json\/wp\/v2\/product\/81937","targetHints":{"allow":["GET"]}}],"collection":[{"href":"https:\/\/www.claret.cat\/es\/wp-json\/wp\/v2\/product"}],"about":[{"href":"https:\/\/www.claret.cat\/es\/wp-json\/wp\/v2\/types\/product"}],"wp:featuredmedia":[{"embeddable":true,"href":"https:\/\/www.claret.cat\/es\/wp-json\/wp\/v2\/media\/81938"}],"wp:attachment":[{"href":"https:\/\/www.claret.cat\/es\/wp-json\/wp\/v2\/media?parent=81937"}],"wp:term":[{"taxonomy":"product_brand","embeddable":true,"href":"https:\/\/www.claret.cat\/es\/wp-json\/wp\/v2\/product_brand?post=81937"},{"taxonomy":"product_cat","embeddable":true,"href":"https:\/\/www.claret.cat\/es\/wp-json\/wp\/v2\/product_cat?post=81937"},{"taxonomy":"product_tag","embeddable":true,"href":"https:\/\/www.claret.cat\/es\/wp-json\/wp\/v2\/product_tag?post=81937"}],"curies":[{"name":"wp","href":"https:\/\/api.w.org\/{rel}","templated":true}]}}