{"id":82177,"date":"2022-10-11T16:57:52","date_gmt":"2022-10-11T14:57:52","guid":{"rendered":"http:\/\/dev.claret.cat\/producte\/casacas-azules-1971-1973\/"},"modified":"2023-01-28T10:46:03","modified_gmt":"2023-01-28T09:46:03","slug":"casacas-azules-19711973-9788418510427","status":"publish","type":"product","link":"https:\/\/www.claret.cat\/es\/libro\/casacas-azules-19711973-9788418510427\/","title":{"rendered":"CASACAS AZULES 1971-1973"},"content":{"rendered":"<p>Con este volumen completamos el periodo de Casacas Azules ilustrado por Louis Salv\u00e9rius.<\/p>\n<p> Tanto en las tres aventuras largas del sargento Chesterfield y compa\u00f1\u00eda que contiene \u2014Reclutas y veteranos, H\u00e9roes a la fuerza y Sin Ley\u2014 como en las m\u00e1s cortas, seguiremos presenciando la consolidaci\u00f3n de esta serie a trav\u00e9s de la s\u00f3lida alianza entre el dibujante y su guionista Raoul Cauvin; un afianzamiento que ni siquiera la desaparici\u00f3n del primero logr\u00f3 truncar, merced a su afortunada sustituci\u00f3n por Willy Lambil.<\/p>\n<p> Los extras nos revelar\u00e1n m\u00e1s sobre el talento de Salv\u00e9rius, con numerosos documentos gr\u00e1ficos in\u00e9ditos y varias curiosidades en torno a este autor, incluyendo su propia versi\u00f3n de Lucky Luke.<\/p>\n","protected":false},"excerpt":{"rendered":"<p>CAUVIN, RAOUL<\/p>\n","protected":false},"featured_media":82178,"template":"","meta":{"_acf_changed":false,"om_disable_all_campaigns":false,"rs_blank_template":"","rs_page_bg_color":"","slide_template_v7":"","inline_featured_image":false,"_monsterinsights_skip_tracking":false,"_monsterinsights_sitenote_active":false,"_monsterinsights_sitenote_note":"","_monsterinsights_sitenote_category":0},"product_brand":[],"product_cat":[108],"product_tag":[],"class_list":{"0":"post-82177","1":"product","2":"type-product","3":"status-publish","4":"has-post-thumbnail","6":"product_cat-comic","8":"first","9":"instock","10":"taxable","11":"shipping-taxable","12":"purchasable","13":"product-type-simple"},"acf":{"autor":"CAUVIN, RAOUL","codart":"841851042","libros-coleccion":"FORA DE COL.LECCI\u00d3","ediciones":"1","encuadernacion":"Carton\u00e9","fecha_de_publicacion":"01\/01\/2021","novedad":"1","paginas":"166","subtitulo":"","orden":"0","portada":"0","idioma":"spa","editorial":[{"ID":148115,"post_author":"3","post_date":"2022-10-14 11:55:45","post_date_gmt":"2022-10-14 09:55:45","post_content":"","post_title":"ESPIRAL","post_excerpt":"","post_status":"publish","comment_status":"closed","ping_status":"closed","post_password":"","post_name":"espiral","to_ping":"","pinged":"","post_modified":"2022-10-14 11:55:45","post_modified_gmt":"2022-10-14 09:55:45","post_content_filtered":"","post_parent":0,"guid":"http:\/\/dev.claret.cat\/editorial\/espiral\/","menu_order":0,"post_type":"editorial","post_mime_type":"","comment_count":"0","filter":"raw"}],"autores-libros":[{"ID":167783,"post_author":"3","post_date":"2022-10-14 18:13:58","post_date_gmt":"2022-10-14 16:13:58","post_content":"","post_title":"RAOUL CAUVIN","post_excerpt":"","post_status":"publish","comment_status":"closed","ping_status":"closed","post_password":"","post_name":"raoul-cauvin","to_ping":"","pinged":"","post_modified":"2022-10-14 18:13:58","post_modified_gmt":"2022-10-14 16:13:58","post_content_filtered":"","post_parent":0,"guid":"http:\/\/dev.claret.cat\/autor\/raoul-cauvin\/","menu_order":0,"post_type":"autor","post_mime_type":"","comment_count":"0","filter":"raw"}]},"aioseo_notices":[],"_links":{"self":[{"href":"https:\/\/www.claret.cat\/es\/wp-json\/wp\/v2\/product\/82177","targetHints":{"allow":["GET"]}}],"collection":[{"href":"https:\/\/www.claret.cat\/es\/wp-json\/wp\/v2\/product"}],"about":[{"href":"https:\/\/www.claret.cat\/es\/wp-json\/wp\/v2\/types\/product"}],"wp:featuredmedia":[{"embeddable":true,"href":"https:\/\/www.claret.cat\/es\/wp-json\/wp\/v2\/media\/82178"}],"wp:attachment":[{"href":"https:\/\/www.claret.cat\/es\/wp-json\/wp\/v2\/media?parent=82177"}],"wp:term":[{"taxonomy":"product_brand","embeddable":true,"href":"https:\/\/www.claret.cat\/es\/wp-json\/wp\/v2\/product_brand?post=82177"},{"taxonomy":"product_cat","embeddable":true,"href":"https:\/\/www.claret.cat\/es\/wp-json\/wp\/v2\/product_cat?post=82177"},{"taxonomy":"product_tag","embeddable":true,"href":"https:\/\/www.claret.cat\/es\/wp-json\/wp\/v2\/product_tag?post=82177"}],"curies":[{"name":"wp","href":"https:\/\/api.w.org\/{rel}","templated":true}]}}