{"id":82183,"date":"2022-10-11T16:57:57","date_gmt":"2022-10-11T14:57:57","guid":{"rendered":"http:\/\/dev.claret.cat\/producte\/casacas-azules-1990-1992\/"},"modified":"2023-01-28T04:10:38","modified_gmt":"2023-01-28T03:10:38","slug":"casacas-azules-19901992-9788417389581","status":"publish","type":"product","link":"https:\/\/www.claret.cat\/es\/libro\/casacas-azules-19901992-9788417389581\/","title":{"rendered":"CASACAS AZULES 1990-1992"},"content":{"rendered":"<p>Siempre al pie del ca\u00f1\u00f3n, los Casacas Azules -y con ellos, sus geniales autores Lambil y Cauvin- nos presentan para nuestro placer un nuevo tr\u00edo de aventuras in\u00e9ditas! En Drummer Boy, un jovenc\u00edsimo recluta alistado en el ej\u00e9rcito nordista llamado Pucky jugar\u00e1 un inesperado papel en el campo de batalla. Un sosias de Blutch ser\u00e1 el punto de partida de una agitada revuelta en un manicomio en Los azules se hacen los locos. Y en Grumbler e hijos, un encuentro de Blutch y el sargento Chesterfield con una comunidad de mormones estar\u00e1 a punto de cambiar para siempre la vida del segundo. Los extras incluyen un completo art\u00edculo sobre la presencia de los menores de edad en la Guerra de Secesi\u00f3n.<\/p>\n","protected":false},"excerpt":{"rendered":"<p>LAMBIL, WILLY \/ CAUVIN, RAOUL<\/p>\n","protected":false},"featured_media":82184,"template":"","meta":{"_acf_changed":false,"om_disable_all_campaigns":false,"rs_blank_template":"","rs_page_bg_color":"","slide_template_v7":"","inline_featured_image":false,"_monsterinsights_skip_tracking":false,"_monsterinsights_sitenote_active":false,"_monsterinsights_sitenote_note":"","_monsterinsights_sitenote_category":0},"product_brand":[],"product_cat":[108],"product_tag":[],"class_list":{"0":"post-82183","1":"product","2":"type-product","3":"status-publish","4":"has-post-thumbnail","6":"product_cat-comic","8":"first","9":"instock","10":"taxable","11":"shipping-taxable","12":"purchasable","13":"product-type-simple"},"acf":{"autor":"LAMBIL, WILLY \/ CAUVIN, RAOUL","codart":"841738958","libros-coleccion":"FORA DE COL.LECCI\u00d3","ediciones":"1","encuadernacion":"Carpeta","fecha_de_publicacion":"01\/11\/2018","novedad":"1","paginas":"152","subtitulo":"","orden":"0","portada":"0","idioma":"spa","editorial":[{"ID":148670,"post_author":"3","post_date":"2022-10-14 12:00:04","post_date_gmt":"2022-10-14 10:00:04","post_content":"","post_title":"PLAN B","post_excerpt":"","post_status":"publish","comment_status":"closed","ping_status":"closed","post_password":"","post_name":"plan-b","to_ping":"","pinged":"","post_modified":"2022-10-14 12:00:04","post_modified_gmt":"2022-10-14 10:00:04","post_content_filtered":"","post_parent":0,"guid":"http:\/\/dev.claret.cat\/editorial\/plan-b\/","menu_order":0,"post_type":"editorial","post_mime_type":"","comment_count":"0","filter":"raw"}],"autores-libros":[{"ID":167783,"post_author":"3","post_date":"2022-10-14 18:13:58","post_date_gmt":"2022-10-14 16:13:58","post_content":"","post_title":"RAOUL CAUVIN","post_excerpt":"","post_status":"publish","comment_status":"closed","ping_status":"closed","post_password":"","post_name":"raoul-cauvin","to_ping":"","pinged":"","post_modified":"2022-10-14 18:13:58","post_modified_gmt":"2022-10-14 16:13:58","post_content_filtered":"","post_parent":0,"guid":"http:\/\/dev.claret.cat\/autor\/raoul-cauvin\/","menu_order":0,"post_type":"autor","post_mime_type":"","comment_count":"0","filter":"raw"},{"ID":171347,"post_author":"3","post_date":"2022-10-14 22:42:40","post_date_gmt":"2022-10-14 20:42:40","post_content":"","post_title":"WILLY LAMBIL","post_excerpt":"","post_status":"publish","comment_status":"closed","ping_status":"closed","post_password":"","post_name":"willy-lambil","to_ping":"","pinged":"","post_modified":"2022-10-14 22:42:40","post_modified_gmt":"2022-10-14 20:42:40","post_content_filtered":"","post_parent":0,"guid":"http:\/\/dev.claret.cat\/autor\/willy-lambil\/","menu_order":0,"post_type":"autor","post_mime_type":"","comment_count":"0","filter":"raw"}]},"aioseo_notices":[],"_links":{"self":[{"href":"https:\/\/www.claret.cat\/es\/wp-json\/wp\/v2\/product\/82183","targetHints":{"allow":["GET"]}}],"collection":[{"href":"https:\/\/www.claret.cat\/es\/wp-json\/wp\/v2\/product"}],"about":[{"href":"https:\/\/www.claret.cat\/es\/wp-json\/wp\/v2\/types\/product"}],"wp:featuredmedia":[{"embeddable":true,"href":"https:\/\/www.claret.cat\/es\/wp-json\/wp\/v2\/media\/82184"}],"wp:attachment":[{"href":"https:\/\/www.claret.cat\/es\/wp-json\/wp\/v2\/media?parent=82183"}],"wp:term":[{"taxonomy":"product_brand","embeddable":true,"href":"https:\/\/www.claret.cat\/es\/wp-json\/wp\/v2\/product_brand?post=82183"},{"taxonomy":"product_cat","embeddable":true,"href":"https:\/\/www.claret.cat\/es\/wp-json\/wp\/v2\/product_cat?post=82183"},{"taxonomy":"product_tag","embeddable":true,"href":"https:\/\/www.claret.cat\/es\/wp-json\/wp\/v2\/product_tag?post=82183"}],"curies":[{"name":"wp","href":"https:\/\/api.w.org\/{rel}","templated":true}]}}