{"id":82186,"date":"2022-10-11T16:57:59","date_gmt":"2022-10-11T14:57:59","guid":{"rendered":"http:\/\/dev.claret.cat\/producte\/casacas-azules-1992-1994\/"},"modified":"2023-01-28T01:42:59","modified_gmt":"2023-01-28T00:42:59","slug":"casacas-azules-19921994-9788417389802","status":"publish","type":"product","link":"https:\/\/www.claret.cat\/es\/libro\/casacas-azules-19921994-9788417389802\/","title":{"rendered":"CASACAS AZULES 1992-1994"},"content":{"rendered":"<p>\u00a1De los archivos secretos del 22\u00ba de Caballer\u00eda llegan tres nuevas peripecias de los Casacas Azules! <\/p>\n<p> En Los verdes a\u00f1os conoceremos el intrigante pasado de Blutch antes de su ingreso en el ej\u00e9rcito; en Capit\u00e1n Nepel, nuestros autores Cauvin y Lambil abordar\u00e1n el tema de la xenofobia; y en La banda de Quantrill, Blutch y Cornelius Chesterfield se enfrentar\u00e1n a un temible forajido que existi\u00f3 en la realidad. Como siempre, nuestras p\u00e1ginas de extras contienen apasionantes dosieres que sirven de oportuno complemento a estas aventuras.<\/p>\n","protected":false},"excerpt":{"rendered":"<p>CAUVIN, RAOUL \/ LAMBIL, WILLY<\/p>\n","protected":false},"featured_media":82187,"template":"","meta":{"_acf_changed":false,"om_disable_all_campaigns":false,"rs_blank_template":"","rs_page_bg_color":"","slide_template_v7":"","inline_featured_image":false,"_monsterinsights_skip_tracking":false,"_monsterinsights_sitenote_active":false,"_monsterinsights_sitenote_note":"","_monsterinsights_sitenote_category":0},"product_brand":[],"product_cat":[108],"product_tag":[],"class_list":{"0":"post-82186","1":"product","2":"type-product","3":"status-publish","4":"has-post-thumbnail","6":"product_cat-comic","8":"first","9":"instock","10":"taxable","11":"shipping-taxable","12":"purchasable","13":"product-type-simple"},"acf":{"autor":"CAUVIN, RAOUL \/ LAMBIL, WILLY","codart":"841738980","libros-coleccion":"FORA DE COL.LECCI\u00d3","ediciones":"1","encuadernacion":"Carton\u00e9","fecha_de_publicacion":"01\/02\/2019","novedad":"1","paginas":"152","subtitulo":"","orden":"0","portada":"0","idioma":"spa","editorial":[{"ID":148670,"post_author":"3","post_date":"2022-10-14 12:00:04","post_date_gmt":"2022-10-14 10:00:04","post_content":"","post_title":"PLAN B","post_excerpt":"","post_status":"publish","comment_status":"closed","ping_status":"closed","post_password":"","post_name":"plan-b","to_ping":"","pinged":"","post_modified":"2022-10-14 12:00:04","post_modified_gmt":"2022-10-14 10:00:04","post_content_filtered":"","post_parent":0,"guid":"http:\/\/dev.claret.cat\/editorial\/plan-b\/","menu_order":0,"post_type":"editorial","post_mime_type":"","comment_count":"0","filter":"raw"}],"autores-libros":[{"ID":167783,"post_author":"3","post_date":"2022-10-14 18:13:58","post_date_gmt":"2022-10-14 16:13:58","post_content":"","post_title":"RAOUL CAUVIN","post_excerpt":"","post_status":"publish","comment_status":"closed","ping_status":"closed","post_password":"","post_name":"raoul-cauvin","to_ping":"","pinged":"","post_modified":"2022-10-14 18:13:58","post_modified_gmt":"2022-10-14 16:13:58","post_content_filtered":"","post_parent":0,"guid":"http:\/\/dev.claret.cat\/autor\/raoul-cauvin\/","menu_order":0,"post_type":"autor","post_mime_type":"","comment_count":"0","filter":"raw"},{"ID":171347,"post_author":"3","post_date":"2022-10-14 22:42:40","post_date_gmt":"2022-10-14 20:42:40","post_content":"","post_title":"WILLY LAMBIL","post_excerpt":"","post_status":"publish","comment_status":"closed","ping_status":"closed","post_password":"","post_name":"willy-lambil","to_ping":"","pinged":"","post_modified":"2022-10-14 22:42:40","post_modified_gmt":"2022-10-14 20:42:40","post_content_filtered":"","post_parent":0,"guid":"http:\/\/dev.claret.cat\/autor\/willy-lambil\/","menu_order":0,"post_type":"autor","post_mime_type":"","comment_count":"0","filter":"raw"}]},"aioseo_notices":[],"_links":{"self":[{"href":"https:\/\/www.claret.cat\/es\/wp-json\/wp\/v2\/product\/82186","targetHints":{"allow":["GET"]}}],"collection":[{"href":"https:\/\/www.claret.cat\/es\/wp-json\/wp\/v2\/product"}],"about":[{"href":"https:\/\/www.claret.cat\/es\/wp-json\/wp\/v2\/types\/product"}],"wp:featuredmedia":[{"embeddable":true,"href":"https:\/\/www.claret.cat\/es\/wp-json\/wp\/v2\/media\/82187"}],"wp:attachment":[{"href":"https:\/\/www.claret.cat\/es\/wp-json\/wp\/v2\/media?parent=82186"}],"wp:term":[{"taxonomy":"product_brand","embeddable":true,"href":"https:\/\/www.claret.cat\/es\/wp-json\/wp\/v2\/product_brand?post=82186"},{"taxonomy":"product_cat","embeddable":true,"href":"https:\/\/www.claret.cat\/es\/wp-json\/wp\/v2\/product_cat?post=82186"},{"taxonomy":"product_tag","embeddable":true,"href":"https:\/\/www.claret.cat\/es\/wp-json\/wp\/v2\/product_tag?post=82186"}],"curies":[{"name":"wp","href":"https:\/\/api.w.org\/{rel}","templated":true}]}}