{"id":82241,"date":"2022-10-11T16:58:43","date_gmt":"2022-10-11T14:58:43","guid":{"rendered":"http:\/\/dev.claret.cat\/producte\/quien-es-maud-dixon-adn\/"},"modified":"2023-01-28T05:53:47","modified_gmt":"2023-01-28T04:53:47","slug":"quien-es-maud-dixon-adn-9788413624785","status":"publish","type":"product","link":"https:\/\/www.claret.cat\/es\/libro\/quien-es-maud-dixon-adn-9788413624785\/","title":{"rendered":"\u00bfQUI\u00c9N ES MAUD DIXON? (ADN)"},"content":{"rendered":"<p>\u00bfHASTA D\u00d3NDE SER\u00cdAS CAPAZ DE LLEGAR PARA TENER LA VIDA QUE SIEMPRE DESEASTE?Florence Darrow es una empleada de una editorial que cree estar destinada a ser una c\u00e9lebre escritora. Cuando le llueve un puesto como ayudante de la brillante y enigm\u00e1tica novelista Maud Dixon, cuya verdadera identidad es secreta, parece<br \/> que los hados por fin le sonr\u00eden.El arreglo es perfecto. Maud Dixon, en realidad Helen Wilcox, puede ser quisquillosa, pero<br \/> rebosa una mordaz sabidur\u00eda, no solo literaria, sino tambi\u00e9n existencial. Florence cae de inmediato bajo su hechizo y la acompa\u00f1a entusiasmada a Marruecos, donde tiene lugar la nueva novela de la autora. Perdida en las<br \/> pintorescas calles de Marrakech y en las ventosas playas cercanas, su vida es al fin lo bastante interesante como para inspirarle una obra propia. Pero, cuando Florence despierta en un hospital despu\u00e9s de un terrible accidente de tr\u00e1fico, sin recuerdo alguno de la noche anterior ni rastro de Helen, se ve tentada de tomar un atajo. En vez de vivir a la sombra de la autora, \u00bfpor qu\u00e9 no adoptar su vida&#8230; y su popular pseud\u00f3nimo literario?\u00bfQui\u00e9n<br \/> es Maud Dixon?, tenso, retorcido y entretenid\u00edsimo, es un refinado thriller psicol\u00f3gico sobre las maldades de que uno es capaz por llevar la vida que siempre quiso.<\/p>\n","protected":false},"excerpt":{"rendered":"<p>ANDREWS, ALEXANDRA<\/p>\n","protected":false},"featured_media":82242,"template":"","meta":{"_acf_changed":false,"om_disable_all_campaigns":false,"rs_blank_template":"","rs_page_bg_color":"","slide_template_v7":"","inline_featured_image":false,"_monsterinsights_skip_tracking":false,"_monsterinsights_sitenote_active":false,"_monsterinsights_sitenote_note":"","_monsterinsights_sitenote_category":0},"product_brand":[],"product_cat":[127],"product_tag":[],"class_list":{"0":"post-82241","1":"product","2":"type-product","3":"status-publish","4":"has-post-thumbnail","6":"product_cat-novella-contemporania","8":"first","9":"instock","10":"taxable","11":"shipping-taxable","12":"purchasable","13":"product-type-simple"},"acf":{"editorial":[{"ID":6119,"post_author":"3","post_date":"2022-07-28 17:45:18","post_date_gmt":"2022-07-28 15:45:18","post_content":"","post_title":"Alianza Editorial","post_excerpt":"","post_status":"publish","comment_status":"closed","ping_status":"closed","post_password":"","post_name":"alianza-editorial","to_ping":"","pinged":"","post_modified":"2022-07-28 17:45:18","post_modified_gmt":"2022-07-28 15:45:18","post_content_filtered":"","post_parent":0,"guid":"http:\/\/dev.claret.cat\/editorial\/alianza-editorial\/","menu_order":0,"post_type":"editorial","post_mime_type":"","comment_count":"0","filter":"raw"}],"autores-libros":[{"ID":149698,"post_author":"3","post_date":"2022-10-14 14:26:59","post_date_gmt":"2022-10-14 12:26:59","post_content":"","post_title":"ALEXANDRA ANDREWS","post_excerpt":"","post_status":"publish","comment_status":"closed","ping_status":"closed","post_password":"","post_name":"alexandra-andrews","to_ping":"","pinged":"","post_modified":"2022-10-14 14:26:59","post_modified_gmt":"2022-10-14 12:26:59","post_content_filtered":"","post_parent":0,"guid":"http:\/\/dev.claret.cat\/autor\/alexandra-andrews\/","menu_order":0,"post_type":"autor","post_mime_type":"","comment_count":"0","filter":"raw"}],"autor":"ANDREWS, ALEXANDRA","codart":"841362478","libros-coleccion":"FORA DE COL.LECCI\u00d3","ediciones":"1","encuadernacion":"R\u00fastica","fecha_de_publicacion":"01\/09\/2021","novedad":"1","paginas":"333","subtitulo":"","orden":"0","portada":"0","idioma":"spa"},"aioseo_notices":[],"_links":{"self":[{"href":"https:\/\/www.claret.cat\/es\/wp-json\/wp\/v2\/product\/82241","targetHints":{"allow":["GET"]}}],"collection":[{"href":"https:\/\/www.claret.cat\/es\/wp-json\/wp\/v2\/product"}],"about":[{"href":"https:\/\/www.claret.cat\/es\/wp-json\/wp\/v2\/types\/product"}],"wp:featuredmedia":[{"embeddable":true,"href":"https:\/\/www.claret.cat\/es\/wp-json\/wp\/v2\/media\/82242"}],"wp:attachment":[{"href":"https:\/\/www.claret.cat\/es\/wp-json\/wp\/v2\/media?parent=82241"}],"wp:term":[{"taxonomy":"product_brand","embeddable":true,"href":"https:\/\/www.claret.cat\/es\/wp-json\/wp\/v2\/product_brand?post=82241"},{"taxonomy":"product_cat","embeddable":true,"href":"https:\/\/www.claret.cat\/es\/wp-json\/wp\/v2\/product_cat?post=82241"},{"taxonomy":"product_tag","embeddable":true,"href":"https:\/\/www.claret.cat\/es\/wp-json\/wp\/v2\/product_tag?post=82241"}],"curies":[{"name":"wp","href":"https:\/\/api.w.org\/{rel}","templated":true}]}}