{"id":82343,"date":"2022-10-11T17:00:02","date_gmt":"2022-10-11T15:00:02","guid":{"rendered":"http:\/\/dev.claret.cat\/producte\/que-es-la-antropologia\/"},"modified":"2023-01-28T08:49:07","modified_gmt":"2023-01-28T07:49:07","slug":"que-es-la-antropologia-9788412241433","status":"publish","type":"product","link":"https:\/\/www.claret.cat\/es\/libro\/que-es-la-antropologia-9788412241433\/","title":{"rendered":"\u00bfQU\u00c9 ES LA ANTROPOLOG\u00cdA?"},"content":{"rendered":"<p>La ciencia del ser humano se vertebra seg\u00fan los aportes de las ciencias naturales y las ciencias sociales, que proporcionan respectivamente datos objetivos para la antropolog\u00eda f\u00edsica y la cultural, pero son insuficientes para que el ser humano se comprenda a s\u00ed mismo. \u00bfQu\u00e9 es la antropolog\u00eda? trata de descubrir al lector cu\u00e1l es el sentido o el sin sentido del ser humano. A pesar de la fortaleza que ha demostrado a lo largo de la historia, es d\u00e9bil y, por su complejidad, es f\u00e1cil que pueda quebrarse a lo largo del camino de su existencia. Si por algo se caracteriza es por anhelar encontrar el porqu\u00e9 de lo que hace y buscar razones que justifiquen su ser ante la propia conciencia. \u00bfPuede tener esperanzas de encontrar sentido? La imagen, es su aspiraci\u00f3n \u00faltima, que la presente obra transmite es la de un ser humano que solo respira plenamente en el paisaje de alta monta\u00f1a, hace una cr\u00edtica del hombre-masa y piensa en qu\u00e9 puede consistir llevar una vida aut\u00e9ntica.<\/p>\n","protected":false},"excerpt":{"rendered":"<p>RODR\u00cdGUEZ VALLS, FRANCISCO<\/p>\n","protected":false},"featured_media":82344,"template":"","meta":{"_acf_changed":false,"om_disable_all_campaigns":false,"rs_blank_template":"","rs_page_bg_color":"","slide_template_v7":"","inline_featured_image":false,"_monsterinsights_skip_tracking":false,"_monsterinsights_sitenote_active":false,"_monsterinsights_sitenote_note":"","_monsterinsights_sitenote_category":0},"product_brand":[],"product_cat":[174],"product_tag":[],"class_list":{"0":"post-82343","1":"product","2":"type-product","3":"status-publish","4":"has-post-thumbnail","6":"product_cat-antropologia","8":"first","9":"instock","10":"taxable","11":"shipping-taxable","12":"purchasable","13":"product-type-simple"},"acf":{"editorial":[{"ID":148034,"post_author":"3","post_date":"2022-10-14 11:55:07","post_date_gmt":"2022-10-14 09:55:07","post_content":"","post_title":"Editorial Senderos","post_excerpt":"","post_status":"publish","comment_status":"closed","ping_status":"closed","post_password":"","post_name":"editorial-senderos","to_ping":"","pinged":"","post_modified":"2022-10-14 11:55:07","post_modified_gmt":"2022-10-14 09:55:07","post_content_filtered":"","post_parent":0,"guid":"http:\/\/dev.claret.cat\/editorial\/editorial-senderos\/","menu_order":0,"post_type":"editorial","post_mime_type":"","comment_count":"0","filter":"raw"}],"autores-libros":[{"ID":156295,"post_author":"3","post_date":"2022-10-14 15:19:40","post_date_gmt":"2022-10-14 13:19:40","post_content":"","post_title":"FRANCISCO RODR\u00cdGUEZ VALLS","post_excerpt":"","post_status":"publish","comment_status":"closed","ping_status":"closed","post_password":"","post_name":"francisco-rodriguez-valls","to_ping":"","pinged":"","post_modified":"2022-10-14 15:19:40","post_modified_gmt":"2022-10-14 13:19:40","post_content_filtered":"","post_parent":0,"guid":"http:\/\/dev.claret.cat\/autor\/francisco-rodriguez-valls\/","menu_order":0,"post_type":"autor","post_mime_type":"","comment_count":"0","filter":"raw"}],"autor":"RODR\u00cdGUEZ VALLS, FRANCISCO","codart":"841224143","libros-coleccion":"FORA DE COL.LECCI\u00d3","ediciones":"1","encuadernacion":"R\u00fastica","fecha_de_publicacion":"01\/12\/2020","novedad":"1","paginas":"182","subtitulo":"","orden":"0","portada":"0","idioma":"spa"},"aioseo_notices":[],"_links":{"self":[{"href":"https:\/\/www.claret.cat\/es\/wp-json\/wp\/v2\/product\/82343","targetHints":{"allow":["GET"]}}],"collection":[{"href":"https:\/\/www.claret.cat\/es\/wp-json\/wp\/v2\/product"}],"about":[{"href":"https:\/\/www.claret.cat\/es\/wp-json\/wp\/v2\/types\/product"}],"wp:featuredmedia":[{"embeddable":true,"href":"https:\/\/www.claret.cat\/es\/wp-json\/wp\/v2\/media\/82344"}],"wp:attachment":[{"href":"https:\/\/www.claret.cat\/es\/wp-json\/wp\/v2\/media?parent=82343"}],"wp:term":[{"taxonomy":"product_brand","embeddable":true,"href":"https:\/\/www.claret.cat\/es\/wp-json\/wp\/v2\/product_brand?post=82343"},{"taxonomy":"product_cat","embeddable":true,"href":"https:\/\/www.claret.cat\/es\/wp-json\/wp\/v2\/product_cat?post=82343"},{"taxonomy":"product_tag","embeddable":true,"href":"https:\/\/www.claret.cat\/es\/wp-json\/wp\/v2\/product_tag?post=82343"}],"curies":[{"name":"wp","href":"https:\/\/api.w.org\/{rel}","templated":true}]}}