{"id":82457,"date":"2022-10-11T17:01:34","date_gmt":"2022-10-11T15:01:34","guid":{"rendered":"http:\/\/dev.claret.cat\/producte\/diaconado-permanente-normas-y-directorio\/"},"modified":"2025-05-28T17:40:11","modified_gmt":"2025-05-28T15:40:11","slug":"diaconado-permanente-normas-y-directorio-9788422022084","status":"publish","type":"product","link":"https:\/\/www.claret.cat\/es\/libro\/diaconado-permanente-normas-y-directorio-9788422022084\/","title":{"rendered":"DIACONADO PERMANENTE NORMAS Y DIRECTORIO"},"content":{"rendered":"<p>Presentaci\u00f3n de Francisco Cerro Chaves, arzobispo de Toledo.<\/p>\n<p>Las Normas y el Directorio que aqu\u00ed se recogen sobre el diaconado permanente son dos documentos que responden a una necesidad ampliamente sentida de aclarar y reglamentar la diversidad de perspectivas de las experiencias hasta ahora realizadas, tanto de discernimiento y formaci\u00f3n como de ejercicio ministerial. De este modo se podr\u00e1 asegurar aquella estabilidad de criterios que no dejar\u00e1 de garantizar, dentro de la leg\u00edtima pluralidad, la indispensable unidad, con la consiguiente fecundidad de un ministerio que ha producido ya buenos frutos y pro mete una v\u00e1lida contribuci\u00f3n a la nueva evangelizaci\u00f3n en este tercer milenio.<\/p>\n","protected":false},"excerpt":{"rendered":"<p>AA.VV<\/p>\n","protected":false},"featured_media":450634,"template":"","meta":{"_acf_changed":false,"om_disable_all_campaigns":false,"rs_blank_template":"","rs_page_bg_color":"","slide_template_v7":"","inline_featured_image":false,"_monsterinsights_skip_tracking":false,"_monsterinsights_sitenote_active":false,"_monsterinsights_sitenote_note":"","_monsterinsights_sitenote_category":0},"product_brand":[],"product_cat":[513,287],"product_tag":[],"class_list":{"0":"post-82457","1":"product","2":"type-product","3":"status-publish","4":"has-post-thumbnail","6":"product_cat-ministerios-ordenados","7":"product_cat-ministeris-ordenats","9":"first","10":"instock","11":"taxable","12":"shipping-taxable","13":"purchasable","14":"product-type-simple"},"acf":{"editorial":[{"ID":6142,"post_author":"3","post_date":"2022-07-28 17:45:47","post_date_gmt":"2022-07-28 15:45:47","post_content":"","post_title":"BIBLIOTECA AUTORES CRI   B.A.C","post_excerpt":"","post_status":"publish","comment_status":"closed","ping_status":"closed","post_password":"","post_name":"biblioteca-autores-cri-b-a-c","to_ping":"","pinged":"","post_modified":"2022-07-28 17:45:47","post_modified_gmt":"2022-07-28 15:45:47","post_content_filtered":"","post_parent":0,"guid":"http:\/\/dev.claret.cat\/editorial\/biblioteca-autores-cri-b-a-c\/","menu_order":0,"post_type":"editorial","post_mime_type":"","comment_count":"0","filter":"raw"}],"autores-libros":[{"ID":5198,"post_author":"3","post_date":"2022-07-28 17:16:52","post_date_gmt":"2022-07-28 15:16:52","post_content":"","post_title":"AA.VV","post_excerpt":"","post_status":"publish","comment_status":"closed","ping_status":"closed","post_password":"","post_name":"aa-vv-2","to_ping":"","pinged":"","post_modified":"2022-07-28 17:16:52","post_modified_gmt":"2022-07-28 15:16:52","post_content_filtered":"","post_parent":0,"guid":"http:\/\/dev.claret.cat\/autor\/aa-vv-2\/","menu_order":0,"post_type":"autor","post_mime_type":"","comment_count":"0","filter":"raw"}],"autor":"AA.VV","codart":"842202208","libros-coleccion":"Documentos","ediciones":"1","encuadernacion":"Carpeta","fecha_de_publicacion":"01\/09\/2021","novedad":"1","paginas":"178","subtitulo":"","orden":"0","portada":"0","idioma":"spa","booktrailer":"","resenas":""},"aioseo_notices":[],"_links":{"self":[{"href":"https:\/\/www.claret.cat\/es\/wp-json\/wp\/v2\/product\/82457","targetHints":{"allow":["GET"]}}],"collection":[{"href":"https:\/\/www.claret.cat\/es\/wp-json\/wp\/v2\/product"}],"about":[{"href":"https:\/\/www.claret.cat\/es\/wp-json\/wp\/v2\/types\/product"}],"wp:featuredmedia":[{"embeddable":true,"href":"https:\/\/www.claret.cat\/es\/wp-json\/wp\/v2\/media\/450634"}],"wp:attachment":[{"href":"https:\/\/www.claret.cat\/es\/wp-json\/wp\/v2\/media?parent=82457"}],"wp:term":[{"taxonomy":"product_brand","embeddable":true,"href":"https:\/\/www.claret.cat\/es\/wp-json\/wp\/v2\/product_brand?post=82457"},{"taxonomy":"product_cat","embeddable":true,"href":"https:\/\/www.claret.cat\/es\/wp-json\/wp\/v2\/product_cat?post=82457"},{"taxonomy":"product_tag","embeddable":true,"href":"https:\/\/www.claret.cat\/es\/wp-json\/wp\/v2\/product_tag?post=82457"}],"curies":[{"name":"wp","href":"https:\/\/api.w.org\/{rel}","templated":true}]}}