{"id":82463,"date":"2022-10-11T17:01:39","date_gmt":"2022-10-11T15:01:39","guid":{"rendered":"http:\/\/dev.claret.cat\/producte\/de-camino-con-maria\/"},"modified":"2023-07-06T17:11:36","modified_gmt":"2023-07-06T15:11:36","slug":"de-camino-con-maria-9788427728653","status":"publish","type":"product","link":"https:\/\/www.claret.cat\/es\/libro\/de-camino-con-maria-9788427728653\/","title":{"rendered":"DE CAMINO CON MAR\u00cdA"},"content":{"rendered":"<p>Jugando con las palabras latinas, san Isidoro dec\u00eda que \u201cesperanza\u201d viene de \u201cpie\u201d. La esperanza nos remite siempre al  sentido del camino. Santa Mar\u00eda es para nosotros una buena maestra y un modelo decisivo de esperanza. Estas reflexiones pretenden seguir los pasos de su propio camino. En ellas se recogen algunos esquemas de retiros; as\u00ed como los apuntes para los programas transmitidos por Radio Vaticano, por \u201cEl Sembrador Radio y Televisi\u00f3n\u201d de Chatsworth, California, y por la estaci\u00f3n \u201cEn Familia Radio 740\u201d de Phoenix, Arizona. Los apuntes tratan de establecer un di\u00e1logo con el arte y la poes\u00eda, que tanta atenci\u00f3n han dedicado a Mar\u00eda. Adem\u00e1s, van seguidos de una oraci\u00f3n y de unas pautas para la reflexi\u00f3n personal o para la catequesis de los diversos grupos cristianos. Que Santa Mar\u00eda, madre de Dios y madre nuestra, nos acompa\u00f1e mientras vamos haciendo el camino y nos ayude a mirar con esperanza hacia la meta prometida.<\/p>\n","protected":false},"excerpt":{"rendered":"<p>FLECHA ANDR\u00c9S, JOS\u00c9-ROM\u00c1N<\/p>\n","protected":false},"featured_media":82464,"template":"","meta":{"_acf_changed":false,"om_disable_all_campaigns":false,"rs_blank_template":"","rs_page_bg_color":"","slide_template_v7":"","inline_featured_image":false,"_monsterinsights_skip_tracking":false,"_monsterinsights_sitenote_active":false,"_monsterinsights_sitenote_note":"","_monsterinsights_sitenote_category":0},"product_brand":[],"product_cat":[393,235],"product_tag":[],"class_list":{"0":"post-82463","1":"product","2":"type-product","3":"status-publish","4":"has-post-thumbnail","6":"product_cat-mariana-espiritualidad-1_espiritualidad","7":"product_cat-mariana","9":"first","10":"instock","11":"taxable","12":"shipping-taxable","13":"purchasable","14":"product-type-simple"},"acf":{"editorial":[{"ID":6312,"post_author":"3","post_date":"2022-07-28 17:49:29","post_date_gmt":"2022-07-28 15:49:29","post_content":"","post_title":"NARCEA DE EDICIONES","post_excerpt":"","post_status":"publish","comment_status":"closed","ping_status":"closed","post_password":"","post_name":"narcea-de-ediciones","to_ping":"","pinged":"","post_modified":"2022-07-28 17:49:29","post_modified_gmt":"2022-07-28 15:49:29","post_content_filtered":"","post_parent":0,"guid":"http:\/\/dev.claret.cat\/editorial\/narcea-de-ediciones\/","menu_order":0,"post_type":"editorial","post_mime_type":"","comment_count":"0","filter":"raw"}],"autor":"FLECHA ANDR\u00c9S, JOS\u00c9-ROM\u00c1N","codart":"842772865","libros-coleccion":"Espiritualidad","ediciones":"1","encuadernacion":"R\u00fastica","fecha_de_publicacion":"01\/09\/2021","novedad":"1","paginas":"212","subtitulo":"","orden":"0","portada":"0","idioma":"spa","autores-libros":[{"ID":160886,"post_author":"3","post_date":"2022-10-14 15:56:40","post_date_gmt":"2022-10-14 13:56:40","post_content":"","post_title":"JOS\u00c9-ROM\u00c1N FLECHA ANDR\u00c9S","post_excerpt":"","post_status":"publish","comment_status":"closed","ping_status":"closed","post_password":"","post_name":"jose-roman-flecha-andres-2","to_ping":"","pinged":"","post_modified":"2022-10-14 15:56:40","post_modified_gmt":"2022-10-14 13:56:40","post_content_filtered":"","post_parent":0,"guid":"http:\/\/dev.claret.cat\/autor\/jose-roman-flecha-andres-2\/","menu_order":0,"post_type":"autor","post_mime_type":"","comment_count":"0","filter":"raw"}]},"aioseo_notices":[],"_links":{"self":[{"href":"https:\/\/www.claret.cat\/es\/wp-json\/wp\/v2\/product\/82463","targetHints":{"allow":["GET"]}}],"collection":[{"href":"https:\/\/www.claret.cat\/es\/wp-json\/wp\/v2\/product"}],"about":[{"href":"https:\/\/www.claret.cat\/es\/wp-json\/wp\/v2\/types\/product"}],"wp:featuredmedia":[{"embeddable":true,"href":"https:\/\/www.claret.cat\/es\/wp-json\/wp\/v2\/media\/82464"}],"wp:attachment":[{"href":"https:\/\/www.claret.cat\/es\/wp-json\/wp\/v2\/media?parent=82463"}],"wp:term":[{"taxonomy":"product_brand","embeddable":true,"href":"https:\/\/www.claret.cat\/es\/wp-json\/wp\/v2\/product_brand?post=82463"},{"taxonomy":"product_cat","embeddable":true,"href":"https:\/\/www.claret.cat\/es\/wp-json\/wp\/v2\/product_cat?post=82463"},{"taxonomy":"product_tag","embeddable":true,"href":"https:\/\/www.claret.cat\/es\/wp-json\/wp\/v2\/product_tag?post=82463"}],"curies":[{"name":"wp","href":"https:\/\/api.w.org\/{rel}","templated":true}]}}