{"id":82466,"date":"2022-10-11T17:01:41","date_gmt":"2022-10-11T15:01:41","guid":{"rendered":"http:\/\/dev.claret.cat\/producte\/el-diaconado-nuevas-perspectivas\/"},"modified":"2026-01-28T13:51:16","modified_gmt":"2026-01-28T12:51:16","slug":"el-diaconado-nuevas-perspectivas-9788422022053","status":"publish","type":"product","link":"https:\/\/www.claret.cat\/es\/libro\/el-diaconado-nuevas-perspectivas-9788422022053\/","title":{"rendered":"EL DIACONADO NUEVAS PERSPECTIVAS"},"content":{"rendered":"<p>Restaurado el diaconado por el Vaticano II como \u00abgrado propio y permanente de la jerarqu\u00eda eclesi\u00e1stica\u00bb (Lumen gentium, 29), ha habido, por un lado, un crecimiento continuo de los ordenados; por otro, sin embargo, hay una debilidad en la estructura te\u00f3rica que sostiene el ministerio diaconal, configurado en su perfil m\u00e1s por la pr\u00e1ctica eclesial que por una comprensi\u00f3n teol\u00f3gica y sacramental que lo sustente y nutra. A partir de esta consideraci\u00f3n, el autor analiza primero lo que el Nuevo Testamento y los Padres de la Iglesia dicen sobre este ministerio, luego ofrece una adecuada interpretaci\u00f3n teol\u00f3gica del diaconado y, finalmente, formula propuestas pastorales originales e interesantes para el futuro de este ministerio.<\/p>\n","protected":false},"excerpt":{"rendered":"<p>DARIO VITALI<\/p>\n","protected":false},"featured_media":1079305,"template":"","meta":{"_acf_changed":false,"om_disable_all_campaigns":false,"rs_blank_template":"","rs_page_bg_color":"","slide_template_v7":"","inline_featured_image":false,"_monsterinsights_skip_tracking":false,"_monsterinsights_sitenote_active":false,"_monsterinsights_sitenote_note":"","_monsterinsights_sitenote_category":0},"product_brand":[],"product_cat":[513,287],"product_tag":[],"class_list":{"0":"post-82466","1":"product","2":"type-product","3":"status-publish","4":"has-post-thumbnail","6":"product_cat-ministerios-ordenados","7":"product_cat-ministeris-ordenats","9":"first","10":"instock","11":"taxable","12":"shipping-taxable","13":"purchasable","14":"product-type-simple"},"acf":{"editorial":[{"ID":6142,"post_author":"3","post_date":"2022-07-28 17:45:47","post_date_gmt":"2022-07-28 15:45:47","post_content":"","post_title":"BIBLIOTECA AUTORES CRI   B.A.C","post_excerpt":"","post_status":"publish","comment_status":"closed","ping_status":"closed","post_password":"","post_name":"biblioteca-autores-cri-b-a-c","to_ping":"","pinged":"","post_modified":"2022-07-28 17:45:47","post_modified_gmt":"2022-07-28 15:45:47","post_content_filtered":"","post_parent":0,"guid":"http:\/\/dev.claret.cat\/editorial\/biblioteca-autores-cri-b-a-c\/","menu_order":0,"post_type":"editorial","post_mime_type":"","comment_count":"0","filter":"raw"}],"autor":"DARIO VITALI","codart":"842202205","libros-coleccion":"ESTUDIOS Y ENSAYOS","ediciones":"1","encuadernacion":"R\u00fastica","fecha_de_publicacion":"01\/09\/2021","novedad":"1","paginas":"182","subtitulo":"","orden":"0","portada":"0","idioma":"spa","autores-libros":[{"ID":153703,"post_author":"3","post_date":"2022-10-14 14:58:51","post_date_gmt":"2022-10-14 12:58:51","post_content":"","post_title":"DARIO VITALI","post_excerpt":"","post_status":"publish","comment_status":"closed","ping_status":"closed","post_password":"","post_name":"dario-vitali","to_ping":"","pinged":"","post_modified":"2022-10-14 14:58:51","post_modified_gmt":"2022-10-14 12:58:51","post_content_filtered":"","post_parent":0,"guid":"http:\/\/dev.claret.cat\/autor\/dario-vitali\/","menu_order":0,"post_type":"autor","post_mime_type":"","comment_count":"0","filter":"raw"}],"booktrailer":"","resenas":""},"aioseo_notices":[],"_links":{"self":[{"href":"https:\/\/www.claret.cat\/es\/wp-json\/wp\/v2\/product\/82466","targetHints":{"allow":["GET"]}}],"collection":[{"href":"https:\/\/www.claret.cat\/es\/wp-json\/wp\/v2\/product"}],"about":[{"href":"https:\/\/www.claret.cat\/es\/wp-json\/wp\/v2\/types\/product"}],"wp:featuredmedia":[{"embeddable":true,"href":"https:\/\/www.claret.cat\/es\/wp-json\/wp\/v2\/media\/1079305"}],"wp:attachment":[{"href":"https:\/\/www.claret.cat\/es\/wp-json\/wp\/v2\/media?parent=82466"}],"wp:term":[{"taxonomy":"product_brand","embeddable":true,"href":"https:\/\/www.claret.cat\/es\/wp-json\/wp\/v2\/product_brand?post=82466"},{"taxonomy":"product_cat","embeddable":true,"href":"https:\/\/www.claret.cat\/es\/wp-json\/wp\/v2\/product_cat?post=82466"},{"taxonomy":"product_tag","embeddable":true,"href":"https:\/\/www.claret.cat\/es\/wp-json\/wp\/v2\/product_tag?post=82466"}],"curies":[{"name":"wp","href":"https:\/\/api.w.org\/{rel}","templated":true}]}}