{"id":82524,"date":"2022-10-11T17:02:25","date_gmt":"2022-10-11T15:02:25","guid":{"rendered":"http:\/\/dev.claret.cat\/producte\/el-siglo-sovietico\/"},"modified":"2023-01-28T07:06:25","modified_gmt":"2023-01-28T06:06:25","slug":"el-siglo-sovietico-9788418807176","status":"publish","type":"product","link":"https:\/\/www.claret.cat\/es\/libro\/el-siglo-sovietico-9788418807176\/","title":{"rendered":"EL SIGLO SOVI\u00c9TICO"},"content":{"rendered":"<p>El gran historiador de Europa oriental Karl Schl\u00f6gel escribe sobre el desaparecido universo sovi\u00e9tico a lo largo de su siglo. \u00c9l mismo presencia la inauguraci\u00f3n de las megaconstrucciones del comunismo y la apertura de las fosas comunes del terror estalinista. Explora la vastedad del pa\u00eds ferroviario y las estrecheces de la vivienda comunitaria. Su labor arqueol\u00f3gica nos descubre lugares cotidianos para la supervivencia, como la cocina moscovita o las colas. Tampoco faltan los espacios para la felicidad o las peque\u00f1as libertades. Cien a\u00f1os despu\u00e9s de la revoluci\u00f3n de 1917, nos presenta la imagen panor\u00e1mica de una civilizaci\u00f3n que sobrepasaba el sistema pol\u00edtico. Imprescindible para comprender &#8221;el tiempo posterior&#8221; que estamos viviendo.<\/p>\n","protected":false},"excerpt":{"rendered":"<p>SCHL\u00d6GEL, KARL<\/p>\n","protected":false},"featured_media":82525,"template":"","meta":{"_acf_changed":false,"om_disable_all_campaigns":false,"rs_blank_template":"","rs_page_bg_color":"","slide_template_v7":"","inline_featured_image":false,"_monsterinsights_skip_tracking":false,"_monsterinsights_sitenote_active":false,"_monsterinsights_sitenote_note":"","_monsterinsights_sitenote_category":0},"product_brand":[],"product_cat":[151],"product_tag":[],"class_list":{"0":"post-82524","1":"product","2":"type-product","3":"status-publish","4":"has-post-thumbnail","6":"product_cat-contemporania","8":"first","9":"instock","10":"taxable","11":"shipping-taxable","12":"purchasable","13":"product-type-simple"},"acf":{"editorial":[{"ID":6260,"post_author":"3","post_date":"2022-07-28 17:48:23","post_date_gmt":"2022-07-28 15:48:23","post_content":"","post_title":"Galaxia Gutenberg","post_excerpt":"","post_status":"publish","comment_status":"closed","ping_status":"closed","post_password":"","post_name":"galaxia-gutenberg","to_ping":"","pinged":"","post_modified":"2022-07-28 17:48:23","post_modified_gmt":"2022-07-28 15:48:23","post_content_filtered":"","post_parent":0,"guid":"http:\/\/dev.claret.cat\/editorial\/galaxia-gutenberg\/","menu_order":0,"post_type":"editorial","post_mime_type":"","comment_count":"0","filter":"raw"}],"autor":"SCHL\u00d6GEL, KARL","codart":"841880717","libros-coleccion":"Historia","ediciones":"1","encuadernacion":"Carton\u00e9","fecha_de_publicacion":"01\/09\/2021","novedad":"1","paginas":"928","subtitulo":"ARQUEOLOG\u00cdA DE UN MUNDO PERDIDO","orden":"0","portada":"0","idioma":"spa","autores-libros":[{"ID":161449,"post_author":"3","post_date":"2022-10-14 17:18:18","post_date_gmt":"2022-10-14 15:18:18","post_content":"","post_title":"KARL SCHL\u00d6GEL","post_excerpt":"","post_status":"publish","comment_status":"closed","ping_status":"closed","post_password":"","post_name":"karl-schlogel","to_ping":"","pinged":"","post_modified":"2022-10-14 17:18:18","post_modified_gmt":"2022-10-14 15:18:18","post_content_filtered":"","post_parent":0,"guid":"http:\/\/dev.claret.cat\/autor\/karl-schlogel\/","menu_order":0,"post_type":"autor","post_mime_type":"","comment_count":"0","filter":"raw"}]},"aioseo_notices":[],"_links":{"self":[{"href":"https:\/\/www.claret.cat\/es\/wp-json\/wp\/v2\/product\/82524","targetHints":{"allow":["GET"]}}],"collection":[{"href":"https:\/\/www.claret.cat\/es\/wp-json\/wp\/v2\/product"}],"about":[{"href":"https:\/\/www.claret.cat\/es\/wp-json\/wp\/v2\/types\/product"}],"wp:featuredmedia":[{"embeddable":true,"href":"https:\/\/www.claret.cat\/es\/wp-json\/wp\/v2\/media\/82525"}],"wp:attachment":[{"href":"https:\/\/www.claret.cat\/es\/wp-json\/wp\/v2\/media?parent=82524"}],"wp:term":[{"taxonomy":"product_brand","embeddable":true,"href":"https:\/\/www.claret.cat\/es\/wp-json\/wp\/v2\/product_brand?post=82524"},{"taxonomy":"product_cat","embeddable":true,"href":"https:\/\/www.claret.cat\/es\/wp-json\/wp\/v2\/product_cat?post=82524"},{"taxonomy":"product_tag","embeddable":true,"href":"https:\/\/www.claret.cat\/es\/wp-json\/wp\/v2\/product_tag?post=82524"}],"curies":[{"name":"wp","href":"https:\/\/api.w.org\/{rel}","templated":true}]}}