{"id":82542,"date":"2022-10-11T17:02:38","date_gmt":"2022-10-11T15:02:38","guid":{"rendered":"http:\/\/dev.claret.cat\/producte\/ensenanzas-sobre-la-no-dualidad\/"},"modified":"2023-06-26T17:45:32","modified_gmt":"2023-06-26T15:45:32","slug":"ensenanzas-sobre-la-nodualidad-9788499889115","status":"publish","type":"product","link":"https:\/\/www.claret.cat\/es\/libro\/ensenanzas-sobre-la-nodualidad-9788499889115\/","title":{"rendered":"ENSE\u00d1ANZAS SOBRE LA NO-DUALIDAD"},"content":{"rendered":"<p>Durante m\u00e1s de dos d\u00e9cadas, Sri Nisargadatta Maharaj pronunci\u00f3 charlas diarias en su casa de Bombay. El maestro hablaba de manera espont\u00e1nea, sin esfuerzo, con su habitual lucidez. Sus impactantes palabras, fundamentadas en la autoridad de la persona realizada, se abr\u00edan paso en la conciencia, eliminando las capas de la ignorancia hasta revelar la Verdad. Su ense\u00f1anza era profunda, a la par que asequible y directa. No prescrib\u00eda ninguna pr\u00e1ctica espiritual ni ning\u00fan ritual. Todo lo que se requer\u00eda era una escucha atenta.<br \/> Las meditaciones contenidas en este libro no solo son fieles a las palabras de Nisargadatta, sino que destruyen la falsa sensaci\u00f3n del \u00abyo soy\u00bb, que reside en la ra\u00edz de toda ignorancia. Como Maharaj preguntaba con insistencia a sus oyentes: \u00ab\u00bfAcaso no somos antes de saber que somos?\u00bb.<\/p>\n","protected":false},"excerpt":{"rendered":"<p>NISARGADATTA MAHARAJ, SRI<\/p>\n","protected":false},"featured_media":82543,"template":"","meta":{"_acf_changed":false,"om_disable_all_campaigns":false,"rs_blank_template":"","rs_page_bg_color":"","slide_template_v7":"","inline_featured_image":false,"_monsterinsights_skip_tracking":false,"_monsterinsights_sitenote_active":false,"_monsterinsights_sitenote_note":"","_monsterinsights_sitenote_category":0},"product_brand":[],"product_cat":[544,94,92,542],"product_tag":[],"class_list":{"0":"post-82542","1":"product","2":"type-product","3":"status-publish","4":"has-post-thumbnail","6":"product_cat-religiones","7":"product_cat-religions","8":"product_cat-vida-religiosa","9":"product_cat-vida-religiosa-1_espiritualidad-spa","11":"first","12":"instock","13":"taxable","14":"shipping-taxable","15":"purchasable","16":"product-type-simple"},"acf":{"editorial":[{"ID":6227,"post_author":"3","post_date":"2022-07-28 17:47:37","post_date_gmt":"2022-07-28 15:47:37","post_content":"","post_title":"Editorial Kair\u00f3s","post_excerpt":"","post_status":"publish","comment_status":"closed","ping_status":"closed","post_password":"","post_name":"editorial-kairos","to_ping":"","pinged":"","post_modified":"2022-07-28 17:47:37","post_modified_gmt":"2022-07-28 15:47:37","post_content_filtered":"","post_parent":0,"guid":"http:\/\/dev.claret.cat\/editorial\/editorial-kairos\/","menu_order":0,"post_type":"editorial","post_mime_type":"","comment_count":"0","filter":"raw"}],"autor":"NISARGADATTA MAHARAJ, SRI","codart":"849988911","libros-coleccion":"Sabidur\u00eda perenne","ediciones":"1","encuadernacion":"R\u00fastica","fecha_de_publicacion":"01\/09\/2021","novedad":"1","paginas":"320","subtitulo":"EDICI\u00d3N A CARGO DE JAYASHRI GAITONDE","orden":"0","portada":"0","idioma":"spa","autores-libros":[{"ID":169743,"post_author":"3","post_date":"2022-10-14 22:29:40","post_date_gmt":"2022-10-14 20:29:40","post_content":"","post_title":"SRI NISARGADATTA MAHARAJ","post_excerpt":"","post_status":"publish","comment_status":"closed","ping_status":"closed","post_password":"","post_name":"sri-nisargadatta-maharaj","to_ping":"","pinged":"","post_modified":"2022-10-14 22:29:40","post_modified_gmt":"2022-10-14 20:29:40","post_content_filtered":"","post_parent":0,"guid":"http:\/\/dev.claret.cat\/autor\/sri-nisargadatta-maharaj\/","menu_order":0,"post_type":"autor","post_mime_type":"","comment_count":"0","filter":"raw"}]},"aioseo_notices":[],"_links":{"self":[{"href":"https:\/\/www.claret.cat\/es\/wp-json\/wp\/v2\/product\/82542","targetHints":{"allow":["GET"]}}],"collection":[{"href":"https:\/\/www.claret.cat\/es\/wp-json\/wp\/v2\/product"}],"about":[{"href":"https:\/\/www.claret.cat\/es\/wp-json\/wp\/v2\/types\/product"}],"wp:featuredmedia":[{"embeddable":true,"href":"https:\/\/www.claret.cat\/es\/wp-json\/wp\/v2\/media\/82543"}],"wp:attachment":[{"href":"https:\/\/www.claret.cat\/es\/wp-json\/wp\/v2\/media?parent=82542"}],"wp:term":[{"taxonomy":"product_brand","embeddable":true,"href":"https:\/\/www.claret.cat\/es\/wp-json\/wp\/v2\/product_brand?post=82542"},{"taxonomy":"product_cat","embeddable":true,"href":"https:\/\/www.claret.cat\/es\/wp-json\/wp\/v2\/product_cat?post=82542"},{"taxonomy":"product_tag","embeddable":true,"href":"https:\/\/www.claret.cat\/es\/wp-json\/wp\/v2\/product_tag?post=82542"}],"curies":[{"name":"wp","href":"https:\/\/api.w.org\/{rel}","templated":true}]}}