{"id":82629,"date":"2022-10-11T17:03:41","date_gmt":"2022-10-11T15:03:41","guid":{"rendered":"http:\/\/dev.claret.cat\/producte\/memorias-de-una-salvaje-2\/"},"modified":"2023-01-28T19:40:47","modified_gmt":"2023-01-28T18:40:47","slug":"memorias-de-una-salvaje-9788408247838","status":"publish","type":"product","link":"https:\/\/www.claret.cat\/es\/libro\/memorias-de-una-salvaje-9788408247838\/","title":{"rendered":"MEMORIAS DE UNA SALVAJE"},"content":{"rendered":"<p>Una novela de Srta. Bebi.<br \/> Espa\u00f1a. A\u00f1o 2017. Tras el asesinato de su padre, una chica de diecinueve a\u00f1os es obligada a compaginar sus estudios universitarios con el trabajo en la recepci\u00f3n de un club de alterne clandestino y a internarse en una de las mayores organizaciones criminales de Europa. La necesidad de defenderse la llevar\u00e1 hasta el club de boxeo de un joven al que la violencia de g\u00e9nero tambi\u00e9n le ha marcado la vida. Pronto las luces de ne\u00f3n comenzar\u00e1n a parpadear dentro de una historia donde nada es lo que parece.<br \/> \u00abLa mujer que hay detr\u00e1s de esta pluma no escribe, vence. Esto no es una novela. Es una patria. Nadie pod\u00eda imaginar una selva tan f\u00e9rtil.\u00bb<br \/> Men Mar\u00edas, Premio de Novela Carmen Mart\u00edn Gaite 2017<\/p>\n","protected":false},"excerpt":{"rendered":"<p>FERN\u00c1NDEZ, BEBI<\/p>\n","protected":false},"featured_media":82630,"template":"","meta":{"_acf_changed":false,"om_disable_all_campaigns":false,"rs_blank_template":"","rs_page_bg_color":"","slide_template_v7":"","inline_featured_image":false,"_monsterinsights_skip_tracking":false,"_monsterinsights_sitenote_active":false,"_monsterinsights_sitenote_note":"","_monsterinsights_sitenote_category":0},"product_brand":[],"product_cat":[127],"product_tag":[],"class_list":{"0":"post-82629","1":"product","2":"type-product","3":"status-publish","4":"has-post-thumbnail","6":"product_cat-novella-contemporania","8":"first","9":"instock","10":"taxable","11":"shipping-taxable","12":"purchasable","13":"product-type-simple"},"acf":{"editorial":[{"ID":6233,"post_author":"3","post_date":"2022-07-28 17:47:48","post_date_gmt":"2022-07-28 15:47:48","post_content":"","post_title":"EDITORIAL PLANETA","post_excerpt":"","post_status":"publish","comment_status":"closed","ping_status":"closed","post_password":"","post_name":"editorial-planeta","to_ping":"","pinged":"","post_modified":"2022-07-28 17:47:48","post_modified_gmt":"2022-07-28 15:47:48","post_content_filtered":"","post_parent":0,"guid":"http:\/\/dev.claret.cat\/editorial\/editorial-planeta\/","menu_order":0,"post_type":"editorial","post_mime_type":"","comment_count":"0","filter":"raw"}],"autores-libros":[{"ID":5292,"post_author":"3","post_date":"2022-07-28 17:20:54","post_date_gmt":"2022-07-28 15:20:54","post_content":"","post_title":"BEBI FERN\u00c1NDEZ","post_excerpt":"","post_status":"publish","comment_status":"closed","ping_status":"closed","post_password":"","post_name":"bebi-fernandez","to_ping":"","pinged":"","post_modified":"2022-07-28 17:20:54","post_modified_gmt":"2022-07-28 15:20:54","post_content_filtered":"","post_parent":0,"guid":"http:\/\/dev.claret.cat\/autor\/bebi-fernandez\/","menu_order":0,"post_type":"autor","post_mime_type":"","comment_count":"0","filter":"raw"}],"autor":"FERN\u00c1NDEZ, BEBI","codart":"840824783","libros-coleccion":"Novela","ediciones":"1","encuadernacion":"R\u00fastica","fecha_de_publicacion":"01\/09\/2021","novedad":"1","paginas":"464","subtitulo":"BILOG\u00cdA SALVAJE 1","orden":"0","portada":"0","idioma":"spa"},"aioseo_notices":[],"_links":{"self":[{"href":"https:\/\/www.claret.cat\/es\/wp-json\/wp\/v2\/product\/82629","targetHints":{"allow":["GET"]}}],"collection":[{"href":"https:\/\/www.claret.cat\/es\/wp-json\/wp\/v2\/product"}],"about":[{"href":"https:\/\/www.claret.cat\/es\/wp-json\/wp\/v2\/types\/product"}],"wp:featuredmedia":[{"embeddable":true,"href":"https:\/\/www.claret.cat\/es\/wp-json\/wp\/v2\/media\/82630"}],"wp:attachment":[{"href":"https:\/\/www.claret.cat\/es\/wp-json\/wp\/v2\/media?parent=82629"}],"wp:term":[{"taxonomy":"product_brand","embeddable":true,"href":"https:\/\/www.claret.cat\/es\/wp-json\/wp\/v2\/product_brand?post=82629"},{"taxonomy":"product_cat","embeddable":true,"href":"https:\/\/www.claret.cat\/es\/wp-json\/wp\/v2\/product_cat?post=82629"},{"taxonomy":"product_tag","embeddable":true,"href":"https:\/\/www.claret.cat\/es\/wp-json\/wp\/v2\/product_tag?post=82629"}],"curies":[{"name":"wp","href":"https:\/\/api.w.org\/{rel}","templated":true}]}}