{"id":82788,"date":"2022-10-11T17:05:44","date_gmt":"2022-10-11T15:05:44","guid":{"rendered":"http:\/\/dev.claret.cat\/producte\/la-iglesia-de-la-pandemia\/"},"modified":"2026-02-26T11:17:42","modified_gmt":"2026-02-26T10:17:42","slug":"la-iglesia-de-la-pandemia-9788497155052","status":"publish","type":"product","link":"https:\/\/www.claret.cat\/es\/libro\/la-iglesia-de-la-pandemia-9788497155052\/","title":{"rendered":"LA IGLESIA DE LA PANDEMIA"},"content":{"rendered":"<p>\u00bfC\u00f3mo salir de la pandemia renovados y reconfigurados como Iglesia, de modo que responda mejor a ese \u00abcambio de \u00e9poca\u00bb que ya estaba en marcha pero que ahora nos invade aceleradamente?<\/p>\n<p>\u00abLa tempestad desenmascara nuestra vulnerabilidad \u2013dice el papa Francisco\u2013 y deja al descubierto esas seguridades falsas y superfluas con las que hab\u00edamos establecido nuestras agendas, proyectos, rutinas y prioridades. Hab\u00edamos dejado dormido y abandonado lo que alimenta, sostiene y da fuerza a nuestra vida y a nuestra comunidad.<\/p>\n<p>\u00abEste tiempo nos pide encontrar nuevas formas de hacernos pr\u00f3jimos \u2013concluye T\u00edscar Espigares\u2013. Con inteligencia y creatividad podemos descubrir qui\u00e9n es nuestro pr\u00f3jimo hoy, en especial los m\u00e1s d\u00e9biles\u2026 Debemos salir mejores de esta prueba, m\u00e1s conscientes del tesoro de relaciones y de \u00abredes\u00bb que tanto necesitamos\u2026 Con la fuerza del Evangelio y la cercan\u00eda a los que sufren atravesaremos esta y cualquiera de las pandemias que puedan venir en el futuro\u00bb.<\/p>\n","protected":false},"excerpt":{"rendered":"<p>VARIOS AUTORES (CIUDAD NUEVA)<\/p>\n","protected":false},"featured_media":1086541,"template":"","meta":{"_acf_changed":false,"om_disable_all_campaigns":false,"rs_blank_template":"","rs_page_bg_color":"","slide_template_v7":"","inline_featured_image":false,"_monsterinsights_skip_tracking":false,"_monsterinsights_sitenote_active":false,"_monsterinsights_sitenote_note":"","_monsterinsights_sitenote_category":0},"product_brand":[],"product_cat":[283,511],"product_tag":[],"class_list":{"0":"post-82788","1":"product","2":"type-product","3":"status-publish","4":"has-post-thumbnail","6":"product_cat-eclesiologia-teologia","7":"product_cat-eclesiologia-teologia-1_espiritualidad","9":"first","10":"instock","11":"taxable","12":"shipping-taxable","13":"purchasable","14":"product-type-simple"},"acf":{"editorial":[{"ID":6157,"post_author":"3","post_date":"2022-07-28 17:46:07","post_date_gmt":"2022-07-28 15:46:07","post_content":"","post_title":"Ciudad Nueva","post_excerpt":"","post_status":"publish","comment_status":"closed","ping_status":"closed","post_password":"","post_name":"ciudad-nueva","to_ping":"","pinged":"","post_modified":"2022-07-28 17:46:07","post_modified_gmt":"2022-07-28 15:46:07","post_content_filtered":"","post_parent":0,"guid":"http:\/\/dev.claret.cat\/editorial\/ciudad-nueva\/","menu_order":0,"post_type":"editorial","post_mime_type":"","comment_count":"0","filter":"raw"}],"autor":"VARIOS AUTORES (CIUDAD NUEVA)","codart":"849715505","libros-coleccion":"FORA DE COL.LECCI\u00d3","ediciones":"1","encuadernacion":"R\u00fastica","fecha_de_publicacion":"28\/09\/2021","novedad":"1","paginas":"156","subtitulo":"","orden":"0","portada":"0","idioma":"spa","autores-libros":[{"ID":170841,"post_author":"3","post_date":"2022-10-14 22:38:35","post_date_gmt":"2022-10-14 20:38:35","post_content":"","post_title":"VARIOS AUTORES (CIUDAD NUEVA)","post_excerpt":"","post_status":"publish","comment_status":"closed","ping_status":"closed","post_password":"","post_name":"varios-autores-ciudad-nueva","to_ping":"","pinged":"","post_modified":"2022-10-14 22:38:35","post_modified_gmt":"2022-10-14 20:38:35","post_content_filtered":"","post_parent":0,"guid":"http:\/\/dev.claret.cat\/autor\/varios-autores-ciudad-nueva\/","menu_order":0,"post_type":"autor","post_mime_type":"","comment_count":"0","filter":"raw"}],"booktrailer":"","resenas":""},"aioseo_notices":[],"_links":{"self":[{"href":"https:\/\/www.claret.cat\/es\/wp-json\/wp\/v2\/product\/82788","targetHints":{"allow":["GET"]}}],"collection":[{"href":"https:\/\/www.claret.cat\/es\/wp-json\/wp\/v2\/product"}],"about":[{"href":"https:\/\/www.claret.cat\/es\/wp-json\/wp\/v2\/types\/product"}],"wp:featuredmedia":[{"embeddable":true,"href":"https:\/\/www.claret.cat\/es\/wp-json\/wp\/v2\/media\/1086541"}],"wp:attachment":[{"href":"https:\/\/www.claret.cat\/es\/wp-json\/wp\/v2\/media?parent=82788"}],"wp:term":[{"taxonomy":"product_brand","embeddable":true,"href":"https:\/\/www.claret.cat\/es\/wp-json\/wp\/v2\/product_brand?post=82788"},{"taxonomy":"product_cat","embeddable":true,"href":"https:\/\/www.claret.cat\/es\/wp-json\/wp\/v2\/product_cat?post=82788"},{"taxonomy":"product_tag","embeddable":true,"href":"https:\/\/www.claret.cat\/es\/wp-json\/wp\/v2\/product_tag?post=82788"}],"curies":[{"name":"wp","href":"https:\/\/api.w.org\/{rel}","templated":true}]}}