{"id":82803,"date":"2022-10-11T17:05:56","date_gmt":"2022-10-11T15:05:56","guid":{"rendered":"http:\/\/dev.claret.cat\/producte\/el-hermano-del-hijo-prodigo-xxi-premio-miguel-de-unamuno\/"},"modified":"2024-10-05T13:45:20","modified_gmt":"2024-10-05T11:45:20","slug":"el-hermano-del-hijo-prodigo-xxi-premio-miguel-de-unamuno-9788412340143","status":"publish","type":"product","link":"https:\/\/www.claret.cat\/es\/libro\/el-hermano-del-hijo-prodigo-xxi-premio-miguel-de-unamuno-9788412340143\/","title":{"rendered":"EL HERMANO DEL HIJO PR\u00d3DIGO (XXI PREMIO MIGUEL DE UNAMUNO)"},"content":{"rendered":"<p>&#8216;El argumento de la par\u00e1bola del hijo pr\u00f3digo se convierte en el pretexto ideal para repensar la l\u00f3gica del perd\u00f3n. Sin embargo, el ensayo focaliza la mirada en el hermano mayor, el arquetipo del hijo fiel y obediente. Explora el abanico de emociones que circulan por su ser y presta una especial atenci\u00f3n al rencor. El hijo pr\u00f3digo recapacita y se arrepiente, pero su hermano queda atrapado en la jaula del rencor.&nbsp;\u00bfSer\u00e1 capaz de llevar a cabo la dif\u00edcil transici\u00f3n hacia la reconciliaci\u00f3n? Este es el viaje sin movimiento que nos disponemos a pensar&#8217;.<\/p>\n","protected":false},"excerpt":{"rendered":"<p>TORRALBA ROSELL\u00d3, FRANCESC<\/p>\n","protected":false},"featured_media":325725,"template":"","meta":{"_acf_changed":false,"om_disable_all_campaigns":false,"rs_blank_template":"","rs_page_bg_color":"","slide_template_v7":"","inline_featured_image":false,"_monsterinsights_skip_tracking":false,"_monsterinsights_sitenote_active":false,"_monsterinsights_sitenote_note":"","_monsterinsights_sitenote_category":0},"product_brand":[],"product_cat":[376,178],"product_tag":[],"class_list":{"0":"post-82803","1":"product","2":"type-product","3":"status-publish","4":"has-post-thumbnail","6":"product_cat-autores-psicologia-2_humanidades","7":"product_cat-autors-psicologia","9":"first","10":"instock","11":"taxable","12":"shipping-taxable","13":"purchasable","14":"product-type-simple"},"acf":{"editorial":[{"ID":148068,"post_author":"3","post_date":"2022-10-14 11:55:23","post_date_gmt":"2022-10-14 09:55:23","post_content":"","post_title":"EL GALLO DE ORO","post_excerpt":"","post_status":"publish","comment_status":"closed","ping_status":"closed","post_password":"","post_name":"el-gallo-de-oro","to_ping":"","pinged":"","post_modified":"2022-10-14 11:55:23","post_modified_gmt":"2022-10-14 09:55:23","post_content_filtered":"","post_parent":0,"guid":"http:\/\/dev.claret.cat\/editorial\/el-gallo-de-oro\/","menu_order":0,"post_type":"editorial","post_mime_type":"","comment_count":"0","filter":"raw"}],"autores-libros":[{"ID":156146,"post_author":"3","post_date":"2022-10-14 15:18:29","post_date_gmt":"2022-10-14 13:18:29","post_content":"","post_title":"FRANCESC TORRALBA ROSELL\u00d3","post_excerpt":"","post_status":"publish","comment_status":"closed","ping_status":"closed","post_password":"","post_name":"francesc-torralba-rosello","to_ping":"","pinged":"","post_modified":"2022-10-14 15:18:29","post_modified_gmt":"2022-10-14 13:18:29","post_content_filtered":"","post_parent":0,"guid":"http:\/\/dev.claret.cat\/autor\/francesc-torralba-rosello\/","menu_order":0,"post_type":"autor","post_mime_type":"","comment_count":"0","filter":"raw"}],"autor":"TORRALBA ROSELL\u00d3, FRANCESC","codart":"841234014","libros-coleccion":"Ensayo","ediciones":"1","encuadernacion":"R\u00fastica","fecha_de_publicacion":"01\/09\/2021","novedad":"1","paginas":"174","subtitulo":"","orden":"0","portada":"0","idioma":"spa"},"aioseo_notices":[],"_links":{"self":[{"href":"https:\/\/www.claret.cat\/es\/wp-json\/wp\/v2\/product\/82803","targetHints":{"allow":["GET"]}}],"collection":[{"href":"https:\/\/www.claret.cat\/es\/wp-json\/wp\/v2\/product"}],"about":[{"href":"https:\/\/www.claret.cat\/es\/wp-json\/wp\/v2\/types\/product"}],"wp:featuredmedia":[{"embeddable":true,"href":"https:\/\/www.claret.cat\/es\/wp-json\/wp\/v2\/media\/325725"}],"wp:attachment":[{"href":"https:\/\/www.claret.cat\/es\/wp-json\/wp\/v2\/media?parent=82803"}],"wp:term":[{"taxonomy":"product_brand","embeddable":true,"href":"https:\/\/www.claret.cat\/es\/wp-json\/wp\/v2\/product_brand?post=82803"},{"taxonomy":"product_cat","embeddable":true,"href":"https:\/\/www.claret.cat\/es\/wp-json\/wp\/v2\/product_cat?post=82803"},{"taxonomy":"product_tag","embeddable":true,"href":"https:\/\/www.claret.cat\/es\/wp-json\/wp\/v2\/product_tag?post=82803"}],"curies":[{"name":"wp","href":"https:\/\/api.w.org\/{rel}","templated":true}]}}