{"id":82842,"date":"2022-10-11T17:06:27","date_gmt":"2022-10-11T15:06:27","guid":{"rendered":"http:\/\/dev.claret.cat\/producte\/suicidio-con-azucar\/"},"modified":"2023-07-06T12:01:04","modified_gmt":"2023-07-06T10:01:04","slug":"suicidio-con-azucar-9788491117773","status":"publish","type":"product","link":"https:\/\/www.claret.cat\/es\/libro\/suicidio-con-azucar-9788491117773\/","title":{"rendered":"SUICIDIO CON AZ\u00daCAR"},"content":{"rendered":"<p>Es un adictivo y peligroso polvo blanco que puede encontrarse en abundancia por todas partes. No es ilegal, est\u00e1 disponible en las escuelas, los parques, los trabajos, las casas y los lugares de vacaciones. Est\u00e1 en pr\u00e1cticamente todo lo que comemos, en todo lo que bebemos, y cuando nos falta, nos entra el mono. Esa sustancia blanca de la que abusamos se llama az\u00facar.  Antes asociada s\u00f3lo a las caries y al sobrepeso, ahora se relaciona con efectos devastadores para la salud, incluyendo enfermedades como el c\u00e1ncer, la epilepsia, la demencia, la hipoglucemia, la obesidad y muchas m\u00e1s dolencias nefastas. En este libro, la Dra. Nancy Appleton, experta en adicci\u00f3n al az\u00facar, y el experto en salud G.N. Jacobs no solamente exponen los exorbitantes niveles de az\u00facar que ingerimos, sino que establecen la conexi\u00f3n entre el estado general de salud y las golosinas que ingerimos.<\/p>\n","protected":false},"excerpt":{"rendered":"<p>APPLETON, NANCY \/ JACOBS, G.N.<\/p>\n","protected":false},"featured_media":82843,"template":"","meta":{"_acf_changed":false,"om_disable_all_campaigns":false,"rs_blank_template":"","rs_page_bg_color":"","slide_template_v7":"","inline_featured_image":false,"_monsterinsights_skip_tracking":false,"_monsterinsights_sitenote_active":false,"_monsterinsights_sitenote_note":"","_monsterinsights_sitenote_category":0},"product_brand":[],"product_cat":[547,97],"product_tag":[],"class_list":{"0":"post-82842","1":"product","2":"type-product","3":"status-publish","4":"has-post-thumbnail","6":"product_cat-salud","7":"product_cat-salut","9":"first","10":"instock","11":"taxable","12":"shipping-taxable","13":"purchasable","14":"product-type-simple"},"acf":{"editorial":[{"ID":6318,"post_author":"3","post_date":"2022-07-28 17:49:37","post_date_gmt":"2022-07-28 15:49:37","post_content":"","post_title":"OBELISCO","post_excerpt":"","post_status":"publish","comment_status":"closed","ping_status":"closed","post_password":"","post_name":"obelisco","to_ping":"","pinged":"","post_modified":"2022-07-28 17:49:37","post_modified_gmt":"2022-07-28 15:49:37","post_content_filtered":"","post_parent":0,"guid":"http:\/\/dev.claret.cat\/editorial\/obelisco\/","menu_order":0,"post_type":"editorial","post_mime_type":"","comment_count":"0","filter":"raw"}],"autor":"APPLETON, NANCY \/ JACOBS, G.N.","codart":"849111777","libros-coleccion":"SALUD Y VIDA NATURAL","ediciones":"1","encuadernacion":"R\u00fastica","fecha_de_publicacion":"01\/09\/2021","novedad":"1","paginas":"210","subtitulo":"","orden":"0","portada":"0","idioma":"spa","autores-libros":[{"ID":165604,"post_author":"3","post_date":"2022-10-14 17:56:30","post_date_gmt":"2022-10-14 15:56:30","post_content":"","post_title":"NANCY APPLETON","post_excerpt":"","post_status":"publish","comment_status":"closed","ping_status":"closed","post_password":"","post_name":"nancy-appleton","to_ping":"","pinged":"","post_modified":"2022-10-14 17:56:30","post_modified_gmt":"2022-10-14 15:56:30","post_content_filtered":"","post_parent":0,"guid":"http:\/\/dev.claret.cat\/autor\/nancy-appleton\/","menu_order":0,"post_type":"autor","post_mime_type":"","comment_count":"0","filter":"raw"},{"ID":156495,"post_author":"3","post_date":"2022-10-14 15:21:16","post_date_gmt":"2022-10-14 13:21:16","post_content":"","post_title":"G.N. JACOBS","post_excerpt":"","post_status":"publish","comment_status":"closed","ping_status":"closed","post_password":"","post_name":"g-n-jacobs","to_ping":"","pinged":"","post_modified":"2022-10-14 15:21:16","post_modified_gmt":"2022-10-14 13:21:16","post_content_filtered":"","post_parent":0,"guid":"http:\/\/dev.claret.cat\/autor\/g-n-jacobs\/","menu_order":0,"post_type":"autor","post_mime_type":"","comment_count":"0","filter":"raw"}]},"aioseo_notices":[],"_links":{"self":[{"href":"https:\/\/www.claret.cat\/es\/wp-json\/wp\/v2\/product\/82842","targetHints":{"allow":["GET"]}}],"collection":[{"href":"https:\/\/www.claret.cat\/es\/wp-json\/wp\/v2\/product"}],"about":[{"href":"https:\/\/www.claret.cat\/es\/wp-json\/wp\/v2\/types\/product"}],"wp:featuredmedia":[{"embeddable":true,"href":"https:\/\/www.claret.cat\/es\/wp-json\/wp\/v2\/media\/82843"}],"wp:attachment":[{"href":"https:\/\/www.claret.cat\/es\/wp-json\/wp\/v2\/media?parent=82842"}],"wp:term":[{"taxonomy":"product_brand","embeddable":true,"href":"https:\/\/www.claret.cat\/es\/wp-json\/wp\/v2\/product_brand?post=82842"},{"taxonomy":"product_cat","embeddable":true,"href":"https:\/\/www.claret.cat\/es\/wp-json\/wp\/v2\/product_cat?post=82842"},{"taxonomy":"product_tag","embeddable":true,"href":"https:\/\/www.claret.cat\/es\/wp-json\/wp\/v2\/product_tag?post=82842"}],"curies":[{"name":"wp","href":"https:\/\/api.w.org\/{rel}","templated":true}]}}