{"id":82884,"date":"2022-10-11T17:07:07","date_gmt":"2022-10-11T15:07:07","guid":{"rendered":"http:\/\/dev.claret.cat\/producte\/te-necesitamos\/"},"modified":"2025-01-31T16:11:55","modified_gmt":"2025-01-31T15:11:55","slug":"te-necesitamos-9788424670405","status":"publish","type":"product","link":"https:\/\/www.claret.cat\/es\/libro\/te-necesitamos-9788424670405\/","title":{"rendered":"TE NECESITAMOS"},"content":{"rendered":"<p>Un buen planeta para los ni\u00f1os. Unos buenos ni\u00f1os para el planeta.<\/p>\n<p>Once especies amenazadas de extinci\u00f3n te indican c\u00f3mo puedes colaborar en tu d\u00eda a d\u00eda para evitar su desaparici\u00f3n.<\/p>\n<p>Los seres humanos nos estamos quedando solos en el planeta. Y los principales responsables somos nosotros. Nuestro comportamiento hacia la naturaleza est\u00e1 provocando una extinci\u00f3n masiva de animales. Por eso debemos reaccionar. <\/p>\n<p>En este libro conocer\u00e1s las siguientes especies y su problem\u00e1tica: Oso polar (Cambio clim\u00e1tico) \/ Orangut\u00e1n (Aceite de palma) \/ Koala (Incendios) \/ Lince (Carreteras) \/ Mariposa (Especies invasoras) \/ Delf\u00edn (Pl\u00e1stico en el mar) \/ Murci\u00e9lago (Repulsi\u00f3n social) \/ Gorri\u00f3n (Contaminaci\u00f3n urbana) \/ Pez payaso (Coleccionismo) \/ Nutria (Contaminaci\u00f3n de los r\u00edos) \/ Elefante (Tr\u00e1fico de marfil).<\/p>\n","protected":false},"excerpt":{"rendered":"<p>GALLEGO, JOSE LUIS<\/p>\n","protected":false},"featured_media":82885,"template":"","meta":{"_acf_changed":false,"om_disable_all_campaigns":false,"rs_blank_template":"","rs_page_bg_color":"","slide_template_v7":"","inline_featured_image":false,"_monsterinsights_skip_tracking":false,"_monsterinsights_sitenote_active":false,"_monsterinsights_sitenote_note":"","_monsterinsights_sitenote_category":0},"product_brand":[],"product_cat":[90,540],"product_tag":[],"class_list":{"0":"post-82884","1":"product","2":"type-product","3":"status-publish","4":"has-post-thumbnail","6":"product_cat-altres","7":"product_cat-otros","9":"first","10":"instock","11":"taxable","12":"shipping-taxable","13":"purchasable","14":"product-type-simple"},"acf":{"autor":"GALLEGO, JOSE LUIS","codart":"842467040","libros-coleccion":"\u00c1lbumes ilustrados","ediciones":"1","encuadernacion":"Carton\u00e9","fecha_de_publicacion":"01\/09\/2021","novedad":"1","paginas":"45","subtitulo":"","orden":"0","portada":"0","idioma":"spa","editorial":[{"ID":148189,"post_author":"3","post_date":"2022-10-14 11:56:19","post_date_gmt":"2022-10-14 09:56:19","post_content":"","post_title":"GALERA, EDITORIAL","post_excerpt":"","post_status":"publish","comment_status":"closed","ping_status":"closed","post_password":"","post_name":"galera-editorial","to_ping":"","pinged":"","post_modified":"2022-10-14 11:56:19","post_modified_gmt":"2022-10-14 09:56:19","post_content_filtered":"","post_parent":0,"guid":"http:\/\/dev.claret.cat\/editorial\/galera-editorial\/","menu_order":0,"post_type":"editorial","post_mime_type":"","comment_count":"0","filter":"raw"}],"autores-libros":[{"ID":160325,"post_author":"3","post_date":"2022-10-14 15:52:09","post_date_gmt":"2022-10-14 13:52:09","post_content":"","post_title":"JOS\u00c9 LUIS GALLEGO","post_excerpt":"","post_status":"publish","comment_status":"closed","ping_status":"closed","post_password":"","post_name":"jose-luis-gallego","to_ping":"","pinged":"","post_modified":"2022-10-14 15:52:09","post_modified_gmt":"2022-10-14 13:52:09","post_content_filtered":"","post_parent":0,"guid":"http:\/\/dev.claret.cat\/autor\/jose-luis-gallego\/","menu_order":0,"post_type":"autor","post_mime_type":"","comment_count":"0","filter":"raw"}]},"aioseo_notices":[],"_links":{"self":[{"href":"https:\/\/www.claret.cat\/es\/wp-json\/wp\/v2\/product\/82884","targetHints":{"allow":["GET"]}}],"collection":[{"href":"https:\/\/www.claret.cat\/es\/wp-json\/wp\/v2\/product"}],"about":[{"href":"https:\/\/www.claret.cat\/es\/wp-json\/wp\/v2\/types\/product"}],"wp:featuredmedia":[{"embeddable":true,"href":"https:\/\/www.claret.cat\/es\/wp-json\/wp\/v2\/media\/82885"}],"wp:attachment":[{"href":"https:\/\/www.claret.cat\/es\/wp-json\/wp\/v2\/media?parent=82884"}],"wp:term":[{"taxonomy":"product_brand","embeddable":true,"href":"https:\/\/www.claret.cat\/es\/wp-json\/wp\/v2\/product_brand?post=82884"},{"taxonomy":"product_cat","embeddable":true,"href":"https:\/\/www.claret.cat\/es\/wp-json\/wp\/v2\/product_cat?post=82884"},{"taxonomy":"product_tag","embeddable":true,"href":"https:\/\/www.claret.cat\/es\/wp-json\/wp\/v2\/product_tag?post=82884"}],"curies":[{"name":"wp","href":"https:\/\/api.w.org\/{rel}","templated":true}]}}