{"id":82911,"date":"2022-10-11T17:07:26","date_gmt":"2022-10-11T15:07:26","guid":{"rendered":"http:\/\/dev.claret.cat\/producte\/martin-no-me-gusta\/"},"modified":"2025-01-31T16:08:09","modified_gmt":"2025-01-31T15:08:09","slug":"martin-no-me-gusta-9788424671372","status":"publish","type":"product","link":"https:\/\/www.claret.cat\/es\/libro\/martin-no-me-gusta-9788424671372\/","title":{"rendered":"MART\u00cdN. \u00a1NO ME GUSTA!"},"content":{"rendered":"<p>Mart\u00edn tiene cuatro a\u00f1os y medio. Le gustan los caramelos, los dinosaurios, construir castillos con almohadas y los videojuegos. Tiene una hermana peque\u00f1a, Zoe, y un perro. Su padre es profesor y le encanta cocinar para su familia, mientras que la madre de Mart\u00edn trabaja muchas horas en una gran empresa medioambiental. <\/p>\n<p>Como cualquier ni\u00f1o que crezca en la d\u00e9cada de 2020, Mart\u00edn se pregunta por las grandes y peque\u00f1as cosas que afectan a su vida diaria, desde el horrible sabor de las verduras hasta el atractivo de las pantallas de los m\u00f3viles. Mart\u00edn se interesa por todo lo que le rodea y hace muchas preguntas. Y est\u00e1 muy contento de ense\u00f1ar todo lo que aprende a su conejito de peluche.<\/p>\n<p>Mart\u00edn, una serie con un protagonista que ayudar\u00e1 a los peque\u00f1os lectores y a sus padres a resolver los problemas cotidianos en casa (h\u00e1bitos) y fuera de ella (evoluci\u00f3n de la sociedad).<\/p>\n","protected":false},"excerpt":{"rendered":"<p>TILL THE CAT<\/p>\n","protected":false},"featured_media":453561,"template":"","meta":{"_acf_changed":false,"om_disable_all_campaigns":false,"rs_blank_template":"","rs_page_bg_color":"","slide_template_v7":"","inline_featured_image":false,"_monsterinsights_skip_tracking":false,"_monsterinsights_sitenote_active":false,"_monsterinsights_sitenote_note":"","_monsterinsights_sitenote_category":0},"product_brand":[],"product_cat":[132,362],"product_tag":[],"class_list":{"0":"post-82911","1":"product","2":"type-product","3":"status-publish","4":"has-post-thumbnail","6":"product_cat-lectures-per-preadolescents-6-12-anys","7":"product_cat-libros-preadolescentes-6-12-anos","9":"first","10":"instock","11":"taxable","12":"shipping-taxable","13":"purchasable","14":"product-type-simple"},"acf":{"autor":"TILL THE CAT","codart":"842467137","libros-coleccion":"FORA DE COL.LECCI\u00d3","ediciones":"1","encuadernacion":"Carton\u00e9","fecha_de_publicacion":"01\/09\/2021","novedad":"1","paginas":"45","subtitulo":"","orden":"0","portada":"0","idioma":"spa","editorial":[{"ID":148189,"post_author":"3","post_date":"2022-10-14 11:56:19","post_date_gmt":"2022-10-14 09:56:19","post_content":"","post_title":"GALERA, EDITORIAL","post_excerpt":"","post_status":"publish","comment_status":"closed","ping_status":"closed","post_password":"","post_name":"galera-editorial","to_ping":"","pinged":"","post_modified":"2022-10-14 11:56:19","post_modified_gmt":"2022-10-14 09:56:19","post_content_filtered":"","post_parent":0,"guid":"http:\/\/dev.claret.cat\/editorial\/galera-editorial\/","menu_order":0,"post_type":"editorial","post_mime_type":"","comment_count":"0","filter":"raw"}],"autores-libros":[{"ID":170386,"post_author":"3","post_date":"2022-10-14 22:34:54","post_date_gmt":"2022-10-14 20:34:54","post_content":"","post_title":"TILL THE CAT","post_excerpt":"","post_status":"publish","comment_status":"closed","ping_status":"closed","post_password":"","post_name":"till-the-cat","to_ping":"","pinged":"","post_modified":"2022-10-14 22:34:54","post_modified_gmt":"2022-10-14 20:34:54","post_content_filtered":"","post_parent":0,"guid":"http:\/\/dev.claret.cat\/autor\/till-the-cat\/","menu_order":0,"post_type":"autor","post_mime_type":"","comment_count":"0","filter":"raw"}]},"aioseo_notices":[],"_links":{"self":[{"href":"https:\/\/www.claret.cat\/es\/wp-json\/wp\/v2\/product\/82911","targetHints":{"allow":["GET"]}}],"collection":[{"href":"https:\/\/www.claret.cat\/es\/wp-json\/wp\/v2\/product"}],"about":[{"href":"https:\/\/www.claret.cat\/es\/wp-json\/wp\/v2\/types\/product"}],"wp:featuredmedia":[{"embeddable":true,"href":"https:\/\/www.claret.cat\/es\/wp-json\/wp\/v2\/media\/453561"}],"wp:attachment":[{"href":"https:\/\/www.claret.cat\/es\/wp-json\/wp\/v2\/media?parent=82911"}],"wp:term":[{"taxonomy":"product_brand","embeddable":true,"href":"https:\/\/www.claret.cat\/es\/wp-json\/wp\/v2\/product_brand?post=82911"},{"taxonomy":"product_cat","embeddable":true,"href":"https:\/\/www.claret.cat\/es\/wp-json\/wp\/v2\/product_cat?post=82911"},{"taxonomy":"product_tag","embeddable":true,"href":"https:\/\/www.claret.cat\/es\/wp-json\/wp\/v2\/product_tag?post=82911"}],"curies":[{"name":"wp","href":"https:\/\/api.w.org\/{rel}","templated":true}]}}