{"id":82914,"date":"2022-10-11T17:07:28","date_gmt":"2022-10-11T15:07:28","guid":{"rendered":"http:\/\/dev.claret.cat\/producte\/marti-i-les-pantalles\/"},"modified":"2025-01-31T16:07:53","modified_gmt":"2025-01-31T15:07:53","slug":"marti-i-les-pantalles-9788424671358","status":"publish","type":"product","link":"https:\/\/www.claret.cat\/es\/libro\/marti-i-les-pantalles-9788424671358\/","title":{"rendered":"MART\u00cd I LES PANTALLES"},"content":{"rendered":"<p>En Mart\u00ed t\u00e9 quatre anys i mig. Li agraden els caramels, els dinosaures, construir castells de coixins i els videojocs. T\u00e9 una germana petita, la Zoe, i un gos. El seu pare \u00e9s professor i li encanta cuinar per a la fam\u00edlia, i la seva mare treballa moltes hores a una gran empresa mediambiental. <\/p>\n<p>Com qualsevol nen que creixi a la d\u00e8cada de 2020, en Mart\u00ed es fa moltes preguntes sobre les coses grans i petites que afecten el seu dia a dia, des del terrible gust de les verdures fins a l&#8221;atracci\u00f3 per les pantalles dels m\u00f2bils. En Mart\u00ed s&#8221;interessa per tot el que l&#8221;envolta i fa moltes preguntes. I est\u00e0 molt content d&#8221;ensenyar tot el que apr\u00e8n al seu conillet de peluix.<\/p>\n<p>Mart\u00ed, una s\u00e8rie amb un protagonista que ajudar\u00e0 als lectors m\u00e9s petits i als seus pares a resoldre els problemes quotidians a casa (h\u00e0bits) i fora (evoluci\u00f3 de la societat).<\/p>\n","protected":false},"excerpt":{"rendered":"<p>TILL THE CAT<\/p>\n","protected":false},"featured_media":82915,"template":"","meta":{"_acf_changed":false,"om_disable_all_campaigns":false,"rs_blank_template":"","rs_page_bg_color":"","slide_template_v7":"","inline_featured_image":false,"_monsterinsights_skip_tracking":false,"_monsterinsights_sitenote_active":false,"_monsterinsights_sitenote_note":"","_monsterinsights_sitenote_category":0},"product_brand":[],"product_cat":[131,361],"product_tag":[],"class_list":{"0":"post-82914","1":"product","2":"type-product","3":"status-publish","4":"has-post-thumbnail","6":"product_cat-contes-per-infants-0-6-anys","7":"product_cat-cuentos-para-ninos-0-6-anos","9":"first","10":"instock","11":"taxable","12":"shipping-taxable","13":"purchasable","14":"product-type-simple"},"acf":{"autor":"TILL THE CAT","codart":"842467135","libros-coleccion":"FORA DE COL.LECCI\u00d3","ediciones":"1","encuadernacion":"Carton\u00e9","fecha_de_publicacion":"01\/09\/2021","novedad":"1","paginas":"45","subtitulo":"","orden":"0","portada":"0","idioma":"cat","editorial":[{"ID":148189,"post_author":"3","post_date":"2022-10-14 11:56:19","post_date_gmt":"2022-10-14 09:56:19","post_content":"","post_title":"GALERA, EDITORIAL","post_excerpt":"","post_status":"publish","comment_status":"closed","ping_status":"closed","post_password":"","post_name":"galera-editorial","to_ping":"","pinged":"","post_modified":"2022-10-14 11:56:19","post_modified_gmt":"2022-10-14 09:56:19","post_content_filtered":"","post_parent":0,"guid":"http:\/\/dev.claret.cat\/editorial\/galera-editorial\/","menu_order":0,"post_type":"editorial","post_mime_type":"","comment_count":"0","filter":"raw"}],"autores-libros":[{"ID":170386,"post_author":"3","post_date":"2022-10-14 22:34:54","post_date_gmt":"2022-10-14 20:34:54","post_content":"","post_title":"TILL THE CAT","post_excerpt":"","post_status":"publish","comment_status":"closed","ping_status":"closed","post_password":"","post_name":"till-the-cat","to_ping":"","pinged":"","post_modified":"2022-10-14 22:34:54","post_modified_gmt":"2022-10-14 20:34:54","post_content_filtered":"","post_parent":0,"guid":"http:\/\/dev.claret.cat\/autor\/till-the-cat\/","menu_order":0,"post_type":"autor","post_mime_type":"","comment_count":"0","filter":"raw"}]},"aioseo_notices":[],"_links":{"self":[{"href":"https:\/\/www.claret.cat\/es\/wp-json\/wp\/v2\/product\/82914","targetHints":{"allow":["GET"]}}],"collection":[{"href":"https:\/\/www.claret.cat\/es\/wp-json\/wp\/v2\/product"}],"about":[{"href":"https:\/\/www.claret.cat\/es\/wp-json\/wp\/v2\/types\/product"}],"wp:featuredmedia":[{"embeddable":true,"href":"https:\/\/www.claret.cat\/es\/wp-json\/wp\/v2\/media\/82915"}],"wp:attachment":[{"href":"https:\/\/www.claret.cat\/es\/wp-json\/wp\/v2\/media?parent=82914"}],"wp:term":[{"taxonomy":"product_brand","embeddable":true,"href":"https:\/\/www.claret.cat\/es\/wp-json\/wp\/v2\/product_brand?post=82914"},{"taxonomy":"product_cat","embeddable":true,"href":"https:\/\/www.claret.cat\/es\/wp-json\/wp\/v2\/product_cat?post=82914"},{"taxonomy":"product_tag","embeddable":true,"href":"https:\/\/www.claret.cat\/es\/wp-json\/wp\/v2\/product_tag?post=82914"}],"curies":[{"name":"wp","href":"https:\/\/api.w.org\/{rel}","templated":true}]}}