{"id":82944,"date":"2022-10-11T17:07:52","date_gmt":"2022-10-11T15:07:52","guid":{"rendered":"http:\/\/dev.claret.cat\/producte\/la-ilustrisima\/"},"modified":"2023-01-28T19:54:37","modified_gmt":"2023-01-28T18:54:37","slug":"la-ilustrisima-9788417847784","status":"publish","type":"product","link":"https:\/\/www.claret.cat\/es\/libro\/la-ilustrisima-9788417847784\/","title":{"rendered":"LA ILUSTR\u00cdSIMA"},"content":{"rendered":"<p>El 12 de mayo de 2014 la ciudad se estremeci\u00f3: el cad\u00e1ver de la presidenta de la Diputaci\u00f3n yac\u00eda sobre la pasarela que cruzaba todos los lunes de camino a la sede de su partido.<br \/> De inmediato, una s\u00e1bana de rumores y especulaciones cubri\u00f3 su cad\u00e1ver. \u00bfCu\u00e1l, de sus muchos enemigos, podr\u00eda tener m\u00e1s motivos para asesinarla? La Ilustr\u00edsima era una mujer odiada y temida. Pol\u00e9mica, ambiciosa, sin pelos en la lengua, acaparadora de cargos, obsesionada por conocer los secretos de toda la ciudad y perseguida por la prensa, que comenzaba a husmear en sus ama\u00f1os y componendas.<br \/> El morbo correr\u00e1 desbocado por las calles lluviosas de una ciudad con ojos y veneno en cada esquina, en cada ventana, descubriendo una trama de odio, celos enfermizos y secretos tejida durante a\u00f1os. Un relato coral, apasionante e ir\u00f3nico que nos habla de corrupci\u00f3n, de poder y de c\u00f3mo este se acepta, o no, cuando quien lo ostenta es una mujer.<br \/> La Ilustr\u00edsima es una novela apabullante, descarnada y certera. Marta Prieto, con una prosa casi naturalista, ha urdido un relato social por momentos hilarante, otros brutal, que es tambi\u00e9n el retrato de una ciudad de provincias en la que parece, solo parece, que nunca pasa nada.<\/p>\n","protected":false},"excerpt":{"rendered":"<p>PRIETO, MARTA<\/p>\n","protected":false},"featured_media":82945,"template":"","meta":{"_acf_changed":false,"om_disable_all_campaigns":false,"rs_blank_template":"","rs_page_bg_color":"","slide_template_v7":"","inline_featured_image":false,"_monsterinsights_skip_tracking":false,"_monsterinsights_sitenote_active":false,"_monsterinsights_sitenote_note":"","_monsterinsights_sitenote_category":0},"product_brand":[],"product_cat":[127],"product_tag":[],"class_list":{"0":"post-82944","1":"product","2":"type-product","3":"status-publish","4":"has-post-thumbnail","6":"product_cat-novella-contemporania","8":"first","9":"instock","10":"taxable","11":"shipping-taxable","12":"purchasable","13":"product-type-simple"},"acf":{"autor":"PRIETO, MARTA","codart":"841784778","libros-coleccion":"Narrativa","ediciones":"1","encuadernacion":"R\u00fastica","fecha_de_publicacion":"01\/09\/2021","novedad":"1","paginas":"329","subtitulo":"","orden":"0","portada":"0","idioma":"spa","editorial":[{"ID":147412,"post_author":"3","post_date":"2022-10-14 11:50:22","post_date_gmt":"2022-10-14 09:50:22","post_content":"","post_title":"ALREVES, EDITORIAL","post_excerpt":"","post_status":"publish","comment_status":"closed","ping_status":"closed","post_password":"","post_name":"alreves-editorial","to_ping":"","pinged":"","post_modified":"2022-10-14 11:50:22","post_modified_gmt":"2022-10-14 09:50:22","post_content_filtered":"","post_parent":0,"guid":"http:\/\/dev.claret.cat\/editorial\/alreves-editorial\/","menu_order":0,"post_type":"editorial","post_mime_type":"","comment_count":"0","filter":"raw"}],"autores-libros":[{"ID":164206,"post_author":"3","post_date":"2022-10-14 17:45:13","post_date_gmt":"2022-10-14 15:45:13","post_content":"","post_title":"MARTA PRIETO","post_excerpt":"","post_status":"publish","comment_status":"closed","ping_status":"closed","post_password":"","post_name":"marta-prieto","to_ping":"","pinged":"","post_modified":"2022-10-14 17:45:13","post_modified_gmt":"2022-10-14 15:45:13","post_content_filtered":"","post_parent":0,"guid":"http:\/\/dev.claret.cat\/autor\/marta-prieto\/","menu_order":0,"post_type":"autor","post_mime_type":"","comment_count":"0","filter":"raw"}]},"aioseo_notices":[],"_links":{"self":[{"href":"https:\/\/www.claret.cat\/es\/wp-json\/wp\/v2\/product\/82944","targetHints":{"allow":["GET"]}}],"collection":[{"href":"https:\/\/www.claret.cat\/es\/wp-json\/wp\/v2\/product"}],"about":[{"href":"https:\/\/www.claret.cat\/es\/wp-json\/wp\/v2\/types\/product"}],"wp:featuredmedia":[{"embeddable":true,"href":"https:\/\/www.claret.cat\/es\/wp-json\/wp\/v2\/media\/82945"}],"wp:attachment":[{"href":"https:\/\/www.claret.cat\/es\/wp-json\/wp\/v2\/media?parent=82944"}],"wp:term":[{"taxonomy":"product_brand","embeddable":true,"href":"https:\/\/www.claret.cat\/es\/wp-json\/wp\/v2\/product_brand?post=82944"},{"taxonomy":"product_cat","embeddable":true,"href":"https:\/\/www.claret.cat\/es\/wp-json\/wp\/v2\/product_cat?post=82944"},{"taxonomy":"product_tag","embeddable":true,"href":"https:\/\/www.claret.cat\/es\/wp-json\/wp\/v2\/product_tag?post=82944"}],"curies":[{"name":"wp","href":"https:\/\/api.w.org\/{rel}","templated":true}]}}