{"id":82977,"date":"2022-10-11T17:08:16","date_gmt":"2022-10-11T15:08:16","guid":{"rendered":"http:\/\/dev.claret.cat\/producte\/kokoro\/"},"modified":"2023-01-28T02:35:03","modified_gmt":"2023-01-28T01:35:03","slug":"kokoro-9788417419943","status":"publish","type":"product","link":"https:\/\/www.claret.cat\/es\/libro\/kokoro-9788417419943\/","title":{"rendered":"KOKORO"},"content":{"rendered":"<p>En el confuso tr\u00e1nsito de la juventud a la edad adulta, un ingenuo estudiante trata de buscar sentido a su vida cuando conoce a Sensei, un intelectual aislado del mundo al que convertir\u00e1 en su referente y mentor. En un momento crucial de su vida, la aparici\u00f3n de Sensei causa un profundo impacto en este joven idealista, que no alcanza a comprender la inacci\u00f3n a la que ha decidido entregarse su maestro. Solo tras la muerte del emperador Meiji y con la llegada de una nueva era para Jap\u00f3n, el joven lograr\u00e1 descifrar la pasividad nihilista en la que navega el coraz\u00f3n atormentado de su admirado maestro.La obra maestra de Soseki: una obra sobria pero elocuente en sus silencios, una novela articulada mediante una estructura narrativa inteligente y un lenguaje sencillo a la par que l\u00edrico.<\/p>\n","protected":false},"excerpt":{"rendered":"<p>NATSUME, SOSEKI<\/p>\n","protected":false},"featured_media":82978,"template":"","meta":{"_acf_changed":false,"om_disable_all_campaigns":false,"rs_blank_template":"","rs_page_bg_color":"","slide_template_v7":"","inline_featured_image":false,"_monsterinsights_skip_tracking":false,"_monsterinsights_sitenote_active":false,"_monsterinsights_sitenote_note":"","_monsterinsights_sitenote_category":0},"product_brand":[],"product_cat":[123],"product_tag":[],"class_list":{"0":"post-82977","1":"product","2":"type-product","3":"status-publish","4":"has-post-thumbnail","6":"product_cat-classica","8":"first","9":"instock","10":"taxable","11":"shipping-taxable","12":"purchasable","13":"product-type-simple"},"acf":{"autor":"NATSUME, SOSEKI","codart":"841741994","libros-coleccion":"CLASICOS SATORI","ediciones":"1","encuadernacion":"Carpeta","fecha_de_publicacion":"01\/09\/2021","novedad":"1","paginas":"336","subtitulo":"","orden":"0","portada":"0","idioma":"spa","editorial":[{"ID":148791,"post_author":"3","post_date":"2022-10-14 12:01:01","post_date_gmt":"2022-10-14 10:01:01","post_content":"","post_title":"SATORI EDICIONES C.B.","post_excerpt":"","post_status":"publish","comment_status":"closed","ping_status":"closed","post_password":"","post_name":"satori-ediciones-c-b","to_ping":"","pinged":"","post_modified":"2022-10-14 12:01:01","post_modified_gmt":"2022-10-14 10:01:01","post_content_filtered":"","post_parent":0,"guid":"http:\/\/dev.claret.cat\/editorial\/satori-ediciones-c-b\/","menu_order":0,"post_type":"editorial","post_mime_type":"","comment_count":"0","filter":"raw"}],"autores-libros":[{"ID":169725,"post_author":"3","post_date":"2022-10-14 22:29:31","post_date_gmt":"2022-10-14 20:29:31","post_content":"","post_title":"SOSEKI NATSUME","post_excerpt":"","post_status":"publish","comment_status":"closed","ping_status":"closed","post_password":"","post_name":"soseki-natsume","to_ping":"","pinged":"","post_modified":"2022-10-14 22:29:31","post_modified_gmt":"2022-10-14 20:29:31","post_content_filtered":"","post_parent":0,"guid":"http:\/\/dev.claret.cat\/autor\/soseki-natsume\/","menu_order":0,"post_type":"autor","post_mime_type":"","comment_count":"0","filter":"raw"}]},"aioseo_notices":[],"_links":{"self":[{"href":"https:\/\/www.claret.cat\/es\/wp-json\/wp\/v2\/product\/82977","targetHints":{"allow":["GET"]}}],"collection":[{"href":"https:\/\/www.claret.cat\/es\/wp-json\/wp\/v2\/product"}],"about":[{"href":"https:\/\/www.claret.cat\/es\/wp-json\/wp\/v2\/types\/product"}],"wp:featuredmedia":[{"embeddable":true,"href":"https:\/\/www.claret.cat\/es\/wp-json\/wp\/v2\/media\/82978"}],"wp:attachment":[{"href":"https:\/\/www.claret.cat\/es\/wp-json\/wp\/v2\/media?parent=82977"}],"wp:term":[{"taxonomy":"product_brand","embeddable":true,"href":"https:\/\/www.claret.cat\/es\/wp-json\/wp\/v2\/product_brand?post=82977"},{"taxonomy":"product_cat","embeddable":true,"href":"https:\/\/www.claret.cat\/es\/wp-json\/wp\/v2\/product_cat?post=82977"},{"taxonomy":"product_tag","embeddable":true,"href":"https:\/\/www.claret.cat\/es\/wp-json\/wp\/v2\/product_tag?post=82977"}],"curies":[{"name":"wp","href":"https:\/\/api.w.org\/{rel}","templated":true}]}}