{"id":83016,"date":"2022-10-11T17:08:50","date_gmt":"2022-10-11T15:08:50","guid":{"rendered":"http:\/\/dev.claret.cat\/producte\/espacios-sagrados\/"},"modified":"2026-03-16T13:27:29","modified_gmt":"2026-03-16T12:27:29","slug":"espacios-sagrados-9788418725111","status":"publish","type":"product","link":"https:\/\/www.claret.cat\/es\/libro\/espacios-sagrados-9788418725111\/","title":{"rendered":"ESPACIOS SAGRADOS"},"content":{"rendered":"<p>* Desde los menhires de Callanish, en Escocia, hasta los 20 000 templos de Bali, y la tierra de las cascadas en Brasil hasta el Camino de Santiago en Espa\u00f1a: una gu\u00eda para los que buscan destinos ins\u00f3litos e instructivos.<br \/> * Lugares que ofrecen la oportunidad de tomarse un tiempo y experimentar un viaje del alma: santuarios de la naturaleza, lugares de curaci\u00f3n, silencio o recuerdo.<br \/> * Para los aventureros espirituales en todas partes.<\/p>\n<p> Una nueva e impresionante obra para quienes buscan destinos inusuales, tanto para viajar desde el sill\u00f3n como para inspirarse en viajes futuros, centrada especialmente en las experiencias, adem\u00e1s de incluir una descripci\u00f3n completa del lugar. Tambi\u00e9n se presenta la historia y la geograf\u00eda del sitio, las an\u00e9cdotas significativas, fechas m\u00e1s adecuadas para realizar la visita, mitos, leyendas y ceremonias.<\/p>\n<p> Los viajeros de bienestar buscan experiencias transformadoras: el bienestar es, por naturaleza, un viaje y una b\u00fasqueda. El concepto de viaje transformador incluye encontrar experiencias a trav\u00e9s de viajes que cambian de perspectiva y permiten la desintoxicaci\u00f3n digital, la conexi\u00f3n con uno mismo, la naturaleza, las comunidades y un sentido de perspectiva general de la vida.<\/p>\n","protected":false},"excerpt":{"rendered":"<p>GOGERTY, CLARE<\/p>\n","protected":false},"featured_media":83017,"template":"","meta":{"_acf_changed":false,"om_disable_all_campaigns":false,"rs_blank_template":"","rs_page_bg_color":"","slide_template_v7":"","inline_featured_image":false,"_monsterinsights_skip_tracking":false,"_monsterinsights_sitenote_active":false,"_monsterinsights_sitenote_note":"","_monsterinsights_sitenote_category":0},"product_brand":[],"product_cat":[105,555],"product_tag":[],"class_list":{"0":"post-83016","1":"product","2":"type-product","3":"status-publish","4":"has-post-thumbnail","6":"product_cat-regal","7":"product_cat-regalo","9":"first","10":"instock","11":"taxable","12":"shipping-taxable","13":"purchasable","14":"product-type-simple"},"acf":{"autor":"GOGERTY, CLARE","codart":"841872511","libros-coleccion":"","ediciones":"1","encuadernacion":"Carton\u00e9","fecha_de_publicacion":"01\/09\/2021","novedad":"1","paginas":"224","subtitulo":"","orden":"0","portada":"0","idioma":"spa","editorial":[{"ID":147554,"post_author":"3","post_date":"2022-10-14 11:51:27","post_date_gmt":"2022-10-14 09:51:27","post_content":"","post_title":"BLUME (Naturart)","post_excerpt":"","post_status":"publish","comment_status":"closed","ping_status":"closed","post_password":"","post_name":"blume-naturart","to_ping":"","pinged":"","post_modified":"2022-10-14 11:51:27","post_modified_gmt":"2022-10-14 09:51:27","post_content_filtered":"","post_parent":0,"guid":"http:\/\/dev.claret.cat\/editorial\/blume-naturart\/","menu_order":0,"post_type":"editorial","post_mime_type":"","comment_count":"0","filter":"raw"}],"autores-libros":[{"ID":153054,"post_author":"3","post_date":"2022-10-14 14:53:42","post_date_gmt":"2022-10-14 12:53:42","post_content":"","post_title":"CLARE GOGERTY","post_excerpt":"","post_status":"publish","comment_status":"closed","ping_status":"closed","post_password":"","post_name":"clare-gogerty","to_ping":"","pinged":"","post_modified":"2022-10-14 14:53:42","post_modified_gmt":"2022-10-14 12:53:42","post_content_filtered":"","post_parent":0,"guid":"http:\/\/dev.claret.cat\/autor\/clare-gogerty\/","menu_order":0,"post_type":"autor","post_mime_type":"","comment_count":"0","filter":"raw"}],"booktrailer":"","resenas":""},"aioseo_notices":[],"_links":{"self":[{"href":"https:\/\/www.claret.cat\/es\/wp-json\/wp\/v2\/product\/83016","targetHints":{"allow":["GET"]}}],"collection":[{"href":"https:\/\/www.claret.cat\/es\/wp-json\/wp\/v2\/product"}],"about":[{"href":"https:\/\/www.claret.cat\/es\/wp-json\/wp\/v2\/types\/product"}],"wp:featuredmedia":[{"embeddable":true,"href":"https:\/\/www.claret.cat\/es\/wp-json\/wp\/v2\/media\/83017"}],"wp:attachment":[{"href":"https:\/\/www.claret.cat\/es\/wp-json\/wp\/v2\/media?parent=83016"}],"wp:term":[{"taxonomy":"product_brand","embeddable":true,"href":"https:\/\/www.claret.cat\/es\/wp-json\/wp\/v2\/product_brand?post=83016"},{"taxonomy":"product_cat","embeddable":true,"href":"https:\/\/www.claret.cat\/es\/wp-json\/wp\/v2\/product_cat?post=83016"},{"taxonomy":"product_tag","embeddable":true,"href":"https:\/\/www.claret.cat\/es\/wp-json\/wp\/v2\/product_tag?post=83016"}],"curies":[{"name":"wp","href":"https:\/\/api.w.org\/{rel}","templated":true}]}}