{"id":83064,"date":"2022-10-11T17:09:28","date_gmt":"2022-10-11T15:09:28","guid":{"rendered":"http:\/\/dev.claret.cat\/producte\/por-que-me-duele\/"},"modified":"2026-03-04T19:52:37","modified_gmt":"2026-03-04T18:52:37","slug":"por-que-me-duele-9788412355536","status":"publish","type":"product","link":"https:\/\/www.claret.cat\/es\/libro\/por-que-me-duele-9788412355536\/","title":{"rendered":"\u00bfPOR QU\u00c9 ME DUELE?"},"content":{"rendered":"<p>\u00bfPor qu\u00e9 me duele? \u00bfPara qu\u00e9 sirve que me duela? \u00bfPuedo vivir sin dolor?Todos hemos experimentado dolor en alg\u00fan momento de nuestra vida y, con toda seguridad, cada uno ha tratado de combatirlo con mayor o menor \u00e9xito. En este libro, a partir de los conocimientos actuales sobre la fisiolog\u00eda del dolor, la profesora Susana Gayt\u00e1n trata de responder muchas de las preguntas que nos hacemos al respecto. De este modo, logra mostrarnos c\u00f3mo el an\u00e1lisis de las diversas formas de padecimiento humano puede arrojar luz sobre el valor del dolor y c\u00f3mo la herencia cultural condiciona nuestro modo de afrontarlo.El dolor cuenta una historia, y solo al releerla lograremos comprender cu\u00e1ndo, por qu\u00e9 y para qu\u00e9 empez\u00f3 a doler.<\/p>\n","protected":false},"excerpt":{"rendered":"<p>SUSANA PILAR GAYT\u00c1N GU\u00cdA<\/p>\n","protected":false},"featured_media":1088013,"template":"","meta":{"_acf_changed":false,"om_disable_all_campaigns":false,"rs_blank_template":"","rs_page_bg_color":"","slide_template_v7":"","inline_featured_image":false,"_monsterinsights_skip_tracking":false,"_monsterinsights_sitenote_active":false,"_monsterinsights_sitenote_note":"","_monsterinsights_sitenote_category":0},"product_brand":[],"product_cat":[547,97],"product_tag":[],"class_list":{"0":"post-83064","1":"product","2":"type-product","3":"status-publish","4":"has-post-thumbnail","6":"product_cat-salud","7":"product_cat-salut","9":"first","10":"outofstock","11":"taxable","12":"shipping-taxable","13":"purchasable","14":"product-type-simple"},"acf":{"editorial":[{"ID":148572,"post_author":"3","post_date":"2022-10-14 11:59:17","post_date_gmt":"2022-10-14 09:59:17","post_content":"","post_title":"Next Door Publishers","post_excerpt":"","post_status":"publish","comment_status":"closed","ping_status":"closed","post_password":"","post_name":"next-door-publishers","to_ping":"","pinged":"","post_modified":"2022-10-14 11:59:17","post_modified_gmt":"2022-10-14 09:59:17","post_content_filtered":"","post_parent":0,"guid":"http:\/\/dev.claret.cat\/editorial\/next-door-publishers\/","menu_order":0,"post_type":"editorial","post_mime_type":"","comment_count":"0","filter":"raw"}],"autores-libros":[{"ID":169957,"post_author":"3","post_date":"2022-10-14 22:31:23","post_date_gmt":"2022-10-14 20:31:23","post_content":"","post_title":"SUSANA PILAR GAYT\u00c1N GU\u00cdA","post_excerpt":"","post_status":"publish","comment_status":"closed","ping_status":"closed","post_password":"","post_name":"susana-pilar-gaytan-guia","to_ping":"","pinged":"","post_modified":"2022-10-14 22:31:23","post_modified_gmt":"2022-10-14 20:31:23","post_content_filtered":"","post_parent":0,"guid":"http:\/\/dev.claret.cat\/autor\/susana-pilar-gaytan-guia\/","menu_order":0,"post_type":"autor","post_mime_type":"","comment_count":"0","filter":"raw"}],"autor":"SUSANA PILAR GAYT\u00c1N GU\u00cdA","codart":"841235553","libros-coleccion":"El Caf\u00e9 Cajal","ediciones":"1","encuadernacion":"R\u00fastica","fecha_de_publicacion":"01\/09\/2021","novedad":"0","paginas":"330","subtitulo":"LA CIENCIA DEL DOLOR","orden":"0","portada":"0","idioma":"spa","booktrailer":"","resenas":""},"aioseo_notices":[],"_links":{"self":[{"href":"https:\/\/www.claret.cat\/es\/wp-json\/wp\/v2\/product\/83064","targetHints":{"allow":["GET"]}}],"collection":[{"href":"https:\/\/www.claret.cat\/es\/wp-json\/wp\/v2\/product"}],"about":[{"href":"https:\/\/www.claret.cat\/es\/wp-json\/wp\/v2\/types\/product"}],"wp:featuredmedia":[{"embeddable":true,"href":"https:\/\/www.claret.cat\/es\/wp-json\/wp\/v2\/media\/1088013"}],"wp:attachment":[{"href":"https:\/\/www.claret.cat\/es\/wp-json\/wp\/v2\/media?parent=83064"}],"wp:term":[{"taxonomy":"product_brand","embeddable":true,"href":"https:\/\/www.claret.cat\/es\/wp-json\/wp\/v2\/product_brand?post=83064"},{"taxonomy":"product_cat","embeddable":true,"href":"https:\/\/www.claret.cat\/es\/wp-json\/wp\/v2\/product_cat?post=83064"},{"taxonomy":"product_tag","embeddable":true,"href":"https:\/\/www.claret.cat\/es\/wp-json\/wp\/v2\/product_tag?post=83064"}],"curies":[{"name":"wp","href":"https:\/\/api.w.org\/{rel}","templated":true}]}}