{"id":83106,"date":"2022-10-11T17:10:05","date_gmt":"2022-10-11T15:10:05","guid":{"rendered":"http:\/\/dev.claret.cat\/producte\/isabelle-por-la-tarde\/"},"modified":"2023-01-28T00:14:11","modified_gmt":"2023-01-27T23:14:11","slug":"isabelle-por-la-tarde-9788417623982","status":"publish","type":"product","link":"https:\/\/www.claret.cat\/es\/libro\/isabelle-por-la-tarde-9788417623982\/","title":{"rendered":"ISABELLE POR LA TARDE"},"content":{"rendered":"<p>A\u00f1os 70, Par\u00eds. Sam, un estudiante americano reci\u00e9n llegado a la Ciudad de la Luz para disfrutar brevemente de la vida bohemia, conoce a una mujer en una librer\u00eda. Isabelle es enigm\u00e1tica, hermosa, catorce a\u00f1os mayor que Sam, con gran experiencia en las vicisitudes del amor\u2026, y casada. Lo que comienza como un encuentro fortuito, se convierte en una aventura furtiva, apasionada y constre\u00f1ida en el tiempo, pero que durar\u00e1 d\u00e9cadas. Una aventura que consigue esquivar la monoton\u00eda y la rutina.<br \/>Acompa\u00f1aremos a Sam en un viaje hacia la madurez. Predestinado a ser un abogado de prestigio, late en \u00e9l permanentemente un deseo de fondo: volver a tener entre sus brazos a Isabelle, en cuerpo y alma. Pero, \u00bfest\u00e1 ella dispuesta a sacrificar su vida acomodada por \u00e9l?<br \/>Isabelle por la tarde es una novela sensual y delicada sobre amores frustrados, el destino que nos forjamos y la manera de compartir nuestra verdadera intimidad. Cuando menos lo esperamos, un encuentro casual puede transformar el transcurso de nuestra vida.<\/p>\n","protected":false},"excerpt":{"rendered":"<p>KENNEDY, DOUGLAS<\/p>\n","protected":false},"featured_media":83107,"template":"","meta":{"_acf_changed":false,"om_disable_all_campaigns":false,"rs_blank_template":"","rs_page_bg_color":"","slide_template_v7":"","inline_featured_image":false,"_monsterinsights_skip_tracking":false,"_monsterinsights_sitenote_active":false,"_monsterinsights_sitenote_note":"","_monsterinsights_sitenote_category":0},"product_brand":[],"product_cat":[127],"product_tag":[],"class_list":{"0":"post-83106","1":"product","2":"type-product","3":"status-publish","4":"has-post-thumbnail","6":"product_cat-novella-contemporania","8":"first","9":"instock","10":"taxable","11":"shipping-taxable","12":"purchasable","13":"product-type-simple"},"acf":{"editorial":[{"ID":6127,"post_author":"3","post_date":"2022-07-28 17:45:28","post_date_gmt":"2022-07-28 15:45:28","post_content":"","post_title":"ARPA EDITORES","post_excerpt":"","post_status":"publish","comment_status":"closed","ping_status":"closed","post_password":"","post_name":"arpa-editores","to_ping":"","pinged":"","post_modified":"2022-07-28 17:45:28","post_modified_gmt":"2022-07-28 15:45:28","post_content_filtered":"","post_parent":0,"guid":"http:\/\/dev.claret.cat\/editorial\/arpa-editores\/","menu_order":0,"post_type":"editorial","post_mime_type":"","comment_count":"0","filter":"raw"}],"autor":"KENNEDY, DOUGLAS","codart":"841762398","libros-coleccion":"","ediciones":"1","encuadernacion":"R\u00fastica","fecha_de_publicacion":"01\/09\/2021","novedad":"1","paginas":"384","subtitulo":"","orden":"0","portada":"0","idioma":"spa","autores-libros":[{"ID":154339,"post_author":"3","post_date":"2022-10-14 15:04:02","post_date_gmt":"2022-10-14 13:04:02","post_content":"","post_title":"DOUGLAS KENNEDY","post_excerpt":"","post_status":"publish","comment_status":"closed","ping_status":"closed","post_password":"","post_name":"douglas-kennedy","to_ping":"","pinged":"","post_modified":"2022-10-14 15:04:02","post_modified_gmt":"2022-10-14 13:04:02","post_content_filtered":"","post_parent":0,"guid":"http:\/\/dev.claret.cat\/autor\/douglas-kennedy\/","menu_order":0,"post_type":"autor","post_mime_type":"","comment_count":"0","filter":"raw"}]},"aioseo_notices":[],"_links":{"self":[{"href":"https:\/\/www.claret.cat\/es\/wp-json\/wp\/v2\/product\/83106","targetHints":{"allow":["GET"]}}],"collection":[{"href":"https:\/\/www.claret.cat\/es\/wp-json\/wp\/v2\/product"}],"about":[{"href":"https:\/\/www.claret.cat\/es\/wp-json\/wp\/v2\/types\/product"}],"wp:featuredmedia":[{"embeddable":true,"href":"https:\/\/www.claret.cat\/es\/wp-json\/wp\/v2\/media\/83107"}],"wp:attachment":[{"href":"https:\/\/www.claret.cat\/es\/wp-json\/wp\/v2\/media?parent=83106"}],"wp:term":[{"taxonomy":"product_brand","embeddable":true,"href":"https:\/\/www.claret.cat\/es\/wp-json\/wp\/v2\/product_brand?post=83106"},{"taxonomy":"product_cat","embeddable":true,"href":"https:\/\/www.claret.cat\/es\/wp-json\/wp\/v2\/product_cat?post=83106"},{"taxonomy":"product_tag","embeddable":true,"href":"https:\/\/www.claret.cat\/es\/wp-json\/wp\/v2\/product_tag?post=83106"}],"curies":[{"name":"wp","href":"https:\/\/api.w.org\/{rel}","templated":true}]}}