{"id":83143,"date":"2022-10-11T17:10:37","date_gmt":"2022-10-11T15:10:37","guid":{"rendered":"http:\/\/dev.claret.cat\/producte\/decir-si-a-la-vida\/"},"modified":"2023-01-28T18:12:13","modified_gmt":"2023-01-28T17:12:13","slug":"decir-si-a-la-vida-9788423359899","status":"publish","type":"product","link":"https:\/\/www.claret.cat\/es\/libro\/decir-si-a-la-vida-9788423359899\/","title":{"rendered":"DECIR S\u00cd A LA VIDA"},"content":{"rendered":"<p>M\u00e1s de 100.000 lectores<br \/> Cada ser humano, en su inmensidad y peque\u00f1ez, es una llama que brilla con luz propia y destaca sobre todas las dem\u00e1s. El mundo es un mar de fueguitos, cada uno con su particular historia. Una llama inmemorial que se transmite entre generaciones. Es inevitable que en ocasiones se agite, resplandezca y queme, del mismo modo en que se deja llevar por una peque\u00f1a brisa, enferma o incluso se apaga. Esta es una met\u00e1fora que ha servido durante siglos para definir nuestra existencia, que a veces nos duele o desaf\u00eda m\u00e1s de lo que esper\u00e1bamos.<br \/> Este libro nos instruye, con extrema sensibilidad y virtuosismo, en el arte de caminar la vida y superar sus asuntos clave, y nos ofrece un mapa preciso para salir airosos de cualquier tempestad evitando que quedemos anclados en el sufrimiento. En \u00e9l hallaremos la oportunidad para crecer y aprender a vivir en paz con nosotros mismos. Un sugerente viaje hacia nuestro interior que nos llevar\u00e1 a reflexionar sobre el verdadero sentido de la vida.<br \/> Joan Garriga, uno de los psic\u00f3logos m\u00e1s reconocidos e influyentes en Espa\u00f1a y Am\u00e9rica Latina, nos ense\u00f1a, como si estuvi\u00e9semos sentados en una sesi\u00f3n de terapia y mediante ejemplos reales, a acoger el sufrimiento y convertirlo en fortaleza.<\/p>\n","protected":false},"excerpt":{"rendered":"<p>GARRIGA BACARD\u00cd, JOAN<\/p>\n","protected":false},"featured_media":83144,"template":"","meta":{"_acf_changed":false,"om_disable_all_campaigns":false,"rs_blank_template":"","rs_page_bg_color":"","slide_template_v7":"","inline_featured_image":false,"_monsterinsights_skip_tracking":false,"_monsterinsights_sitenote_active":false,"_monsterinsights_sitenote_note":"","_monsterinsights_sitenote_category":0},"product_brand":[],"product_cat":[179],"product_tag":[],"class_list":{"0":"post-83143","1":"product","2":"type-product","3":"status-publish","4":"has-post-thumbnail","6":"product_cat-autoajuda-i-salut-mental","8":"first","9":"instock","10":"taxable","11":"shipping-taxable","12":"purchasable","13":"product-type-simple"},"acf":{"autor":"GARRIGA BACARD\u00cd, JOAN","codart":"842335989","libros-coleccion":"Imago Mundi","ediciones":"1","encuadernacion":"R\u00fastica","fecha_de_publicacion":"01\/09\/2021","novedad":"1","paginas":"188","subtitulo":"GANAR FORTALEZA Y ABANDONAR EL SUFRIMIENTO","orden":"0","portada":"0","idioma":"spa","editorial":[{"ID":147498,"post_author":"3","post_date":"2022-10-14 11:51:02","post_date_gmt":"2022-10-14 09:51:02","post_content":"","post_title":"Austral","post_excerpt":"","post_status":"publish","comment_status":"closed","ping_status":"closed","post_password":"","post_name":"austral","to_ping":"","pinged":"","post_modified":"2022-10-14 11:51:02","post_modified_gmt":"2022-10-14 09:51:02","post_content_filtered":"","post_parent":0,"guid":"http:\/\/dev.claret.cat\/editorial\/austral\/","menu_order":0,"post_type":"editorial","post_mime_type":"","comment_count":"0","filter":"raw"}],"autores-libros":[{"ID":159326,"post_author":"3","post_date":"2022-10-14 15:43:56","post_date_gmt":"2022-10-14 13:43:56","post_content":"","post_title":"JOAN GARRIGA BACARD\u00cd","post_excerpt":"","post_status":"publish","comment_status":"closed","ping_status":"closed","post_password":"","post_name":"joan-garriga-bacardi","to_ping":"","pinged":"","post_modified":"2022-10-14 15:43:56","post_modified_gmt":"2022-10-14 13:43:56","post_content_filtered":"","post_parent":0,"guid":"http:\/\/dev.claret.cat\/autor\/joan-garriga-bacardi\/","menu_order":0,"post_type":"autor","post_mime_type":"","comment_count":"0","filter":"raw"}]},"aioseo_notices":[],"_links":{"self":[{"href":"https:\/\/www.claret.cat\/es\/wp-json\/wp\/v2\/product\/83143","targetHints":{"allow":["GET"]}}],"collection":[{"href":"https:\/\/www.claret.cat\/es\/wp-json\/wp\/v2\/product"}],"about":[{"href":"https:\/\/www.claret.cat\/es\/wp-json\/wp\/v2\/types\/product"}],"wp:featuredmedia":[{"embeddable":true,"href":"https:\/\/www.claret.cat\/es\/wp-json\/wp\/v2\/media\/83144"}],"wp:attachment":[{"href":"https:\/\/www.claret.cat\/es\/wp-json\/wp\/v2\/media?parent=83143"}],"wp:term":[{"taxonomy":"product_brand","embeddable":true,"href":"https:\/\/www.claret.cat\/es\/wp-json\/wp\/v2\/product_brand?post=83143"},{"taxonomy":"product_cat","embeddable":true,"href":"https:\/\/www.claret.cat\/es\/wp-json\/wp\/v2\/product_cat?post=83143"},{"taxonomy":"product_tag","embeddable":true,"href":"https:\/\/www.claret.cat\/es\/wp-json\/wp\/v2\/product_tag?post=83143"}],"curies":[{"name":"wp","href":"https:\/\/api.w.org\/{rel}","templated":true}]}}