{"id":83161,"date":"2022-10-11T17:10:53","date_gmt":"2022-10-11T15:10:53","guid":{"rendered":"http:\/\/dev.claret.cat\/producte\/la-insolacion\/"},"modified":"2023-01-28T10:22:58","modified_gmt":"2023-01-28T09:22:58","slug":"la-insolacion-9788423360109","status":"publish","type":"product","link":"https:\/\/www.claret.cat\/es\/libro\/la-insolacion-9788423360109\/","title":{"rendered":"LA INSOLACI\u00d3N"},"content":{"rendered":"<p>Una novela que sondea en el mar de la adolescencia, por la autora de Nada.<br \/> La insolaci\u00f3n es la historia de una amistad y de un deslumbramiento. En los veranos de sus catorce, quince y diecis\u00e9is a\u00f1os, Mart\u00edn Soto ha de enfrentarse a su propia sensibilidad, en plena ebullici\u00f3n adolescente. En comuni\u00f3n con la naturaleza, bajo la luz cegadora del sol y la blanca neblina del calor tiemblan y se pierden los contornos de la realidad. El encuentro con los singulares personajes que pueblan el relato \u2014en especial la\u00a0extra\u00f1a familia Corsi, extravagante por libre, frente a la rancia sociedad circundante\u2014 irrumpe en su vida con emociones y aventuras inesperadas. Ingenuo, no percibe que a su alrededor va teji\u00e9ndose una situaci\u00f3n explosiva. El despertar ser\u00e1 doloroso. Ya no es un ni\u00f1o. Abocado a la soledad, se abre un nuevo horizonte.<\/p>\n","protected":false},"excerpt":{"rendered":"<p>LAFORET, CARMEN<\/p>\n","protected":false},"featured_media":83162,"template":"","meta":{"_acf_changed":false,"om_disable_all_campaigns":false,"rs_blank_template":"","rs_page_bg_color":"","slide_template_v7":"","inline_featured_image":false,"_monsterinsights_skip_tracking":false,"_monsterinsights_sitenote_active":false,"_monsterinsights_sitenote_note":"","_monsterinsights_sitenote_category":0},"product_brand":[],"product_cat":[127],"product_tag":[],"class_list":{"0":"post-83161","1":"product","2":"type-product","3":"status-publish","4":"has-post-thumbnail","6":"product_cat-novella-contemporania","8":"first","9":"instock","10":"taxable","11":"shipping-taxable","12":"purchasable","13":"product-type-simple"},"acf":{"autor":"LAFORET, CARMEN","codart":"842336010","libros-coleccion":"CONTEMPORANEA","ediciones":"1","encuadernacion":"R\u00fastica","fecha_de_publicacion":"01\/09\/2021","novedad":"1","paginas":"316","subtitulo":"","orden":"0","portada":"0","idioma":"spa","editorial":[{"ID":147498,"post_author":"3","post_date":"2022-10-14 11:51:02","post_date_gmt":"2022-10-14 09:51:02","post_content":"","post_title":"Austral","post_excerpt":"","post_status":"publish","comment_status":"closed","ping_status":"closed","post_password":"","post_name":"austral","to_ping":"","pinged":"","post_modified":"2022-10-14 11:51:02","post_modified_gmt":"2022-10-14 09:51:02","post_content_filtered":"","post_parent":0,"guid":"http:\/\/dev.claret.cat\/editorial\/austral\/","menu_order":0,"post_type":"editorial","post_mime_type":"","comment_count":"0","filter":"raw"}],"autores-libros":[{"ID":152423,"post_author":"3","post_date":"2022-10-14 14:48:39","post_date_gmt":"2022-10-14 12:48:39","post_content":"","post_title":"CARMEN LAFORET","post_excerpt":"","post_status":"publish","comment_status":"closed","ping_status":"closed","post_password":"","post_name":"carmen-laforet","to_ping":"","pinged":"","post_modified":"2022-10-14 14:48:39","post_modified_gmt":"2022-10-14 12:48:39","post_content_filtered":"","post_parent":0,"guid":"http:\/\/dev.claret.cat\/autor\/carmen-laforet\/","menu_order":0,"post_type":"autor","post_mime_type":"","comment_count":"0","filter":"raw"}]},"aioseo_notices":[],"_links":{"self":[{"href":"https:\/\/www.claret.cat\/es\/wp-json\/wp\/v2\/product\/83161","targetHints":{"allow":["GET"]}}],"collection":[{"href":"https:\/\/www.claret.cat\/es\/wp-json\/wp\/v2\/product"}],"about":[{"href":"https:\/\/www.claret.cat\/es\/wp-json\/wp\/v2\/types\/product"}],"wp:featuredmedia":[{"embeddable":true,"href":"https:\/\/www.claret.cat\/es\/wp-json\/wp\/v2\/media\/83162"}],"wp:attachment":[{"href":"https:\/\/www.claret.cat\/es\/wp-json\/wp\/v2\/media?parent=83161"}],"wp:term":[{"taxonomy":"product_brand","embeddable":true,"href":"https:\/\/www.claret.cat\/es\/wp-json\/wp\/v2\/product_brand?post=83161"},{"taxonomy":"product_cat","embeddable":true,"href":"https:\/\/www.claret.cat\/es\/wp-json\/wp\/v2\/product_cat?post=83161"},{"taxonomy":"product_tag","embeddable":true,"href":"https:\/\/www.claret.cat\/es\/wp-json\/wp\/v2\/product_tag?post=83161"}],"curies":[{"name":"wp","href":"https:\/\/api.w.org\/{rel}","templated":true}]}}