{"id":83194,"date":"2022-10-11T17:11:21","date_gmt":"2022-10-11T15:11:21","guid":{"rendered":"http:\/\/dev.claret.cat\/producte\/miss-pad-thai-la-vida-siendo-una-intensa\/"},"modified":"2023-01-28T22:02:13","modified_gmt":"2023-01-28T21:02:13","slug":"miss-pad-thai-la-vida-siendo-una-intensa-9788417247997","status":"publish","type":"product","link":"https:\/\/www.claret.cat\/es\/libro\/miss-pad-thai-la-vida-siendo-una-intensa-9788417247997\/","title":{"rendered":"MISS PAD THAI. LA VIDA SIENDO UNA INTENSA"},"content":{"rendered":"<p>Todas tenemos una amiga que es una intensa. Y si t\u00fa no la tienes# es que eres t\u00fa. Porque la intensidad es como los chupitos: o doble o nada Con un humor \u00fanico e inconfundible, Miss Pad Thai inunda las redes de  escenas cotidianas en las que vernos reflejados; vi\u00f1etas monas, tiernas  y llenas de risas que representan un relato sobre nuestro d\u00eda a d\u00eda  visto desde el punto de vista m\u00e1s divertido. Momentos con amigos y  amigas, parejas, familia, trabajo&#8230; un libro para re\u00edrse de la vida  misma porque la vida, o se vive con intensidad, \u00a1o no se vive!<\/p>\n","protected":false},"excerpt":{"rendered":"<p>MISS PAD THAI,<\/p>\n","protected":false},"featured_media":83195,"template":"","meta":{"_acf_changed":false,"om_disable_all_campaigns":false,"rs_blank_template":"","rs_page_bg_color":"","slide_template_v7":"","inline_featured_image":false,"_monsterinsights_skip_tracking":false,"_monsterinsights_sitenote_active":false,"_monsterinsights_sitenote_note":"","_monsterinsights_sitenote_category":0},"product_brand":[],"product_cat":[108,114],"product_tag":[],"class_list":{"0":"post-83194","1":"product","2":"type-product","3":"status-publish","4":"has-post-thumbnail","6":"product_cat-comic","7":"product_cat-humor-grafic","9":"first","10":"instock","11":"taxable","12":"shipping-taxable","13":"purchasable","14":"product-type-simple"},"acf":{"autor":"MISS PAD THAI,","codart":"841724799","libros-coleccion":"COMIC","ediciones":"1","encuadernacion":"R\u00fastica","fecha_de_publicacion":"01\/09\/2021","novedad":"1","paginas":"99","subtitulo":"","orden":"0","portada":"0","idioma":"spa","editorial":[{"ID":148729,"post_author":"3","post_date":"2022-10-14 12:00:31","post_date_gmt":"2022-10-14 10:00:31","post_content":"","post_title":"Random C\u00f3mic","post_excerpt":"","post_status":"publish","comment_status":"closed","ping_status":"closed","post_password":"","post_name":"random-comic","to_ping":"","pinged":"","post_modified":"2022-10-14 12:00:31","post_modified_gmt":"2022-10-14 10:00:31","post_content_filtered":"","post_parent":0,"guid":"http:\/\/dev.claret.cat\/editorial\/random-comic\/","menu_order":0,"post_type":"editorial","post_mime_type":"","comment_count":"0","filter":"raw"}],"autores-libros":[{"ID":165244,"post_author":"3","post_date":"2022-10-14 17:53:36","post_date_gmt":"2022-10-14 15:53:36","post_content":"","post_title":"MISS PAD THAI","post_excerpt":"","post_status":"publish","comment_status":"closed","ping_status":"closed","post_password":"","post_name":"miss-pad-thai","to_ping":"","pinged":"","post_modified":"2022-10-14 17:53:36","post_modified_gmt":"2022-10-14 15:53:36","post_content_filtered":"","post_parent":0,"guid":"http:\/\/dev.claret.cat\/autor\/miss-pad-thai\/","menu_order":0,"post_type":"autor","post_mime_type":"","comment_count":"0","filter":"raw"}]},"aioseo_notices":[],"_links":{"self":[{"href":"https:\/\/www.claret.cat\/es\/wp-json\/wp\/v2\/product\/83194","targetHints":{"allow":["GET"]}}],"collection":[{"href":"https:\/\/www.claret.cat\/es\/wp-json\/wp\/v2\/product"}],"about":[{"href":"https:\/\/www.claret.cat\/es\/wp-json\/wp\/v2\/types\/product"}],"wp:featuredmedia":[{"embeddable":true,"href":"https:\/\/www.claret.cat\/es\/wp-json\/wp\/v2\/media\/83195"}],"wp:attachment":[{"href":"https:\/\/www.claret.cat\/es\/wp-json\/wp\/v2\/media?parent=83194"}],"wp:term":[{"taxonomy":"product_brand","embeddable":true,"href":"https:\/\/www.claret.cat\/es\/wp-json\/wp\/v2\/product_brand?post=83194"},{"taxonomy":"product_cat","embeddable":true,"href":"https:\/\/www.claret.cat\/es\/wp-json\/wp\/v2\/product_cat?post=83194"},{"taxonomy":"product_tag","embeddable":true,"href":"https:\/\/www.claret.cat\/es\/wp-json\/wp\/v2\/product_tag?post=83194"}],"curies":[{"name":"wp","href":"https:\/\/api.w.org\/{rel}","templated":true}]}}