{"id":83218,"date":"2022-10-11T17:11:43","date_gmt":"2022-10-11T15:11:43","guid":{"rendered":"http:\/\/dev.claret.cat\/producte\/las-recetas-de-blanca\/"},"modified":"2023-01-28T07:57:36","modified_gmt":"2023-01-28T06:57:36","slug":"las-recetas-de-blanca-9788418055164","status":"publish","type":"product","link":"https:\/\/www.claret.cat\/es\/libro\/las-recetas-de-blanca-9788418055164\/","title":{"rendered":"LAS RECETAS DE BLANCA"},"content":{"rendered":"<p>Recetas para toda la familia y adaptadas a intolerancias. Tras el \u00e9xito de su libro anterior Dime qu\u00e9 comes y te dir\u00e9 qu\u00e9 bacterias tienes Blanca Garc\u00eda-Orea propone 80 recetas nuevas,  f\u00e1ciles de hacer en familia y adaptadas a intolerancias o ciertas  alergias, adem\u00e1s de trucos para colocar y guardar los alimentos  correctamente en la nevera o consejos para las proporciones que deben  tener los distintos grupos de alimentos en nuestro plato. Tambi\u00e9n  aprender\u00e1s la diferencia entre grasas malas y buenas, m\u00e1s trucos para  reducir el \u00edndice gluc\u00e9mico de los alimentos, c\u00f3mo sustituir el az\u00facar  de los platos, qu\u00e9 alimentos debes tomar para alimentar a tu microbiota,  a planificar tu lista de la compra y tus men\u00fas semanales para omn\u00edvoros,  vegetarianos y adaptados a dietas bajas en FODMAPS, y mucho m\u00e1s. Todo se  ha recogido de una forma sencilla y completa para que puedas sacarle el mayor partido y \u00a1comenzar hoy mismo a cuidarte! Otros libros de la autora: DIME QUE COMES Y TE DIRE QUE BACTERIAS TIENES SANOTES, SANITOS<\/p>\n","protected":false},"excerpt":{"rendered":"<p>GARC\u00cdA-OREA HARO (@BLANCANUTRI), BLANCA<\/p>\n","protected":false},"featured_media":83219,"template":"","meta":{"_acf_changed":false,"om_disable_all_campaigns":false,"rs_blank_template":"","rs_page_bg_color":"","slide_template_v7":"","inline_featured_image":false,"_monsterinsights_skip_tracking":false,"_monsterinsights_sitenote_active":false,"_monsterinsights_sitenote_note":"","_monsterinsights_sitenote_category":0},"product_brand":[],"product_cat":[103],"product_tag":[],"class_list":{"0":"post-83218","1":"product","2":"type-product","3":"status-publish","4":"has-post-thumbnail","6":"product_cat-cuina","8":"first","9":"instock","10":"taxable","11":"shipping-taxable","12":"purchasable","13":"product-type-simple"},"acf":{"autores-libros":[{"ID":5302,"post_author":"3","post_date":"2022-07-28 17:21:06","post_date_gmt":"2022-07-28 15:21:06","post_content":"","post_title":"BLANCA GARC\u00cdA-OREA HARO (@BLANCANUTRI)","post_excerpt":"","post_status":"publish","comment_status":"closed","ping_status":"closed","post_password":"","post_name":"blanca-garcia-orea-haro-blancanutri","to_ping":"","pinged":"","post_modified":"2022-07-28 17:21:06","post_modified_gmt":"2022-07-28 15:21:06","post_content_filtered":"","post_parent":0,"guid":"http:\/\/dev.claret.cat\/autor\/blanca-garcia-orea-haro-blancanutri\/","menu_order":0,"post_type":"autor","post_mime_type":"","comment_count":"0","filter":"raw"}],"autor":"GARC\u00cdA-OREA HARO (@BLANCANUTRI), BLANCA","codart":"841805516","libros-coleccion":"FORA DE COL.LECCI\u00d3","ediciones":"1","encuadernacion":"R\u00fastica","fecha_de_publicacion":"01\/10\/2021","novedad":"1","paginas":"288","subtitulo":"TODO SE COCINA EN EL INTESTINO","orden":"0","portada":"0","idioma":"spa","editorial":[{"ID":148228,"post_author":"3","post_date":"2022-10-14 11:56:37","post_date_gmt":"2022-10-14 09:56:37","post_content":"","post_title":"GRIJALBO ILUSTRADOS","post_excerpt":"","post_status":"publish","comment_status":"closed","ping_status":"closed","post_password":"","post_name":"grijalbo-ilustrados","to_ping":"","pinged":"","post_modified":"2022-10-14 11:56:37","post_modified_gmt":"2022-10-14 09:56:37","post_content_filtered":"","post_parent":0,"guid":"http:\/\/dev.claret.cat\/editorial\/grijalbo-ilustrados\/","menu_order":0,"post_type":"editorial","post_mime_type":"","comment_count":"0","filter":"raw"}]},"aioseo_notices":[],"_links":{"self":[{"href":"https:\/\/www.claret.cat\/es\/wp-json\/wp\/v2\/product\/83218","targetHints":{"allow":["GET"]}}],"collection":[{"href":"https:\/\/www.claret.cat\/es\/wp-json\/wp\/v2\/product"}],"about":[{"href":"https:\/\/www.claret.cat\/es\/wp-json\/wp\/v2\/types\/product"}],"wp:featuredmedia":[{"embeddable":true,"href":"https:\/\/www.claret.cat\/es\/wp-json\/wp\/v2\/media\/83219"}],"wp:attachment":[{"href":"https:\/\/www.claret.cat\/es\/wp-json\/wp\/v2\/media?parent=83218"}],"wp:term":[{"taxonomy":"product_brand","embeddable":true,"href":"https:\/\/www.claret.cat\/es\/wp-json\/wp\/v2\/product_brand?post=83218"},{"taxonomy":"product_cat","embeddable":true,"href":"https:\/\/www.claret.cat\/es\/wp-json\/wp\/v2\/product_cat?post=83218"},{"taxonomy":"product_tag","embeddable":true,"href":"https:\/\/www.claret.cat\/es\/wp-json\/wp\/v2\/product_tag?post=83218"}],"curies":[{"name":"wp","href":"https:\/\/api.w.org\/{rel}","templated":true}]}}