{"id":83408,"date":"2022-10-11T17:14:11","date_gmt":"2022-10-11T15:14:11","guid":{"rendered":"http:\/\/dev.claret.cat\/producte\/cuarenta-anos-en-el-circulo-polar\/"},"modified":"2026-02-20T18:15:45","modified_gmt":"2026-02-20T17:15:45","slug":"cuarenta-anos-en-el-circulo-polar-9788430120987","status":"publish","type":"product","link":"https:\/\/www.claret.cat\/es\/libro\/cuarenta-anos-en-el-circulo-polar-9788430120987\/","title":{"rendered":"CUARENTA A\u00d1OS EN EL C\u00cdRCULO POLAR"},"content":{"rendered":"<p>Quien se adentra en las p\u00e1ginas escritas por este pionero de los hielos del \u00c1rtico tendr\u00e1 la extra\u00f1a sensaci\u00f3n de sumergirse en un mundo casi desaparecido. Pero como les sucedi\u00f3 a quienes leyeron estas cr\u00f3nicas por vez primera, viajar\u00e1n con su imaginaci\u00f3n por las tierras que se extienden desde las regiones akulurake\u00f1as hasta la desembocadura del Yuk\u00f3n. La vida se hace aqu\u00ed literatura y la literatura cobra vida. Los azarosos viajes en trineo se entremezclan con las cr\u00f3nicas de la vida en la tundra implacable. Los retratos de personajes singulares y llenos de humanidad, casi primitiva, se interrumpen con las reivindicaciones pol\u00edticas en el Congreso de Alaska en favor de unas mejores condiciones de vida. Y todo ello salpicado de interesantes reflexiones sobre los valores y motivaciones que hacen a los hombres hermanos de camino en cualquiera de los puntos cardinales.<\/p>\n","protected":false},"excerpt":{"rendered":"<p>LLORENTE, SEGUNDO<\/p>\n","protected":false},"featured_media":1085380,"template":"","meta":{"_acf_changed":false,"om_disable_all_campaigns":false,"rs_blank_template":"","rs_page_bg_color":"","slide_template_v7":"","inline_featured_image":false,"_monsterinsights_skip_tracking":false,"_monsterinsights_sitenote_active":false,"_monsterinsights_sitenote_note":"","_monsterinsights_sitenote_category":0},"product_brand":[],"product_cat":[494,244,395,92,542,240],"product_tag":[],"class_list":{"0":"post-83408","1":"product","2":"type-product","3":"status-publish","4":"has-post-thumbnail","6":"product_cat-ignaciana-espiritualidad-1_espiritualidad","7":"product_cat-ignaciana","8":"product_cat-vida-religiosa-espiritualidad-1_espiritualidad","9":"product_cat-vida-religiosa","10":"product_cat-vida-religiosa-1_espiritualidad-spa","11":"product_cat-vida-religiosa-espiritualitat","13":"first","14":"instock","15":"taxable","16":"shipping-taxable","17":"purchasable","18":"product-type-simple"},"acf":{"editorial":[{"ID":6364,"post_author":"3","post_date":"2022-07-28 17:50:36","post_date_gmt":"2022-07-28 15:50:36","post_content":"","post_title":"S\u00edgueme","post_excerpt":"","post_status":"publish","comment_status":"closed","ping_status":"closed","post_password":"","post_name":"sigueme","to_ping":"","pinged":"","post_modified":"2022-07-28 17:50:36","post_modified_gmt":"2022-07-28 15:50:36","post_content_filtered":"","post_parent":0,"guid":"http:\/\/dev.claret.cat\/editorial\/sigueme\/","menu_order":0,"post_type":"editorial","post_mime_type":"","comment_count":"0","filter":"raw"}],"autor":"LLORENTE, SEGUNDO","codart":"843012098","libros-coleccion":"","ediciones":"7","encuadernacion":"R\u00fastica","fecha_de_publicacion":"20\/09\/2021","novedad":"1","paginas":"448","subtitulo":"ANTOLOG\u00cdA","orden":"0","portada":"0","idioma":"spa","autores-libros":[{"ID":169271,"post_author":"3","post_date":"2022-10-14 22:25:53","post_date_gmt":"2022-10-14 20:25:53","post_content":"","post_title":"SEGUNDO LLORENTE","post_excerpt":"","post_status":"publish","comment_status":"closed","ping_status":"closed","post_password":"","post_name":"segundo-llorente","to_ping":"","pinged":"","post_modified":"2022-10-14 22:25:53","post_modified_gmt":"2022-10-14 20:25:53","post_content_filtered":"","post_parent":0,"guid":"http:\/\/dev.claret.cat\/autor\/segundo-llorente\/","menu_order":0,"post_type":"autor","post_mime_type":"","comment_count":"0","filter":"raw"}],"booktrailer":"","resenas":""},"aioseo_notices":[],"_links":{"self":[{"href":"https:\/\/www.claret.cat\/es\/wp-json\/wp\/v2\/product\/83408","targetHints":{"allow":["GET"]}}],"collection":[{"href":"https:\/\/www.claret.cat\/es\/wp-json\/wp\/v2\/product"}],"about":[{"href":"https:\/\/www.claret.cat\/es\/wp-json\/wp\/v2\/types\/product"}],"wp:featuredmedia":[{"embeddable":true,"href":"https:\/\/www.claret.cat\/es\/wp-json\/wp\/v2\/media\/1085380"}],"wp:attachment":[{"href":"https:\/\/www.claret.cat\/es\/wp-json\/wp\/v2\/media?parent=83408"}],"wp:term":[{"taxonomy":"product_brand","embeddable":true,"href":"https:\/\/www.claret.cat\/es\/wp-json\/wp\/v2\/product_brand?post=83408"},{"taxonomy":"product_cat","embeddable":true,"href":"https:\/\/www.claret.cat\/es\/wp-json\/wp\/v2\/product_cat?post=83408"},{"taxonomy":"product_tag","embeddable":true,"href":"https:\/\/www.claret.cat\/es\/wp-json\/wp\/v2\/product_tag?post=83408"}],"curies":[{"name":"wp","href":"https:\/\/api.w.org\/{rel}","templated":true}]}}