{"id":83414,"date":"2022-10-11T17:14:15","date_gmt":"2022-10-11T15:14:15","guid":{"rendered":"http:\/\/dev.claret.cat\/producte\/escuchar-para-ser-obra-completa\/"},"modified":"2026-01-15T17:40:14","modified_gmt":"2026-01-15T16:40:14","slug":"escuchar-para-ser-obra-completa-9788430120970","status":"publish","type":"product","link":"https:\/\/www.claret.cat\/es\/libro\/escuchar-para-ser-obra-completa-9788430120970\/","title":{"rendered":"ESCUCHAR PARA SER. OBRA COMPLETA"},"content":{"rendered":"<p>&#8216;Mientras quer\u00e1is imponer a otros vuestras convicciones -engre\u00eddos por lo que sab\u00e9is-, nadie os escuchar\u00e1, aunque lo que teng\u00e1is que decir sea lo m\u00e1s valioso que posee la humanidad&#8217;. Con esta advertencia, Franz Jalics apunta al problema b\u00e1sico de la acci\u00f3n pastoral: sin disposici\u00f3n al di\u00e1logo no es posible la transmisi\u00f3n de la fe. Esto significa que es la escucha desinteresada, as\u00ed como el respeto y la apertura al otro, lo que permite a las personas ganar claridad sobre s\u00ed mismas y sobre su mundo interior. He aqu\u00ed unas cuantas p\u00e1ginas vibrantes sobre las reglas b\u00e1sicas de la escucha, del di\u00e1logo y de la vida grupal, as\u00ed como un sinf\u00edn de ejemplos y an\u00e9cdotas que conforman una espl\u00e9ndida gu\u00eda pr\u00e1ctica para un di\u00e1logo fecundo sobre la vida espiritual.<\/p>\n","protected":false},"excerpt":{"rendered":"<p>JALICS, FRANZ<\/p>\n","protected":false},"featured_media":966621,"template":"","meta":{"_acf_changed":false,"om_disable_all_campaigns":false,"rs_blank_template":"","rs_page_bg_color":"","slide_template_v7":"","inline_featured_image":false,"_monsterinsights_skip_tracking":false,"_monsterinsights_sitenote_active":false,"_monsterinsights_sitenote_note":"","_monsterinsights_sitenote_category":0},"product_brand":[],"product_cat":[308],"product_tag":[],"class_list":{"0":"post-83414","1":"product","2":"type-product","3":"status-publish","4":"has-post-thumbnail","6":"product_cat-castella","8":"first","9":"instock","10":"taxable","11":"shipping-taxable","12":"purchasable","13":"product-type-simple"},"acf":{"editorial":[{"ID":6364,"post_author":"3","post_date":"2022-07-28 17:50:36","post_date_gmt":"2022-07-28 15:50:36","post_content":"","post_title":"S\u00edgueme","post_excerpt":"","post_status":"publish","comment_status":"closed","ping_status":"closed","post_password":"","post_name":"sigueme","to_ping":"","pinged":"","post_modified":"2022-07-28 17:50:36","post_modified_gmt":"2022-07-28 15:50:36","post_content_filtered":"","post_parent":0,"guid":"http:\/\/dev.claret.cat\/editorial\/sigueme\/","menu_order":0,"post_type":"editorial","post_mime_type":"","comment_count":"0","filter":"raw"}],"autor":"JALICS, FRANZ","codart":"843012097","libros-coleccion":"Nueva Alianza","ediciones":"1","encuadernacion":"R\u00fastica","fecha_de_publicacion":"20\/09\/2021","novedad":"1","paginas":"208","subtitulo":"DIMENSI\u00d3N CONTEMPLATIVA DE LAS RELACIONES INTERPERSONALES","orden":"1000","portada":"0","idioma":"spa","autores-libros":[{"ID":156378,"post_author":"3","post_date":"2022-10-14 15:20:20","post_date_gmt":"2022-10-14 13:20:20","post_content":"","post_title":"FRANZ JALICS","post_excerpt":"","post_status":"publish","comment_status":"closed","ping_status":"closed","post_password":"","post_name":"franz-jalics","to_ping":"","pinged":"","post_modified":"2022-10-14 15:20:20","post_modified_gmt":"2022-10-14 13:20:20","post_content_filtered":"","post_parent":0,"guid":"http:\/\/dev.claret.cat\/autor\/franz-jalics\/","menu_order":0,"post_type":"autor","post_mime_type":"","comment_count":"0","filter":"raw"}],"traductores-libros":"","ilustradores-libros":"","formato":"","linkebook":"","precioebook":"0","ebookportada":false,"ficha":"","muestra":"","presentacion":"","booktrailer":"","resenas":"","recomendamos":"","mas_vendido":""},"aioseo_notices":[],"_links":{"self":[{"href":"https:\/\/www.claret.cat\/es\/wp-json\/wp\/v2\/product\/83414","targetHints":{"allow":["GET"]}}],"collection":[{"href":"https:\/\/www.claret.cat\/es\/wp-json\/wp\/v2\/product"}],"about":[{"href":"https:\/\/www.claret.cat\/es\/wp-json\/wp\/v2\/types\/product"}],"wp:featuredmedia":[{"embeddable":true,"href":"https:\/\/www.claret.cat\/es\/wp-json\/wp\/v2\/media\/966621"}],"wp:attachment":[{"href":"https:\/\/www.claret.cat\/es\/wp-json\/wp\/v2\/media?parent=83414"}],"wp:term":[{"taxonomy":"product_brand","embeddable":true,"href":"https:\/\/www.claret.cat\/es\/wp-json\/wp\/v2\/product_brand?post=83414"},{"taxonomy":"product_cat","embeddable":true,"href":"https:\/\/www.claret.cat\/es\/wp-json\/wp\/v2\/product_cat?post=83414"},{"taxonomy":"product_tag","embeddable":true,"href":"https:\/\/www.claret.cat\/es\/wp-json\/wp\/v2\/product_tag?post=83414"}],"curies":[{"name":"wp","href":"https:\/\/api.w.org\/{rel}","templated":true}]}}