{"id":83456,"date":"2022-10-11T17:14:47","date_gmt":"2022-10-11T15:14:47","guid":{"rendered":"http:\/\/dev.claret.cat\/producte\/el-libro-del-genesis-liberado\/"},"modified":"2026-04-17T13:10:32","modified_gmt":"2026-04-17T11:10:32","slug":"el-libro-del-genesis-liberado-9788418733383","status":"publish","type":"product","link":"https:\/\/www.claret.cat\/es\/libro\/el-libro-del-genesis-liberado-9788418733383\/","title":{"rendered":"EL LIBRO DEL G\u00c9NESIS LIBERADO"},"content":{"rendered":"<p>Despu\u00e9s del enorme \u00e9xito de cr\u00edtica y ventas de Odisea Liberada,\u00a0 primer t\u00edtulo de la colecci\u00f3n, llega el segundo cl\u00e1sico liberado de Blackie Books.<\/p>\n<p> El libro del G\u00e9nesis es\u00a0 la gran novela sepultada en la Biblia.\u00a0 Con una nueva traducci\u00f3n laica y directa del hebreo de Javier Alonso, narra una historia inquietante y contundente: el Big Bang de la humanidad. Una saga desmesurada y psicod\u00e9lica, saturada de cr\u00edmenes y virtudes, por fin liberada de prejuicios de g\u00e9nero y de raza.<\/p>\n<p> Con un texto in\u00e9dito de Sara Mesa. Y aportaciones de Voltaire, Kierkegaard, Borges, Primo Levi, Stephen Hawking, Vinicius De Moraes o Nick Cave, entre otros.<\/p>\n<p> \u201cLa primera fuente de verdadera literatura\u201d,\u00a0 EDUARDO MENDOZA<\/p>\n<p> \u201cReinventar y reventar los cl\u00e1sicos. Un proyecto innovador, y precioso\u201d,\u00a0 IRENE VALLEJO<\/p>\n<p> \u201cSobrecogedor. Inspirador. Alimenta monstruos al tiempo que proporciona un conocimiento demoledor de la naturaleza humana\u201d,\u00a0 SARA MESA<\/p>\n","protected":false},"excerpt":{"rendered":"<p>ALONSO L\u00d3PEZ, JAVIER<\/p>\n","protected":false},"featured_media":1012753,"template":"","meta":{"_acf_changed":false,"om_disable_all_campaigns":false,"rs_blank_template":"","rs_page_bg_color":"","slide_template_v7":"","inline_featured_image":false,"_monsterinsights_skip_tracking":false,"_monsterinsights_sitenote_active":false,"_monsterinsights_sitenote_note":"","_monsterinsights_sitenote_category":0},"product_brand":[],"product_cat":[420,296,354,123,308],"product_tag":[],"class_list":{"0":"post-83456","1":"product","2":"type-product","3":"status-publish","4":"has-post-thumbnail","6":"product_cat-biblias","7":"product_cat-biblies","8":"product_cat-clasica","9":"product_cat-classica","10":"product_cat-castella","12":"first","13":"instock","14":"taxable","15":"shipping-taxable","16":"purchasable","17":"product-type-simple"},"acf":{"editorial":[{"ID":6146,"post_author":"3","post_date":"2022-07-28 17:45:52","post_date_gmt":"2022-07-28 15:45:52","post_content":"","post_title":"Blackie Books","post_excerpt":"","post_status":"publish","comment_status":"closed","ping_status":"closed","post_password":"","post_name":"blackie-books","to_ping":"","pinged":"","post_modified":"2022-07-28 17:45:52","post_modified_gmt":"2022-07-28 15:45:52","post_content_filtered":"","post_parent":0,"guid":"http:\/\/dev.claret.cat\/editorial\/blackie-books\/","menu_order":0,"post_type":"editorial","post_mime_type":"","comment_count":"0","filter":"raw"}],"autor":"ALONSO L\u00d3PEZ, JAVIER","codart":"841873338","libros-coleccion":"FORA DE COL.LECCI\u00d3","ediciones":"1","encuadernacion":"Carton\u00e9","fecha_de_publicacion":"01\/09\/2021","novedad":"1","paginas":"336","subtitulo":"LIBERADO","orden":"14","portada":"0","idioma":"spa","autores-libros":[{"ID":150745,"post_author":"3","post_date":"2022-10-14 14:35:24","post_date_gmt":"2022-10-14 12:35:24","post_content":"","post_title":"AN\u00d3NIMO","post_excerpt":"","post_status":"publish","comment_status":"closed","ping_status":"closed","post_password":"","post_name":"anonimo","to_ping":"","pinged":"","post_modified":"2022-10-14 14:35:24","post_modified_gmt":"2022-10-14 12:35:24","post_content_filtered":"","post_parent":0,"guid":"http:\/\/dev.claret.cat\/autor\/anonimo\/","menu_order":0,"post_type":"autor","post_mime_type":"","comment_count":"0","filter":"raw"}],"traductores-libros":"","ilustradores-libros":"","formato":"","linkebook":"","precioebook":"","ebookportada":false,"ficha":"","muestra":"","presentacion":"","booktrailer":"","resenas":"","recomendamos":"","mas_vendido":""},"aioseo_notices":[],"_links":{"self":[{"href":"https:\/\/www.claret.cat\/es\/wp-json\/wp\/v2\/product\/83456","targetHints":{"allow":["GET"]}}],"collection":[{"href":"https:\/\/www.claret.cat\/es\/wp-json\/wp\/v2\/product"}],"about":[{"href":"https:\/\/www.claret.cat\/es\/wp-json\/wp\/v2\/types\/product"}],"wp:featuredmedia":[{"embeddable":true,"href":"https:\/\/www.claret.cat\/es\/wp-json\/wp\/v2\/media\/1012753"}],"wp:attachment":[{"href":"https:\/\/www.claret.cat\/es\/wp-json\/wp\/v2\/media?parent=83456"}],"wp:term":[{"taxonomy":"product_brand","embeddable":true,"href":"https:\/\/www.claret.cat\/es\/wp-json\/wp\/v2\/product_brand?post=83456"},{"taxonomy":"product_cat","embeddable":true,"href":"https:\/\/www.claret.cat\/es\/wp-json\/wp\/v2\/product_cat?post=83456"},{"taxonomy":"product_tag","embeddable":true,"href":"https:\/\/www.claret.cat\/es\/wp-json\/wp\/v2\/product_tag?post=83456"}],"curies":[{"name":"wp","href":"https:\/\/api.w.org\/{rel}","templated":true}]}}