{"id":83498,"date":"2022-10-11T17:15:21","date_gmt":"2022-10-11T15:15:21","guid":{"rendered":"http:\/\/dev.claret.cat\/producte\/palabra-interior-e-inspiracion-de-la-sagrada-escritura\/"},"modified":"2024-05-23T05:07:40","modified_gmt":"2024-05-23T03:07:40","slug":"palabra-interior-e-inspiracion-de-la-sagrada-escritura-9788490736005","status":"publish","type":"product","link":"https:\/\/www.claret.cat\/es\/libro\/palabra-interior-e-inspiracion-de-la-sagrada-escritura-9788490736005\/","title":{"rendered":"PALABRA INTERIOR E INSPIRACI\u00d3N DE LA SAGRADA ESCRITURA"},"content":{"rendered":"<p>Esta obra tiene como objetivo exponer la g\u00e9nesis de la Biblia desde una palabra divina interior o\u00edda por los autores sagrados y revestida luego del ropaje exterior del lenguaje humano escrito.<\/p>\n<p>Cuando Jerem\u00edas oy\u00f3 en su interior su or\u00e1culo de 31,33: &#8216;Pondr\u00e9 mi ley en su interior, y la escribir\u00e9 en sus corazones&#8217;, sucedi\u00f3 algo esencialmente nuevo en la evoluci\u00f3n de la religiosidad humana. El profeta hab\u00eda descubierto algo ignorado en decenas de milenios sobre el misterio de la pr\u00e1ctica religiosa. Jerem\u00edas vio que lo religioso no era ni el rito ni lo moral. Lo religioso afectaba al hombre en su interioridad.<\/p>\n<p>Si al autor de esta obra se le preguntase sobre lo primordial de la inspiraci\u00f3n b\u00edblica, responder\u00eda con decisi\u00f3n, como Gadamer respondi\u00f3 a la pregunta de Grondin sobre lo universal de la hermen\u00e9utica, en su testamento hermen\u00e9utico de 1988: la inspiraci\u00f3n es la producci\u00f3n del verbum interius en el hombre.<\/p>\n","protected":false},"excerpt":{"rendered":"<p>ARTOLA ARBIZA, ANTONIO MAR\u00cdA<\/p>\n","protected":false},"featured_media":452091,"template":"","meta":{"_acf_changed":false,"om_disable_all_campaigns":false,"rs_blank_template":"","rs_page_bg_color":"","slide_template_v7":"","inline_featured_image":false,"_monsterinsights_skip_tracking":false,"_monsterinsights_sitenote_active":false,"_monsterinsights_sitenote_note":"","_monsterinsights_sitenote_category":0},"product_brand":[],"product_cat":[412,274],"product_tag":[],"class_list":{"0":"post-83498","1":"product","2":"type-product","3":"status-publish","4":"has-post-thumbnail","6":"product_cat-estudios-sagrada-escritura","7":"product_cat-estudis-sagrada-escriptura","9":"first","10":"instock","11":"taxable","12":"shipping-taxable","13":"purchasable","14":"product-type-simple"},"acf":{"editorial":[{"ID":6390,"post_author":"3","post_date":"2022-07-28 17:51:08","post_date_gmt":"2022-07-28 15:51:08","post_content":"","post_title":"VERBO DIVINO","post_excerpt":"","post_status":"publish","comment_status":"closed","ping_status":"closed","post_password":"","post_name":"verbo-divino","to_ping":"","pinged":"","post_modified":"2022-07-28 17:51:08","post_modified_gmt":"2022-07-28 15:51:08","post_content_filtered":"","post_parent":0,"guid":"http:\/\/dev.claret.cat\/editorial\/verbo-divino\/","menu_order":0,"post_type":"editorial","post_mime_type":"","comment_count":"0","filter":"raw"}],"autor":"ARTOLA ARBIZA, ANTONIO MAR\u00cdA","codart":"849073600","libros-coleccion":"Estudios B\u00edblicos","ediciones":"1","encuadernacion":"R\u00fastica","fecha_de_publicacion":"17\/09\/2021","novedad":"1","paginas":"352","subtitulo":"","orden":"0","portada":"0","idioma":"spa","autores-libros":[{"ID":150955,"post_author":"3","post_date":"2022-10-14 14:37:04","post_date_gmt":"2022-10-14 12:37:04","post_content":"","post_title":"ANTONIO MAR\u00cdA ARTOLA ARBIZA","post_excerpt":"","post_status":"publish","comment_status":"closed","ping_status":"closed","post_password":"","post_name":"antonio-maria-artola-arbiza","to_ping":"","pinged":"","post_modified":"2022-10-14 14:37:04","post_modified_gmt":"2022-10-14 12:37:04","post_content_filtered":"","post_parent":0,"guid":"http:\/\/dev.claret.cat\/autor\/antonio-maria-artola-arbiza\/","menu_order":0,"post_type":"autor","post_mime_type":"","comment_count":"0","filter":"raw"}]},"aioseo_notices":[],"_links":{"self":[{"href":"https:\/\/www.claret.cat\/es\/wp-json\/wp\/v2\/product\/83498","targetHints":{"allow":["GET"]}}],"collection":[{"href":"https:\/\/www.claret.cat\/es\/wp-json\/wp\/v2\/product"}],"about":[{"href":"https:\/\/www.claret.cat\/es\/wp-json\/wp\/v2\/types\/product"}],"wp:featuredmedia":[{"embeddable":true,"href":"https:\/\/www.claret.cat\/es\/wp-json\/wp\/v2\/media\/452091"}],"wp:attachment":[{"href":"https:\/\/www.claret.cat\/es\/wp-json\/wp\/v2\/media?parent=83498"}],"wp:term":[{"taxonomy":"product_brand","embeddable":true,"href":"https:\/\/www.claret.cat\/es\/wp-json\/wp\/v2\/product_brand?post=83498"},{"taxonomy":"product_cat","embeddable":true,"href":"https:\/\/www.claret.cat\/es\/wp-json\/wp\/v2\/product_cat?post=83498"},{"taxonomy":"product_tag","embeddable":true,"href":"https:\/\/www.claret.cat\/es\/wp-json\/wp\/v2\/product_tag?post=83498"}],"curies":[{"name":"wp","href":"https:\/\/api.w.org\/{rel}","templated":true}]}}