{"id":83519,"date":"2022-10-11T17:15:36","date_gmt":"2022-10-11T15:15:36","guid":{"rendered":"http:\/\/dev.claret.cat\/producte\/el-duelo\/"},"modified":"2025-02-04T17:51:48","modified_gmt":"2025-02-04T16:51:48","slug":"el-duelo-9788491873778","status":"publish","type":"product","link":"https:\/\/www.claret.cat\/es\/libro\/el-duelo-9788491873778\/","title":{"rendered":"EL DUELO"},"content":{"rendered":"<p>En 1972, se celebra en Reikiavik el mayor duelo de la historia del ajedrez. El mundo entero espera con impaciencia el enfrentamiento entre el estadounidense Bobby Fischer y el sovi\u00e9tico Boris Spassky. Con la capital islandesa convertida en un nuevo escenario de la Guerra Fr\u00eda, nadie parece reparar en el asesinato de un joven en un cine de barrio. En el cuerpo de polic\u00eda, tan solo Marion Briem intuye la verdadera importancia que esconde el crimen.UN DESAF\u00cdO QUE PASAR\u00c1 A LA HISTORIA<\/p>\n","protected":false},"excerpt":{"rendered":"<p>INDRIDASON ARNALDUR<\/p>\n","protected":false},"featured_media":83520,"template":"","meta":{"_acf_changed":false,"om_disable_all_campaigns":false,"rs_blank_template":"","rs_page_bg_color":"","slide_template_v7":"","inline_featured_image":false,"_monsterinsights_skip_tracking":false,"_monsterinsights_sitenote_active":false,"_monsterinsights_sitenote_note":"","_monsterinsights_sitenote_category":0},"product_brand":[],"product_cat":[127,357],"product_tag":[],"class_list":{"0":"post-83519","1":"product","2":"type-product","3":"status-publish","4":"has-post-thumbnail","6":"product_cat-novella-contemporania","7":"product_cat-novela-contemporanea","9":"first","10":"instock","11":"taxable","12":"shipping-taxable","13":"purchasable","14":"product-type-simple"},"acf":{"editorial":[{"ID":148737,"post_author":"3","post_date":"2022-10-14 12:00:35","post_date_gmt":"2022-10-14 10:00:35","post_content":"","post_title":"RBA Libros","post_excerpt":"","post_status":"publish","comment_status":"closed","ping_status":"closed","post_password":"","post_name":"rba-libros","to_ping":"","pinged":"","post_modified":"2022-10-14 12:00:35","post_modified_gmt":"2022-10-14 10:00:35","post_content_filtered":"","post_parent":0,"guid":"http:\/\/dev.claret.cat\/editorial\/rba-libros\/","menu_order":0,"post_type":"editorial","post_mime_type":"","comment_count":"0","filter":"raw"}],"autor":"INDRIDASON ARNALDUR","codart":"849187377","libros-coleccion":"NOVELA POLIC\u00cdACA BIB","ediciones":"1","encuadernacion":"Carton\u00e9","fecha_de_publicacion":"01\/09\/2021","novedad":"1","paginas":"352","subtitulo":"","orden":"0","portada":"0","idioma":"spa","autores-libros":[{"ID":157884,"post_author":"3","post_date":"2022-10-14 15:32:24","post_date_gmt":"2022-10-14 13:32:24","post_content":"","post_title":"INDRIDASON ARNALDUR","post_excerpt":"","post_status":"publish","comment_status":"closed","ping_status":"closed","post_password":"","post_name":"indridason-arnaldur","to_ping":"","pinged":"","post_modified":"2022-10-14 15:32:24","post_modified_gmt":"2022-10-14 13:32:24","post_content_filtered":"","post_parent":0,"guid":"http:\/\/dev.claret.cat\/autor\/indridason-arnaldur\/","menu_order":0,"post_type":"autor","post_mime_type":"","comment_count":"0","filter":"raw"}]},"aioseo_notices":[],"_links":{"self":[{"href":"https:\/\/www.claret.cat\/es\/wp-json\/wp\/v2\/product\/83519","targetHints":{"allow":["GET"]}}],"collection":[{"href":"https:\/\/www.claret.cat\/es\/wp-json\/wp\/v2\/product"}],"about":[{"href":"https:\/\/www.claret.cat\/es\/wp-json\/wp\/v2\/types\/product"}],"wp:featuredmedia":[{"embeddable":true,"href":"https:\/\/www.claret.cat\/es\/wp-json\/wp\/v2\/media\/83520"}],"wp:attachment":[{"href":"https:\/\/www.claret.cat\/es\/wp-json\/wp\/v2\/media?parent=83519"}],"wp:term":[{"taxonomy":"product_brand","embeddable":true,"href":"https:\/\/www.claret.cat\/es\/wp-json\/wp\/v2\/product_brand?post=83519"},{"taxonomy":"product_cat","embeddable":true,"href":"https:\/\/www.claret.cat\/es\/wp-json\/wp\/v2\/product_cat?post=83519"},{"taxonomy":"product_tag","embeddable":true,"href":"https:\/\/www.claret.cat\/es\/wp-json\/wp\/v2\/product_tag?post=83519"}],"curies":[{"name":"wp","href":"https:\/\/api.w.org\/{rel}","templated":true}]}}