{"id":83540,"date":"2022-10-11T17:15:52","date_gmt":"2022-10-11T15:15:52","guid":{"rendered":"http:\/\/dev.claret.cat\/producte\/historias-del-mundo-para-una-cultura-de-paz\/"},"modified":"2023-01-28T22:04:14","modified_gmt":"2023-01-28T21:04:14","slug":"historias-del-mundo-para-una-cultura-de-paz-9788413523033","status":"publish","type":"product","link":"https:\/\/www.claret.cat\/es\/libro\/historias-del-mundo-para-una-cultura-de-paz-9788413523033\/","title":{"rendered":"HISTORIAS DEL MUNDO PARA UNA CULTURA DE PAZ"},"content":{"rendered":"<p>La educaci\u00f3n para la paz debe ser un elemento presente durante toda la etapa escolar. Si queremos alcanzar el fin de los conflictos armados, la discriminaci\u00f3n y el odio en el mundo, hemos de fomentar desde la infancia un tipo de educaci\u00f3n que subraye la importancia de no cometer los mismos errores del pasado y de construir una sociedad pac\u00edfica y justa para todos. En la actualidad sabemos que la paz es mucho m\u00e1s que la ausencia de guerra, dado que implica otras complejidades multidimensionales, tales como la avaricia, el consumo exacerbado, el cambio clim\u00e1tico, la desigualdad y las violencias en plural. Es necesario trabajar estos temas en la escuela para acompa\u00f1ar a los y las j\u00f3venes en las exigencias y desaf\u00edos grupales del mundo contempor\u00e1neo. Este libro pretende convertirse en una herramienta \u00fatil y amena para ayudar a construir una cultura de paz desde el aula, mediante una gran variedad de cuentos, f\u00e1bulas, an\u00e9cdotas y relatos que recorren los cinco continentes, numerosas propuestas de actividades que inviten al alumnado a la lectura, el debate y la reflexi\u00f3n, y recursos adicionales para los docentes.<\/p>\n","protected":false},"excerpt":{"rendered":"<p>BARREIRO, H\u00c9CTOR<\/p>\n","protected":false},"featured_media":83541,"template":"","meta":{"_acf_changed":false,"om_disable_all_campaigns":false,"rs_blank_template":"","rs_page_bg_color":"","slide_template_v7":"","inline_featured_image":false,"_monsterinsights_skip_tracking":false,"_monsterinsights_sitenote_active":false,"_monsterinsights_sitenote_note":"","_monsterinsights_sitenote_category":0},"product_brand":[],"product_cat":[191],"product_tag":[],"class_list":{"0":"post-83540","1":"product","2":"type-product","3":"status-publish","4":"has-post-thumbnail","6":"product_cat-educacio-en-valors-pedagogia-2_humanitats","8":"first","9":"instock","10":"taxable","11":"shipping-taxable","12":"purchasable","13":"product-type-simple"},"acf":{"editorial":[{"ID":6293,"post_author":"3","post_date":"2022-07-28 17:49:04","post_date_gmt":"2022-07-28 15:49:04","post_content":"","post_title":"LOS LIBROS DE LA CATARATA","post_excerpt":"","post_status":"publish","comment_status":"closed","ping_status":"closed","post_password":"","post_name":"los-libros-de-la-catarata","to_ping":"","pinged":"","post_modified":"2022-07-28 17:49:04","post_modified_gmt":"2022-07-28 15:49:04","post_content_filtered":"","post_parent":0,"guid":"http:\/\/dev.claret.cat\/editorial\/los-libros-de-la-catarata\/","menu_order":0,"post_type":"editorial","post_mime_type":"","comment_count":"0","filter":"raw"}],"autores-libros":[{"ID":157420,"post_author":"3","post_date":"2022-10-14 15:28:41","post_date_gmt":"2022-10-14 13:28:41","post_content":"","post_title":"H\u00c9CTOR BARREIRO","post_excerpt":"","post_status":"publish","comment_status":"closed","ping_status":"closed","post_password":"","post_name":"hector-barreiro","to_ping":"","pinged":"","post_modified":"2022-10-14 15:28:41","post_modified_gmt":"2022-10-14 13:28:41","post_content_filtered":"","post_parent":0,"guid":"http:\/\/dev.claret.cat\/autor\/hector-barreiro\/","menu_order":0,"post_type":"autor","post_mime_type":"","comment_count":"0","filter":"raw"}],"autor":"BARREIRO, H\u00c9CTOR","codart":"841352303","libros-coleccion":"Mayor","ediciones":"1","encuadernacion":"R\u00fastica","fecha_de_publicacion":"01\/08\/2021","novedad":"1","paginas":"176","subtitulo":"","orden":"0","portada":"0","idioma":"spa"},"aioseo_notices":[],"_links":{"self":[{"href":"https:\/\/www.claret.cat\/es\/wp-json\/wp\/v2\/product\/83540","targetHints":{"allow":["GET"]}}],"collection":[{"href":"https:\/\/www.claret.cat\/es\/wp-json\/wp\/v2\/product"}],"about":[{"href":"https:\/\/www.claret.cat\/es\/wp-json\/wp\/v2\/types\/product"}],"wp:featuredmedia":[{"embeddable":true,"href":"https:\/\/www.claret.cat\/es\/wp-json\/wp\/v2\/media\/83541"}],"wp:attachment":[{"href":"https:\/\/www.claret.cat\/es\/wp-json\/wp\/v2\/media?parent=83540"}],"wp:term":[{"taxonomy":"product_brand","embeddable":true,"href":"https:\/\/www.claret.cat\/es\/wp-json\/wp\/v2\/product_brand?post=83540"},{"taxonomy":"product_cat","embeddable":true,"href":"https:\/\/www.claret.cat\/es\/wp-json\/wp\/v2\/product_cat?post=83540"},{"taxonomy":"product_tag","embeddable":true,"href":"https:\/\/www.claret.cat\/es\/wp-json\/wp\/v2\/product_tag?post=83540"}],"curies":[{"name":"wp","href":"https:\/\/api.w.org\/{rel}","templated":true}]}}