{"id":83558,"date":"2022-10-11T17:16:10","date_gmt":"2022-10-11T15:16:10","guid":{"rendered":"http:\/\/dev.claret.cat\/producte\/miscelaneas-primaverales-ne\/"},"modified":"2023-01-28T18:24:28","modified_gmt":"2023-01-28T17:24:28","slug":"miscelaneas-primaverales-ne-9788417419929","status":"publish","type":"product","link":"https:\/\/www.claret.cat\/es\/libro\/miscelaneas-primaverales-ne-9788417419929\/","title":{"rendered":"MISCEL\u00c1NEAS PRIMAVERALES (NE)"},"content":{"rendered":"<p>&#8216;Miscel\u00e1neas primaverales&#8217; es una recopilaci\u00f3n de 25 relatos breves con gran contenido autobiogr\u00e1fico (7 de ellos nos trasladan a la Inglaterra de comienzos del siglo XX, donde Soseki vivi\u00f3 3 a\u00f1os), de car\u00e1cter introspectivo y altamente sensibles que forman un caleidoscopio de la personalidad de su autor. De escritura asombrosamente moderna, fragmentada y subjetiva, Miscel\u00e1neas son los reflejos de un interior que se busca a s\u00ed mismo.En &#8216;Los sue\u00f1os de diez noches&#8217; Soseki se zambulle de forma literaria en su propia mente, en sus recuerdos y su inconsciente. Se abandona a los sue\u00f1os, en los que la muerte aflora inevitablemente y se embarca en un viaje on\u00edrico expresado con un estilo lac\u00f3nico y simb\u00f3lico, permitiendo al privilegiado lector asomarse a las simas m\u00e1s profundas de su psique.<\/p>\n","protected":false},"excerpt":{"rendered":"<p>NATSUME, SOSEKI<\/p>\n","protected":false},"featured_media":83559,"template":"","meta":{"_acf_changed":false,"om_disable_all_campaigns":false,"rs_blank_template":"","rs_page_bg_color":"","slide_template_v7":"","inline_featured_image":false,"_monsterinsights_skip_tracking":false,"_monsterinsights_sitenote_active":false,"_monsterinsights_sitenote_note":"","_monsterinsights_sitenote_category":0},"product_brand":[],"product_cat":[123],"product_tag":[],"class_list":{"0":"post-83558","1":"product","2":"type-product","3":"status-publish","4":"has-post-thumbnail","6":"product_cat-classica","8":"first","9":"instock","10":"taxable","11":"shipping-taxable","12":"purchasable","13":"product-type-simple"},"acf":{"autor":"NATSUME, SOSEKI","codart":"841741992","libros-coleccion":"Maestros de la literatura japonesa","ediciones":"1","encuadernacion":"R\u00fastica","fecha_de_publicacion":"01\/09\/2021","novedad":"1","paginas":"162","subtitulo":"","orden":"0","portada":"0","idioma":"spa","editorial":[{"ID":148791,"post_author":"3","post_date":"2022-10-14 12:01:01","post_date_gmt":"2022-10-14 10:01:01","post_content":"","post_title":"SATORI EDICIONES C.B.","post_excerpt":"","post_status":"publish","comment_status":"closed","ping_status":"closed","post_password":"","post_name":"satori-ediciones-c-b","to_ping":"","pinged":"","post_modified":"2022-10-14 12:01:01","post_modified_gmt":"2022-10-14 10:01:01","post_content_filtered":"","post_parent":0,"guid":"http:\/\/dev.claret.cat\/editorial\/satori-ediciones-c-b\/","menu_order":0,"post_type":"editorial","post_mime_type":"","comment_count":"0","filter":"raw"}],"autores-libros":[{"ID":169725,"post_author":"3","post_date":"2022-10-14 22:29:31","post_date_gmt":"2022-10-14 20:29:31","post_content":"","post_title":"SOSEKI NATSUME","post_excerpt":"","post_status":"publish","comment_status":"closed","ping_status":"closed","post_password":"","post_name":"soseki-natsume","to_ping":"","pinged":"","post_modified":"2022-10-14 22:29:31","post_modified_gmt":"2022-10-14 20:29:31","post_content_filtered":"","post_parent":0,"guid":"http:\/\/dev.claret.cat\/autor\/soseki-natsume\/","menu_order":0,"post_type":"autor","post_mime_type":"","comment_count":"0","filter":"raw"}]},"aioseo_notices":[],"_links":{"self":[{"href":"https:\/\/www.claret.cat\/es\/wp-json\/wp\/v2\/product\/83558","targetHints":{"allow":["GET"]}}],"collection":[{"href":"https:\/\/www.claret.cat\/es\/wp-json\/wp\/v2\/product"}],"about":[{"href":"https:\/\/www.claret.cat\/es\/wp-json\/wp\/v2\/types\/product"}],"wp:featuredmedia":[{"embeddable":true,"href":"https:\/\/www.claret.cat\/es\/wp-json\/wp\/v2\/media\/83559"}],"wp:attachment":[{"href":"https:\/\/www.claret.cat\/es\/wp-json\/wp\/v2\/media?parent=83558"}],"wp:term":[{"taxonomy":"product_brand","embeddable":true,"href":"https:\/\/www.claret.cat\/es\/wp-json\/wp\/v2\/product_brand?post=83558"},{"taxonomy":"product_cat","embeddable":true,"href":"https:\/\/www.claret.cat\/es\/wp-json\/wp\/v2\/product_cat?post=83558"},{"taxonomy":"product_tag","embeddable":true,"href":"https:\/\/www.claret.cat\/es\/wp-json\/wp\/v2\/product_tag?post=83558"}],"curies":[{"name":"wp","href":"https:\/\/api.w.org\/{rel}","templated":true}]}}