{"id":83709,"date":"2022-10-11T17:18:03","date_gmt":"2022-10-11T15:18:03","guid":{"rendered":"http:\/\/dev.claret.cat\/producte\/calendario-minilibros-autoayuda-2022-mesa-soporte\/"},"modified":"2024-05-02T07:58:19","modified_gmt":"2024-05-02T05:58:19","slug":"calendario-minilibros-autoayuda-2022-mesa-soporte-9788428560368","status":"publish","type":"product","link":"https:\/\/www.claret.cat\/es\/libro\/calendario-minilibros-autoayuda-2022-mesa-soporte-9788428560368\/","title":{"rendered":"CALENDARIO MINILIBROS AUTOAYUDA 2022 &#8211;  MESA SOPORTE"},"content":{"rendered":"<p>Un calendario atril que ofrece una p\u00e1gina para cada d\u00eda del a\u00f1o con un consejo de autoayuda acompa\u00f1ado de una divertida ilustraci\u00f3n. Incluye el santoral diario, efem\u00e9rides destacadas y espacio para notas. El calendario indica, adem\u00e1s, las fiestas nacionales, el d\u00eda festivo para cada Comunidad Aut\u00f3noma y las principales conmemoraciones lit\u00fargicas.<\/p>\n","protected":false},"excerpt":{"rendered":"<p>SAN PABLO<\/p>\n","protected":false},"featured_media":336535,"template":"","meta":{"_acf_changed":false,"om_disable_all_campaigns":false,"rs_blank_template":"","rs_page_bg_color":"","slide_template_v7":"","inline_featured_image":false,"_monsterinsights_skip_tracking":false,"_monsterinsights_sitenote_active":false,"_monsterinsights_sitenote_note":"","_monsterinsights_sitenote_category":0},"product_brand":[],"product_cat":[552,102],"product_tag":[],"class_list":{"0":"post-83709","1":"product","2":"type-product","3":"status-publish","4":"has-post-thumbnail","6":"product_cat-calendarios-y-agendas","7":"product_cat-calendaris-i-agendes","9":"first","10":"instock","11":"taxable","12":"shipping-taxable","13":"purchasable","14":"product-type-simple"},"acf":{"editorial":[{"ID":6356,"post_author":"3","post_date":"2022-07-28 17:50:26","post_date_gmt":"2022-07-28 15:50:26","post_content":"","post_title":"SAN PABLO COMUNICACI\u00d3N","post_excerpt":"","post_status":"publish","comment_status":"closed","ping_status":"closed","post_password":"","post_name":"san-pablo-comunicacion","to_ping":"","pinged":"","post_modified":"2022-07-28 17:50:26","post_modified_gmt":"2022-07-28 15:50:26","post_content_filtered":"","post_parent":0,"guid":"http:\/\/dev.claret.cat\/editorial\/san-pablo-comunicacion\/","menu_order":0,"post_type":"editorial","post_mime_type":"","comment_count":"0","filter":"raw"}],"autores-libros":[{"ID":6015,"post_author":"3","post_date":"2022-07-28 17:36:21","post_date_gmt":"2022-07-28 15:36:21","post_content":"","post_title":"SAN PABLO","post_excerpt":"","post_status":"publish","comment_status":"closed","ping_status":"closed","post_password":"","post_name":"san-pablo","to_ping":"","pinged":"","post_modified":"2022-07-28 17:36:21","post_modified_gmt":"2022-07-28 15:36:21","post_content_filtered":"","post_parent":0,"guid":"http:\/\/dev.claret.cat\/autor\/san-pablo\/","menu_order":0,"post_type":"autor","post_mime_type":"","comment_count":"0","filter":"raw"}],"autor":"SAN PABLO","codart":"842856036","libros-coleccion":"Calendarios y agendas","ediciones":"1","encuadernacion":"R\u00fastica","fecha_de_publicacion":"15\/09\/2021","novedad":"1","paginas":"365","subtitulo":"MESA SOPORTE - ATRIL","orden":"0","portada":"0","idioma":"spa"},"aioseo_notices":[],"_links":{"self":[{"href":"https:\/\/www.claret.cat\/es\/wp-json\/wp\/v2\/product\/83709","targetHints":{"allow":["GET"]}}],"collection":[{"href":"https:\/\/www.claret.cat\/es\/wp-json\/wp\/v2\/product"}],"about":[{"href":"https:\/\/www.claret.cat\/es\/wp-json\/wp\/v2\/types\/product"}],"wp:featuredmedia":[{"embeddable":true,"href":"https:\/\/www.claret.cat\/es\/wp-json\/wp\/v2\/media\/336535"}],"wp:attachment":[{"href":"https:\/\/www.claret.cat\/es\/wp-json\/wp\/v2\/media?parent=83709"}],"wp:term":[{"taxonomy":"product_brand","embeddable":true,"href":"https:\/\/www.claret.cat\/es\/wp-json\/wp\/v2\/product_brand?post=83709"},{"taxonomy":"product_cat","embeddable":true,"href":"https:\/\/www.claret.cat\/es\/wp-json\/wp\/v2\/product_cat?post=83709"},{"taxonomy":"product_tag","embeddable":true,"href":"https:\/\/www.claret.cat\/es\/wp-json\/wp\/v2\/product_tag?post=83709"}],"curies":[{"name":"wp","href":"https:\/\/api.w.org\/{rel}","templated":true}]}}