{"id":83730,"date":"2022-10-11T17:18:19","date_gmt":"2022-10-11T15:18:19","guid":{"rendered":"http:\/\/dev.claret.cat\/producte\/metodologia-practica-guia-basica\/"},"modified":"2024-05-02T05:38:31","modified_gmt":"2024-05-02T03:38:31","slug":"metodologia-practica-guia-basica-9788428837392","status":"publish","type":"product","link":"https:\/\/www.claret.cat\/es\/libro\/metodologia-practica-guia-basica-9788428837392\/","title":{"rendered":"METODOLOG\u00cdA PR\u00c1CTICA &#8211; GU\u00cdA B\u00c1SICA"},"content":{"rendered":"<p>Materiales dida\u00b4cticos para acompan~ar la catequesis siguiendo el catecismo de la Conferencia Episcopal Mi encuentro con el Sen~or. Guia de actividades y recursos para cada tema de este catecismo.<\/p>\n","protected":false},"excerpt":{"rendered":"<p>ARJONA GIL, JOS\u00c9; pbro.<\/p>\n","protected":false},"featured_media":338263,"template":"","meta":{"_acf_changed":false,"om_disable_all_campaigns":false,"rs_blank_template":"","rs_page_bg_color":"","slide_template_v7":"","inline_featured_image":false,"_monsterinsights_skip_tracking":false,"_monsterinsights_sitenote_active":false,"_monsterinsights_sitenote_note":"","_monsterinsights_sitenote_category":0},"product_brand":[],"product_cat":[227,389],"product_tag":[],"class_list":{"0":"post-83730","1":"product","2":"type-product","3":"status-publish","4":"has-post-thumbnail","6":"product_cat-formacio","7":"product_cat-formacion","9":"first","10":"instock","11":"taxable","12":"shipping-taxable","13":"purchasable","14":"product-type-simple"},"acf":{"editorial":[{"ID":6335,"post_author":"3","post_date":"2022-07-28 17:49:59","post_date_gmt":"2022-07-28 15:49:59","post_content":"","post_title":"PPC altres","post_excerpt":"","post_status":"publish","comment_status":"closed","ping_status":"closed","post_password":"","post_name":"ppc-altres","to_ping":"","pinged":"","post_modified":"2022-07-28 17:49:59","post_modified_gmt":"2022-07-28 15:49:59","post_content_filtered":"","post_parent":0,"guid":"http:\/\/dev.claret.cat\/editorial\/ppc-altres\/","menu_order":0,"post_type":"editorial","post_mime_type":"","comment_count":"0","filter":"raw"}],"autores-libros":[{"ID":5636,"post_author":"3","post_date":"2022-07-28 17:28:14","post_date_gmt":"2022-07-28 15:28:14","post_content":"","post_title":"JOS\u00c9 ARJONA GIL","post_excerpt":"","post_status":"publish","comment_status":"closed","ping_status":"closed","post_password":"","post_name":"jose-arjona-gil","to_ping":"","pinged":"","post_modified":"2022-07-28 17:28:14","post_modified_gmt":"2022-07-28 15:28:14","post_content_filtered":"","post_parent":0,"guid":"http:\/\/dev.claret.cat\/autor\/jose-arjona-gil\/","menu_order":0,"post_type":"autor","post_mime_type":"","comment_count":"0","filter":"raw"},{"ID":166815,"post_author":"3","post_date":"2022-10-14 18:06:16","post_date_gmt":"2022-10-14 16:06:16","post_content":"","post_title":"pbro.","post_excerpt":"","post_status":"publish","comment_status":"closed","ping_status":"closed","post_password":"","post_name":"pbro","to_ping":"","pinged":"","post_modified":"2022-10-14 18:06:16","post_modified_gmt":"2022-10-14 16:06:16","post_content_filtered":"","post_parent":0,"guid":"http:\/\/dev.claret.cat\/autor\/pbro\/","menu_order":0,"post_type":"autor","post_mime_type":"","comment_count":"0","filter":"raw"}],"autor":"ARJONA GIL, JOS\u00c9; pbro.","codart":"842883739","libros-coleccion":"FORA DE COL.LECCI\u00d3","ediciones":"1","encuadernacion":"R\u00fastica","fecha_de_publicacion":"15\/09\/2021","novedad":"1","paginas":"64","subtitulo":"MI ENCUENTRO CON EL SE\u00d1OR","orden":"0","portada":"0","idioma":"spa"},"aioseo_notices":[],"_links":{"self":[{"href":"https:\/\/www.claret.cat\/es\/wp-json\/wp\/v2\/product\/83730","targetHints":{"allow":["GET"]}}],"collection":[{"href":"https:\/\/www.claret.cat\/es\/wp-json\/wp\/v2\/product"}],"about":[{"href":"https:\/\/www.claret.cat\/es\/wp-json\/wp\/v2\/types\/product"}],"wp:featuredmedia":[{"embeddable":true,"href":"https:\/\/www.claret.cat\/es\/wp-json\/wp\/v2\/media\/338263"}],"wp:attachment":[{"href":"https:\/\/www.claret.cat\/es\/wp-json\/wp\/v2\/media?parent=83730"}],"wp:term":[{"taxonomy":"product_brand","embeddable":true,"href":"https:\/\/www.claret.cat\/es\/wp-json\/wp\/v2\/product_brand?post=83730"},{"taxonomy":"product_cat","embeddable":true,"href":"https:\/\/www.claret.cat\/es\/wp-json\/wp\/v2\/product_cat?post=83730"},{"taxonomy":"product_tag","embeddable":true,"href":"https:\/\/www.claret.cat\/es\/wp-json\/wp\/v2\/product_tag?post=83730"}],"curies":[{"name":"wp","href":"https:\/\/api.w.org\/{rel}","templated":true}]}}