{"id":83733,"date":"2022-10-11T17:18:22","date_gmt":"2022-10-11T15:18:22","guid":{"rendered":"http:\/\/dev.claret.cat\/producte\/mi-cuaderno-de-catequesis-1\/"},"modified":"2025-10-09T10:55:46","modified_gmt":"2025-10-09T08:55:46","slug":"mi-cuaderno-de-catequesis-1-9788428837385","status":"publish","type":"product","link":"https:\/\/www.claret.cat\/es\/libro\/mi-cuaderno-de-catequesis-1-9788428837385\/","title":{"rendered":"MI CUADERNO DE CATEQUESIS &#8211; 1"},"content":{"rendered":"<p>Libro para nin~os entre 6 y 7 an~os, con divertidas actividades para acompan~ar la catequesis con el\u00a0 catecismo Mi encuentro con el Sen~or.<\/p>\n","protected":false},"excerpt":{"rendered":"<p>ARJONA GIL, JOS\u00c9, pbro.<\/p>\n","protected":false},"featured_media":338261,"template":"","meta":{"_acf_changed":false,"om_disable_all_campaigns":false,"rs_blank_template":"","rs_page_bg_color":"","slide_template_v7":"","inline_featured_image":false,"_monsterinsights_skip_tracking":false,"_monsterinsights_sitenote_active":false,"_monsterinsights_sitenote_note":"","_monsterinsights_sitenote_category":0},"product_brand":[],"product_cat":[227,389],"product_tag":[],"class_list":{"0":"post-83733","1":"product","2":"type-product","3":"status-publish","4":"has-post-thumbnail","6":"product_cat-formacio","7":"product_cat-formacion","9":"first","10":"instock","11":"taxable","12":"shipping-taxable","13":"purchasable","14":"product-type-simple"},"acf":{"editorial":[{"ID":6335,"post_author":"3","post_date":"2022-07-28 17:49:59","post_date_gmt":"2022-07-28 15:49:59","post_content":"","post_title":"PPC altres","post_excerpt":"","post_status":"publish","comment_status":"closed","ping_status":"closed","post_password":"","post_name":"ppc-altres","to_ping":"","pinged":"","post_modified":"2022-07-28 17:49:59","post_modified_gmt":"2022-07-28 15:49:59","post_content_filtered":"","post_parent":0,"guid":"http:\/\/dev.claret.cat\/editorial\/ppc-altres\/","menu_order":0,"post_type":"editorial","post_mime_type":"","comment_count":"0","filter":"raw"}],"autores-libros":[{"ID":5636,"post_author":"3","post_date":"2022-07-28 17:28:14","post_date_gmt":"2022-07-28 15:28:14","post_content":"","post_title":"JOS\u00c9 ARJONA GIL","post_excerpt":"","post_status":"publish","comment_status":"closed","ping_status":"closed","post_password":"","post_name":"jose-arjona-gil","to_ping":"","pinged":"","post_modified":"2022-07-28 17:28:14","post_modified_gmt":"2022-07-28 15:28:14","post_content_filtered":"","post_parent":0,"guid":"http:\/\/dev.claret.cat\/autor\/jose-arjona-gil\/","menu_order":0,"post_type":"autor","post_mime_type":"","comment_count":"0","filter":"raw"}],"autor":"ARJONA GIL, JOS\u00c9, pbro.","codart":"842883738","libros-coleccion":"FORA DE COL.LECCI\u00d3","ediciones":"1","encuadernacion":"R\u00fastica","fecha_de_publicacion":"15\/09\/2021","novedad":"1","paginas":"48","subtitulo":"MI ENCUENTRO CON EL SE\u00d1OR","orden":"0","portada":"0","idioma":"spa","booktrailer":"","resenas":""},"aioseo_notices":[],"_links":{"self":[{"href":"https:\/\/www.claret.cat\/es\/wp-json\/wp\/v2\/product\/83733","targetHints":{"allow":["GET"]}}],"collection":[{"href":"https:\/\/www.claret.cat\/es\/wp-json\/wp\/v2\/product"}],"about":[{"href":"https:\/\/www.claret.cat\/es\/wp-json\/wp\/v2\/types\/product"}],"wp:featuredmedia":[{"embeddable":true,"href":"https:\/\/www.claret.cat\/es\/wp-json\/wp\/v2\/media\/338261"}],"wp:attachment":[{"href":"https:\/\/www.claret.cat\/es\/wp-json\/wp\/v2\/media?parent=83733"}],"wp:term":[{"taxonomy":"product_brand","embeddable":true,"href":"https:\/\/www.claret.cat\/es\/wp-json\/wp\/v2\/product_brand?post=83733"},{"taxonomy":"product_cat","embeddable":true,"href":"https:\/\/www.claret.cat\/es\/wp-json\/wp\/v2\/product_cat?post=83733"},{"taxonomy":"product_tag","embeddable":true,"href":"https:\/\/www.claret.cat\/es\/wp-json\/wp\/v2\/product_tag?post=83733"}],"curies":[{"name":"wp","href":"https:\/\/api.w.org\/{rel}","templated":true}]}}