{"id":83760,"date":"2022-10-11T17:18:41","date_gmt":"2022-10-11T15:18:41","guid":{"rendered":"http:\/\/dev.claret.cat\/producte\/filocalia-de-los-padres-nepticos-4\/"},"modified":"2026-02-26T18:15:26","modified_gmt":"2026-02-26T17:15:26","slug":"filocalia-de-los-padres-nepticos-4-9788496207424","status":"publish","type":"product","link":"https:\/\/www.claret.cat\/es\/libro\/filocalia-de-los-padres-nepticos-4-9788496207424\/","title":{"rendered":"FILOCAL\u00cdA DE LOS PADRES N\u00c9PTICOS 4"},"content":{"rendered":"","protected":false},"excerpt":{"rendered":"<p>JUAN MAR\u00cdA DE LA TORRE, OCSO<\/p>\n","protected":false},"featured_media":1077441,"template":"","meta":{"_acf_changed":false,"om_disable_all_campaigns":false,"rs_blank_template":"","rs_page_bg_color":"","slide_template_v7":"","inline_featured_image":false,"_monsterinsights_skip_tracking":false,"_monsterinsights_sitenote_active":false,"_monsterinsights_sitenote_note":"","_monsterinsights_sitenote_category":0},"product_brand":[],"product_cat":[485,232,392,231,240,395],"product_tag":[],"class_list":{"0":"post-83760","1":"product","2":"type-product","3":"status-publish","4":"has-post-thumbnail","6":"product_cat-autores-espiritualidad-1_espiritualidad","7":"product_cat-autors-espiritualitat","8":"product_cat-obras-generales","9":"product_cat-obres-generals","10":"product_cat-vida-religiosa-espiritualitat","11":"product_cat-vida-religiosa-espiritualidad-1_espiritualidad","13":"first","14":"instock","15":"taxable","16":"shipping-taxable","17":"purchasable","18":"product-type-simple"},"acf":{"editorial":[{"ID":147836,"post_author":"3","post_date":"2022-10-14 11:53:35","post_date_gmt":"2022-10-14 09:53:35","post_content":"","post_title":"EDICIONES MONTE CASINO","post_excerpt":"","post_status":"publish","comment_status":"closed","ping_status":"closed","post_password":"","post_name":"ediciones-monte-casino","to_ping":"","pinged":"","post_modified":"2022-10-14 11:53:35","post_modified_gmt":"2022-10-14 09:53:35","post_content_filtered":"","post_parent":0,"guid":"http:\/\/dev.claret.cat\/editorial\/ediciones-monte-casino\/","menu_order":0,"post_type":"editorial","post_mime_type":"","comment_count":"0","filter":"raw"}],"autor":"JUAN MAR\u00cdA DE LA TORRE, OCSO","codart":"849620742","libros-coleccion":"FORA DE COL.LECCI\u00d3","ediciones":"1","encuadernacion":"R\u00fastica","fecha_de_publicacion":"01\/10\/2019","novedad":"1","paginas":"641","subtitulo":"","orden":"0","portada":"0","idioma":"spa","autores-libros":[{"ID":161113,"post_author":"3","post_date":"2022-10-14 17:15:36","post_date_gmt":"2022-10-14 15:15:36","post_content":"","post_title":"JUAN MAR\u00cdA DE LA TORRE GARC\u00cdA","post_excerpt":"","post_status":"publish","comment_status":"closed","ping_status":"closed","post_password":"","post_name":"juan-maria-de-la-torre-garcia","to_ping":"","pinged":"","post_modified":"2022-10-14 17:15:36","post_modified_gmt":"2022-10-14 15:15:36","post_content_filtered":"","post_parent":0,"guid":"http:\/\/dev.claret.cat\/autor\/juan-maria-de-la-torre-garcia\/","menu_order":0,"post_type":"autor","post_mime_type":"","comment_count":"0","filter":"raw"}],"booktrailer":"","resenas":""},"aioseo_notices":[],"_links":{"self":[{"href":"https:\/\/www.claret.cat\/es\/wp-json\/wp\/v2\/product\/83760","targetHints":{"allow":["GET"]}}],"collection":[{"href":"https:\/\/www.claret.cat\/es\/wp-json\/wp\/v2\/product"}],"about":[{"href":"https:\/\/www.claret.cat\/es\/wp-json\/wp\/v2\/types\/product"}],"wp:featuredmedia":[{"embeddable":true,"href":"https:\/\/www.claret.cat\/es\/wp-json\/wp\/v2\/media\/1077441"}],"wp:attachment":[{"href":"https:\/\/www.claret.cat\/es\/wp-json\/wp\/v2\/media?parent=83760"}],"wp:term":[{"taxonomy":"product_brand","embeddable":true,"href":"https:\/\/www.claret.cat\/es\/wp-json\/wp\/v2\/product_brand?post=83760"},{"taxonomy":"product_cat","embeddable":true,"href":"https:\/\/www.claret.cat\/es\/wp-json\/wp\/v2\/product_cat?post=83760"},{"taxonomy":"product_tag","embeddable":true,"href":"https:\/\/www.claret.cat\/es\/wp-json\/wp\/v2\/product_tag?post=83760"}],"curies":[{"name":"wp","href":"https:\/\/api.w.org\/{rel}","templated":true}]}}