{"id":83774,"date":"2022-10-11T17:18:54","date_gmt":"2022-10-11T15:18:54","guid":{"rendered":"http:\/\/dev.claret.cat\/producte\/infografias-de-la-antigua-roma\/"},"modified":"2023-06-30T12:05:51","modified_gmt":"2023-06-30T10:05:51","slug":"infografias-de-la-antigua-roma-9788491993360","status":"publish","type":"product","link":"https:\/\/www.claret.cat\/es\/libro\/infografias-de-la-antigua-roma-9788491993360\/","title":{"rendered":"INFOGRAF\u00cdAS DE LA ANTIGUA ROMA"},"content":{"rendered":"<p>A partir de los numerosos datos que nos ofrecen las fuentes de la antig\u00fcedad a lo largo de doce siglos de historia, este volumen recrea mediante infograf\u00edas la civilizaci\u00f3n romana no tanto en funci\u00f3n de un relato cronol\u00f3gico lineal, sino a partir de temas y procesos transversales: la formaci\u00f3n de un imperio, la ciudadan\u00eda y la relaci\u00f3n con los que no forman parte del cuerpo c\u00edvico, el gobierno y la administraci\u00f3n a lo largo de los siglos, la religi\u00f3n, la econom\u00eda y, especialmente, la guerra como motor del cambio y el crecimiento de Roma, que pas\u00f3 de ser una ciudad-estado m\u00e1s en la pen\u00ednsula It\u00e1lica a ser la cabeza de un imperio sobre tres continentes y alrededor del mar Mediterr\u00e1neo.<br \/> En un riguroso enfoque hist\u00f3rico y a partir de las mejores fuentes internacionales pero con la constante preocupaci\u00f3n por la claridad, los autores ofrecen un libro \u00fanico, tan importante por la masa de datos que recoge como por su excepcional propuesta gr\u00e1fica.<\/p>\n","protected":false},"excerpt":{"rendered":"<p>SCHEID, JOHN \/ MELOCCO, MILAN \/ GUILLERAT, NICOLAS<\/p>\n","protected":false},"featured_media":83775,"template":"","meta":{"_acf_changed":false,"om_disable_all_campaigns":false,"rs_blank_template":"","rs_page_bg_color":"","slide_template_v7":"","inline_featured_image":false,"_monsterinsights_skip_tracking":false,"_monsterinsights_sitenote_active":false,"_monsterinsights_sitenote_note":"","_monsterinsights_sitenote_category":0},"product_brand":[],"product_cat":[148,367],"product_tag":[],"class_list":{"0":"post-83774","1":"product","2":"type-product","3":"status-publish","4":"has-post-thumbnail","6":"product_cat-antiga","7":"product_cat-antigua","9":"first","10":"instock","11":"taxable","12":"shipping-taxable","13":"purchasable","14":"product-type-simple"},"acf":{"editorial":[{"ID":6174,"post_author":"3","post_date":"2022-07-28 17:46:29","post_date_gmt":"2022-07-28 15:46:29","post_content":"","post_title":"CRITICA","post_excerpt":"","post_status":"publish","comment_status":"closed","ping_status":"closed","post_password":"","post_name":"critica","to_ping":"","pinged":"","post_modified":"2022-07-28 17:46:29","post_modified_gmt":"2022-07-28 15:46:29","post_content_filtered":"","post_parent":0,"guid":"http:\/\/dev.claret.cat\/editorial\/critica\/","menu_order":0,"post_type":"editorial","post_mime_type":"","comment_count":"0","filter":"raw"}],"autores-libros":[{"ID":5888,"post_author":"3","post_date":"2022-07-28 17:33:39","post_date_gmt":"2022-07-28 15:33:39","post_content":"","post_title":"NICOLAS GUILLERAT","post_excerpt":"","post_status":"publish","comment_status":"closed","ping_status":"closed","post_password":"","post_name":"nicolas-guillerat","to_ping":"","pinged":"","post_modified":"2022-07-28 17:33:39","post_modified_gmt":"2022-07-28 15:33:39","post_content_filtered":"","post_parent":0,"guid":"http:\/\/dev.claret.cat\/autor\/nicolas-guillerat\/","menu_order":0,"post_type":"autor","post_mime_type":"","comment_count":"0","filter":"raw"},{"ID":165086,"post_author":"3","post_date":"2022-10-14 17:52:17","post_date_gmt":"2022-10-14 15:52:17","post_content":"","post_title":"MILAN MELOCCO","post_excerpt":"","post_status":"publish","comment_status":"closed","ping_status":"closed","post_password":"","post_name":"milan-melocco","to_ping":"","pinged":"","post_modified":"2022-10-14 17:52:17","post_modified_gmt":"2022-10-14 15:52:17","post_content_filtered":"","post_parent":0,"guid":"http:\/\/dev.claret.cat\/autor\/milan-melocco\/","menu_order":0,"post_type":"autor","post_mime_type":"","comment_count":"0","filter":"raw"},{"ID":159696,"post_author":"3","post_date":"2022-10-14 15:46:58","post_date_gmt":"2022-10-14 13:46:58","post_content":"","post_title":"JOHN SCHEID","post_excerpt":"","post_status":"publish","comment_status":"closed","ping_status":"closed","post_password":"","post_name":"john-scheid","to_ping":"","pinged":"","post_modified":"2022-10-14 15:46:58","post_modified_gmt":"2022-10-14 13:46:58","post_content_filtered":"","post_parent":0,"guid":"http:\/\/dev.claret.cat\/autor\/john-scheid\/","menu_order":0,"post_type":"autor","post_mime_type":"","comment_count":"0","filter":"raw"}],"autor":"SCHEID, JOHN \/ MELOCCO, MILAN \/ GUILLERAT, NICOLAS","codart":"849199336","libros-coleccion":"FUERA DE COLECCI\u00d3N","ediciones":"1","encuadernacion":"R\u00fastica","fecha_de_publicacion":"01\/09\/2021","novedad":"1","paginas":"0","subtitulo":"","orden":"0","portada":"0","idioma":"spa"},"aioseo_notices":[],"_links":{"self":[{"href":"https:\/\/www.claret.cat\/es\/wp-json\/wp\/v2\/product\/83774","targetHints":{"allow":["GET"]}}],"collection":[{"href":"https:\/\/www.claret.cat\/es\/wp-json\/wp\/v2\/product"}],"about":[{"href":"https:\/\/www.claret.cat\/es\/wp-json\/wp\/v2\/types\/product"}],"wp:featuredmedia":[{"embeddable":true,"href":"https:\/\/www.claret.cat\/es\/wp-json\/wp\/v2\/media\/83775"}],"wp:attachment":[{"href":"https:\/\/www.claret.cat\/es\/wp-json\/wp\/v2\/media?parent=83774"}],"wp:term":[{"taxonomy":"product_brand","embeddable":true,"href":"https:\/\/www.claret.cat\/es\/wp-json\/wp\/v2\/product_brand?post=83774"},{"taxonomy":"product_cat","embeddable":true,"href":"https:\/\/www.claret.cat\/es\/wp-json\/wp\/v2\/product_cat?post=83774"},{"taxonomy":"product_tag","embeddable":true,"href":"https:\/\/www.claret.cat\/es\/wp-json\/wp\/v2\/product_tag?post=83774"}],"curies":[{"name":"wp","href":"https:\/\/api.w.org\/{rel}","templated":true}]}}