{"id":83804,"date":"2022-10-11T17:19:17","date_gmt":"2022-10-11T15:19:17","guid":{"rendered":"http:\/\/dev.claret.cat\/producte\/el-jardin-secreto-2\/"},"modified":"2023-01-28T22:38:04","modified_gmt":"2023-01-28T21:38:04","slug":"el-jardin-secreto-9788408245469","status":"publish","type":"product","link":"https:\/\/www.claret.cat\/es\/libro\/el-jardin-secreto-9788408245469\/","title":{"rendered":"EL JARD\u00cdN SECRETO"},"content":{"rendered":"<p>Mary Lennox tiene diez a\u00f1os y ha perdido a sus padres por culpa de una epidemia que ha azotado la India. Tras su defunci\u00f3n, Mary viaja desde el pa\u00eds del Ganges a Inglaterra para instalarse en la mansi\u00f3n de su t\u00edo, una imponente casa de casi cien habitaciones. All\u00ed descubrir\u00e1 un jard\u00edn misterioso cerrado con llave cuyo acceso est\u00e1 completamente prohibido. Un lugar m\u00e1gico que jam\u00e1s habr\u00eda podido imaginar. En contacto con la naturaleza y en compa\u00f1\u00eda de dos ni\u00f1os, Mary vivir\u00e1 una serie de cambios decisivos.<\/p>\n","protected":false},"excerpt":{"rendered":"<p>HODGSON BURNETT, FRANCES<\/p>\n","protected":false},"featured_media":83805,"template":"","meta":{"_acf_changed":false,"om_disable_all_campaigns":false,"rs_blank_template":"","rs_page_bg_color":"","slide_template_v7":"","inline_featured_image":false,"_monsterinsights_skip_tracking":false,"_monsterinsights_sitenote_active":false,"_monsterinsights_sitenote_note":"","_monsterinsights_sitenote_category":0},"product_brand":[],"product_cat":[123],"product_tag":[],"class_list":{"0":"post-83804","1":"product","2":"type-product","3":"status-publish","4":"has-post-thumbnail","6":"product_cat-classica","8":"first","9":"instock","10":"taxable","11":"shipping-taxable","12":"purchasable","13":"product-type-simple"},"acf":{"editorial":[{"ID":6233,"post_author":"3","post_date":"2022-07-28 17:47:48","post_date_gmt":"2022-07-28 15:47:48","post_content":"","post_title":"EDITORIAL PLANETA","post_excerpt":"","post_status":"publish","comment_status":"closed","ping_status":"closed","post_password":"","post_name":"editorial-planeta","to_ping":"","pinged":"","post_modified":"2022-07-28 17:47:48","post_modified_gmt":"2022-07-28 15:47:48","post_content_filtered":"","post_parent":0,"guid":"http:\/\/dev.claret.cat\/editorial\/editorial-planeta\/","menu_order":0,"post_type":"editorial","post_mime_type":"","comment_count":"0","filter":"raw"}],"autores-libros":[{"ID":156058,"post_author":"3","post_date":"2022-10-14 15:17:47","post_date_gmt":"2022-10-14 13:17:47","post_content":"","post_title":"FRANCES HODGSON BURNETT","post_excerpt":"","post_status":"publish","comment_status":"closed","ping_status":"closed","post_password":"","post_name":"frances-hodgson-burnett","to_ping":"","pinged":"","post_modified":"2022-10-14 15:17:47","post_modified_gmt":"2022-10-14 13:17:47","post_content_filtered":"","post_parent":0,"guid":"http:\/\/dev.claret.cat\/autor\/frances-hodgson-burnett\/","menu_order":0,"post_type":"autor","post_mime_type":"","comment_count":"0","filter":"raw"}],"autor":"HODGSON BURNETT, FRANCES","codart":"840824546","libros-coleccion":"Austral Intr\u00e9pida","ediciones":"1","encuadernacion":"Carton\u00e9","fecha_de_publicacion":"01\/09\/2021","novedad":"1","paginas":"372","subtitulo":"","orden":"0","portada":"0","idioma":"spa"},"aioseo_notices":[],"_links":{"self":[{"href":"https:\/\/www.claret.cat\/es\/wp-json\/wp\/v2\/product\/83804","targetHints":{"allow":["GET"]}}],"collection":[{"href":"https:\/\/www.claret.cat\/es\/wp-json\/wp\/v2\/product"}],"about":[{"href":"https:\/\/www.claret.cat\/es\/wp-json\/wp\/v2\/types\/product"}],"wp:featuredmedia":[{"embeddable":true,"href":"https:\/\/www.claret.cat\/es\/wp-json\/wp\/v2\/media\/83805"}],"wp:attachment":[{"href":"https:\/\/www.claret.cat\/es\/wp-json\/wp\/v2\/media?parent=83804"}],"wp:term":[{"taxonomy":"product_brand","embeddable":true,"href":"https:\/\/www.claret.cat\/es\/wp-json\/wp\/v2\/product_brand?post=83804"},{"taxonomy":"product_cat","embeddable":true,"href":"https:\/\/www.claret.cat\/es\/wp-json\/wp\/v2\/product_cat?post=83804"},{"taxonomy":"product_tag","embeddable":true,"href":"https:\/\/www.claret.cat\/es\/wp-json\/wp\/v2\/product_tag?post=83804"}],"curies":[{"name":"wp","href":"https:\/\/api.w.org\/{rel}","templated":true}]}}