{"id":83840,"date":"2022-10-11T17:19:46","date_gmt":"2022-10-11T15:19:46","guid":{"rendered":"http:\/\/dev.claret.cat\/producte\/piranesi-2\/"},"modified":"2023-01-28T01:51:10","modified_gmt":"2023-01-28T00:51:10","slug":"piranesi-9788418363283","status":"publish","type":"product","link":"https:\/\/www.claret.cat\/es\/libro\/piranesi-9788418363283\/","title":{"rendered":"PIRANESI"},"content":{"rendered":"<p>Vuelve la autora de Jonathan Strange y el se\u00f1or Norrell con una  novela hipn\u00f3tica ambientada en una realidad on\u00edrica. La casa de Piranesi no es un edificio cualquiera: sus habitaciones son  monumentales, con paredes llenas de miles de estatuas, y sus  pasillos,  interminables. Dentro del d\u00e9dalo de corredores hay un oc\u00e9ano aprisionado  en el que las olas retumban y las mareas inundan los aposentos. Pero  Piranesi no tiene miedo: comprende las embestidas del mar igual que el  patr\u00f3n del laberinto, mientras explora los l\u00edmites de su mundo y avanza,  con la ayuda de un hombre llamado El Otro, en una investigaci\u00f3n cient\u00edfica para alcanzar El Gran Conocimiento Secreto. La cr\u00edtica ha dicho&#8230;<br \/>\u00abNos recuerda el poder de la ficci\u00f3n para llevarnos a otro mundo y  ampliar as\u00ed la comprensi\u00f3n del nuestro. [&#8230;] Supera las expectativas en todo.\u00bb<br \/>The Guardian \u00abComo un sue\u00f1o febril: desorientador, fascinante, persistentemente extra\u00f1o. [&#8230;] Se introduce en el subconsciente con acertijos que van mucho m\u00e1s all\u00e1 de la \u00faltima p\u00e1gina. Brillante y singular.\u00bb<br \/>The Sunday Times \u00abUna lectura sutilmente c\u00f3mica y completamente seductora.\u00bb<br \/>Daily Mail \u00abEspectacular. [&#8230;] Una segunda novela que roza la perfecci\u00f3n.\u00bb<br \/>The Times \u00abUna f\u00e1bula deslumbrante sobre la soledad, la imaginaci\u00f3n y la memoria.\u00bb<br \/>The Spectator \u00abBella, extra\u00f1a, fascinante.\u00bb<br \/>Mail on Sunday \u00ab\u00bfPor qu\u00e9 no atreverse con el nuevo libro de Susanna Clarke para viajar al subconsciente sin necesidad de tomar nada?\u00bb<br \/>New York Magazine \u00abUna lectura adictiva de m\u00e1xima calidad. [&#8230;] Una haza\u00f1a sobresaliente.\u00bb<br \/>The Wall Street Journal \u00abEl ingenio y la imaginaci\u00f3n singulares de Clarke siguen intactos. Una  historia mucho m\u00e1s comprimida pero no menos cautivadora.\u00bb<br \/>The Boston Globe \u00abDe una agudeza inmensa.\u00bb<br \/>The Washington Post<\/p>\n","protected":false},"excerpt":{"rendered":"<p>CLARKE, SUSANNA<\/p>\n","protected":false},"featured_media":83841,"template":"","meta":{"_acf_changed":false,"om_disable_all_campaigns":false,"rs_blank_template":"","rs_page_bg_color":"","slide_template_v7":"","inline_featured_image":false,"_monsterinsights_skip_tracking":false,"_monsterinsights_sitenote_active":false,"_monsterinsights_sitenote_note":"","_monsterinsights_sitenote_category":0},"product_brand":[],"product_cat":[127],"product_tag":[],"class_list":{"0":"post-83840","1":"product","2":"type-product","3":"status-publish","4":"has-post-thumbnail","6":"product_cat-novella-contemporania","8":"first","9":"instock","10":"taxable","11":"shipping-taxable","12":"purchasable","13":"product-type-simple"},"acf":{"editorial":[{"ID":6352,"post_author":"3","post_date":"2022-07-28 17:50:21","post_date_gmt":"2022-07-28 15:50:21","post_content":"","post_title":"SALAMANDRA","post_excerpt":"","post_status":"publish","comment_status":"closed","ping_status":"closed","post_password":"","post_name":"salamandra","to_ping":"","pinged":"","post_modified":"2022-07-28 17:50:21","post_modified_gmt":"2022-07-28 15:50:21","post_content_filtered":"","post_parent":0,"guid":"http:\/\/dev.claret.cat\/editorial\/salamandra\/","menu_order":0,"post_type":"editorial","post_mime_type":"","comment_count":"0","filter":"raw"}],"autor":"CLARKE, SUSANNA","codart":"841836328","libros-coleccion":"Narrativa","ediciones":"1","encuadernacion":"R\u00fastica","fecha_de_publicacion":"01\/09\/2021","novedad":"1","paginas":"269","subtitulo":"","orden":"0","portada":"0","idioma":"spa","autores-libros":[{"ID":169972,"post_author":"3","post_date":"2022-10-14 22:31:30","post_date_gmt":"2022-10-14 20:31:30","post_content":"","post_title":"SUSANNA CLARKE","post_excerpt":"","post_status":"publish","comment_status":"closed","ping_status":"closed","post_password":"","post_name":"susanna-clarke","to_ping":"","pinged":"","post_modified":"2022-10-14 22:31:30","post_modified_gmt":"2022-10-14 20:31:30","post_content_filtered":"","post_parent":0,"guid":"http:\/\/dev.claret.cat\/autor\/susanna-clarke\/","menu_order":0,"post_type":"autor","post_mime_type":"","comment_count":"0","filter":"raw"}]},"aioseo_notices":[],"_links":{"self":[{"href":"https:\/\/www.claret.cat\/es\/wp-json\/wp\/v2\/product\/83840","targetHints":{"allow":["GET"]}}],"collection":[{"href":"https:\/\/www.claret.cat\/es\/wp-json\/wp\/v2\/product"}],"about":[{"href":"https:\/\/www.claret.cat\/es\/wp-json\/wp\/v2\/types\/product"}],"wp:featuredmedia":[{"embeddable":true,"href":"https:\/\/www.claret.cat\/es\/wp-json\/wp\/v2\/media\/83841"}],"wp:attachment":[{"href":"https:\/\/www.claret.cat\/es\/wp-json\/wp\/v2\/media?parent=83840"}],"wp:term":[{"taxonomy":"product_brand","embeddable":true,"href":"https:\/\/www.claret.cat\/es\/wp-json\/wp\/v2\/product_brand?post=83840"},{"taxonomy":"product_cat","embeddable":true,"href":"https:\/\/www.claret.cat\/es\/wp-json\/wp\/v2\/product_cat?post=83840"},{"taxonomy":"product_tag","embeddable":true,"href":"https:\/\/www.claret.cat\/es\/wp-json\/wp\/v2\/product_tag?post=83840"}],"curies":[{"name":"wp","href":"https:\/\/api.w.org\/{rel}","templated":true}]}}