{"id":83843,"date":"2022-10-11T17:19:48","date_gmt":"2022-10-11T15:19:48","guid":{"rendered":"http:\/\/dev.claret.cat\/producte\/la-historia-en-apuros\/"},"modified":"2023-01-28T18:05:14","modified_gmt":"2023-01-28T17:05:14","slug":"la-historia-en-apuros-9788418483271","status":"publish","type":"product","link":"https:\/\/www.claret.cat\/es\/libro\/la-historia-en-apuros-9788418483271\/","title":{"rendered":"LA HISTORIA EN APUROS"},"content":{"rendered":"<p>Divertido y ameno, como la historia misma, Nieves Concostrina nos  presenta a diez personajes de la historia justo en el momento en que su  vida y el devenir de la Historia est\u00e1 a punto de dar un vuelco: \u00a1lo pondr\u00e1n todo patas arriba! Momentos clave que lo cambiaron todo&#8230; pero podr\u00edan haber sido cagadas  \u00e9pica# 10 personajes se enfrentas a momentos clave de la historia, y \u00a1no todos salen indemnes! -El d\u00eda en que Galileo Galilei descubri\u00f3 los sat\u00e9lites de J\u00fapiter -C\u00f3mo Miguel \u00c1ngel acaba siendo el padre de David, una escultura que \u00e9l no empez\u00f3 -Jose I Bonaparte, el primer rey que lleva las ni\u00f1as a la escuela -El primer d\u00eda que Marie Curie entra en la Sorbona -Cervantes en su cautiverio -Isabel de Berganza creadora de El Prado Darwin, Oscar Wilde, entre otros.<\/p>\n","protected":false},"excerpt":{"rendered":"<p>CONCOSTRINA, NIEVES<\/p>\n","protected":false},"featured_media":83844,"template":"","meta":{"_acf_changed":false,"om_disable_all_campaigns":false,"rs_blank_template":"","rs_page_bg_color":"","slide_template_v7":"","inline_featured_image":false,"_monsterinsights_skip_tracking":false,"_monsterinsights_sitenote_active":false,"_monsterinsights_sitenote_note":"","_monsterinsights_sitenote_category":0},"product_brand":[],"product_cat":[16],"product_tag":[],"class_list":{"0":"post-83843","1":"product","2":"type-product","3":"status-publish","4":"has-post-thumbnail","6":"product_cat-sense-categoria","8":"first","9":"instock","10":"taxable","11":"shipping-taxable","12":"purchasable","13":"product-type-simple"},"acf":{"editorial":[{"ID":6310,"post_author":"3","post_date":"2022-07-28 17:49:26","post_date_gmt":"2022-07-28 15:49:26","post_content":"","post_title":"MONTENA","post_excerpt":"","post_status":"publish","comment_status":"closed","ping_status":"closed","post_password":"","post_name":"montena","to_ping":"","pinged":"","post_modified":"2022-07-28 17:49:26","post_modified_gmt":"2022-07-28 15:49:26","post_content_filtered":"","post_parent":0,"guid":"http:\/\/dev.claret.cat\/editorial\/montena\/","menu_order":0,"post_type":"editorial","post_mime_type":"","comment_count":"0","filter":"raw"}],"autor":"CONCOSTRINA, NIEVES","codart":"841848327","libros-coleccion":"","ediciones":"1","encuadernacion":"Carton\u00e9","fecha_de_publicacion":"01\/09\/2021","novedad":"1","paginas":"69","subtitulo":"CINCO NOTABLES, TRES SOBRESALIENTAS Y UN MASTUERZO","orden":"0","portada":"0","idioma":"spa","autores-libros":[{"ID":165859,"post_author":"3","post_date":"2022-10-14 17:58:30","post_date_gmt":"2022-10-14 15:58:30","post_content":"","post_title":"NIEVES CONCOSTRINA","post_excerpt":"","post_status":"publish","comment_status":"closed","ping_status":"closed","post_password":"","post_name":"nieves-concostrina","to_ping":"","pinged":"","post_modified":"2022-10-14 17:58:30","post_modified_gmt":"2022-10-14 15:58:30","post_content_filtered":"","post_parent":0,"guid":"http:\/\/dev.claret.cat\/autor\/nieves-concostrina\/","menu_order":0,"post_type":"autor","post_mime_type":"","comment_count":"0","filter":"raw"}]},"aioseo_notices":[],"_links":{"self":[{"href":"https:\/\/www.claret.cat\/es\/wp-json\/wp\/v2\/product\/83843","targetHints":{"allow":["GET"]}}],"collection":[{"href":"https:\/\/www.claret.cat\/es\/wp-json\/wp\/v2\/product"}],"about":[{"href":"https:\/\/www.claret.cat\/es\/wp-json\/wp\/v2\/types\/product"}],"wp:featuredmedia":[{"embeddable":true,"href":"https:\/\/www.claret.cat\/es\/wp-json\/wp\/v2\/media\/83844"}],"wp:attachment":[{"href":"https:\/\/www.claret.cat\/es\/wp-json\/wp\/v2\/media?parent=83843"}],"wp:term":[{"taxonomy":"product_brand","embeddable":true,"href":"https:\/\/www.claret.cat\/es\/wp-json\/wp\/v2\/product_brand?post=83843"},{"taxonomy":"product_cat","embeddable":true,"href":"https:\/\/www.claret.cat\/es\/wp-json\/wp\/v2\/product_cat?post=83843"},{"taxonomy":"product_tag","embeddable":true,"href":"https:\/\/www.claret.cat\/es\/wp-json\/wp\/v2\/product_tag?post=83843"}],"curies":[{"name":"wp","href":"https:\/\/api.w.org\/{rel}","templated":true}]}}