{"id":83939,"date":"2022-10-11T17:21:04","date_gmt":"2022-10-11T15:21:04","guid":{"rendered":"http:\/\/dev.claret.cat\/producte\/madrechillona\/"},"modified":"2023-01-28T03:29:01","modified_gmt":"2023-01-28T02:29:01","slug":"madrechillona-9788489804364","status":"publish","type":"product","link":"https:\/\/www.claret.cat\/es\/libro\/madrechillona-9788489804364\/","title":{"rendered":"MADRECHILLONA"},"content":{"rendered":"<p>En una ocasi\u00f3n, la madre del peque\u00f1o ping\u00fcino se puso furiosa y le grit\u00f3 terriblemente, Despu\u00e9s se arrepinti\u00f3 y dijo: ?\u00a1Perd\u00f3n!?<\/p>\n<p> ?? es un libro delicioso para los m\u00e1s peque\u00f1os: la historia no puede decir m\u00e1s con menos palabras?<br \/> (Ana Garral\u00f3n en Educaci\u00f3n y Biblioteca).<\/p>\n<p> ?Madrechillona es una peque\u00f1a joya, tanto por su contenido como por su presentaci\u00f3n?<br \/> (Paco Abril en La oreja verde).<\/p>\n<p> ?Madrechillona es una oferta literaria a ni\u00f1os muy peque\u00f1os, que les propone iniciarse en la met\u00e1fora. En este caso, una met\u00e1fora de las emociones logra, con acierto, belleza (y sin edulcorantes) presentar un aspecto complejo de la experiencia humana y nuestra relaci\u00f3n con los otros?<br \/> (Mar\u00eda Cecilia Silva-Diaz en Babar)<\/p>\n<p> Algunos de los premios obtenidos por este libro:<br \/> ?Eule des Monats? del mes de Diciembre, otorgado por la redacci\u00f3n de Bulletin Jugend &amp; Literatur.<br \/> Premio Austr\u00edaco al libro del mes de Febrero de 2001 .<br \/> Premio Alem\u00e1n al Libro Innfantil (\u00e1lbum) 2001.<br \/> Seleccionado por el Gremi de Llibreters de Catalunya para el Premio Llibreter 2001, \u00e1lbum il.lustrat.<br \/> Seleccionado por la Fundaci\u00f3n GSR y la CEGAL para el cat\u00e1logo ?Libros con dos miradas?.<\/p>\n","protected":false},"excerpt":{"rendered":"<p>BAUER, JUTTA<\/p>\n","protected":false},"featured_media":83940,"template":"","meta":{"_acf_changed":false,"om_disable_all_campaigns":false,"rs_blank_template":"","rs_page_bg_color":"","slide_template_v7":"","inline_featured_image":false,"_monsterinsights_skip_tracking":false,"_monsterinsights_sitenote_active":false,"_monsterinsights_sitenote_note":"","_monsterinsights_sitenote_category":0},"product_brand":[],"product_cat":[131],"product_tag":[],"class_list":{"0":"post-83939","1":"product","2":"type-product","3":"status-publish","4":"has-post-thumbnail","6":"product_cat-contes-per-infants-0-6-anys","8":"first","9":"instock","10":"taxable","11":"shipping-taxable","12":"purchasable","13":"product-type-simple"},"acf":{"editorial":[{"ID":148459,"post_author":"3","post_date":"2022-10-14 11:58:24","post_date_gmt":"2022-10-14 09:58:24","post_content":"","post_title":"LOGUEZ EDICIONES","post_excerpt":"","post_status":"publish","comment_status":"closed","ping_status":"closed","post_password":"","post_name":"loguez-ediciones","to_ping":"","pinged":"","post_modified":"2022-10-14 11:58:24","post_modified_gmt":"2022-10-14 09:58:24","post_content_filtered":"","post_parent":0,"guid":"http:\/\/dev.claret.cat\/editorial\/loguez-ediciones\/","menu_order":0,"post_type":"editorial","post_mime_type":"","comment_count":"0","filter":"raw"}],"autor":"BAUER, JUTTA","codart":"848980436","libros-coleccion":"Rosa y manzana","ediciones":"1","encuadernacion":"Carton\u00e9","fecha_de_publicacion":"01\/08\/2021","novedad":"1","paginas":"36","subtitulo":"","orden":"0","portada":"0","idioma":"spa","autores-libros":[{"ID":161380,"post_author":"3","post_date":"2022-10-14 17:17:45","post_date_gmt":"2022-10-14 15:17:45","post_content":"","post_title":"JUTTA BAUER","post_excerpt":"","post_status":"publish","comment_status":"closed","ping_status":"closed","post_password":"","post_name":"jutta-bauer","to_ping":"","pinged":"","post_modified":"2022-10-14 17:17:45","post_modified_gmt":"2022-10-14 15:17:45","post_content_filtered":"","post_parent":0,"guid":"http:\/\/dev.claret.cat\/autor\/jutta-bauer\/","menu_order":0,"post_type":"autor","post_mime_type":"","comment_count":"0","filter":"raw"}]},"aioseo_notices":[],"_links":{"self":[{"href":"https:\/\/www.claret.cat\/es\/wp-json\/wp\/v2\/product\/83939","targetHints":{"allow":["GET"]}}],"collection":[{"href":"https:\/\/www.claret.cat\/es\/wp-json\/wp\/v2\/product"}],"about":[{"href":"https:\/\/www.claret.cat\/es\/wp-json\/wp\/v2\/types\/product"}],"wp:featuredmedia":[{"embeddable":true,"href":"https:\/\/www.claret.cat\/es\/wp-json\/wp\/v2\/media\/83940"}],"wp:attachment":[{"href":"https:\/\/www.claret.cat\/es\/wp-json\/wp\/v2\/media?parent=83939"}],"wp:term":[{"taxonomy":"product_brand","embeddable":true,"href":"https:\/\/www.claret.cat\/es\/wp-json\/wp\/v2\/product_brand?post=83939"},{"taxonomy":"product_cat","embeddable":true,"href":"https:\/\/www.claret.cat\/es\/wp-json\/wp\/v2\/product_cat?post=83939"},{"taxonomy":"product_tag","embeddable":true,"href":"https:\/\/www.claret.cat\/es\/wp-json\/wp\/v2\/product_tag?post=83939"}],"curies":[{"name":"wp","href":"https:\/\/api.w.org\/{rel}","templated":true}]}}