{"id":83971,"date":"2022-10-11T17:21:32","date_gmt":"2022-10-11T15:21:32","guid":{"rendered":"http:\/\/dev.claret.cat\/producte\/come-japon\/"},"modified":"2023-01-28T05:37:11","modified_gmt":"2023-01-28T04:37:11","slug":"come-japon-9788408240549","status":"publish","type":"product","link":"https:\/\/www.claret.cat\/es\/libro\/come-japon-9788408240549\/","title":{"rendered":"COME JAP\u00d3N"},"content":{"rendered":"<p>Lonely Planet te acompa\u00f1a a descubrir la rica -y compleja- cultura culinaria japonesa para disfrutar de una experiencia gastron\u00f3mica aut\u00e9ntica e integradora, y aprovechar al m\u00e1ximo el viaje.<br \/> En este libro profusamente ilustrado y de dise\u00f1o atractivo el lector encontrar\u00e1 todas las pistas para saber c\u00f3mo, cu\u00e1ndo y d\u00f3nde comer; qu\u00e9 se debe hacer y qu\u00e9 no, con informaci\u00f3n de primera mano sobre protocolo y la etiqueta a seguir cuando se come en el pa\u00eds nip\u00f3n, tanto en una casa como en un restaurante.<br \/> Tambi\u00e9n cuenta con informaci\u00f3n detallada sobre la comida, los ingredientes que se utilizan y las tradiciones locales, as\u00ed como las especialidades regionales cl\u00e1sicas que todo viajero debe probar. Adem\u00e1s, incluye los mejores lugares para comer en cada regi\u00f3n y qu\u00e9 pedir cuando est\u00e9s all\u00ed y c\u00f3mo comerlo, as\u00ed como informaci\u00f3n pr\u00e1ctica sobre los barrios gastron\u00f3micos populares.<\/p>\n","protected":false},"excerpt":{"rendered":"<p>HARDY, PAULA<\/p>\n","protected":false},"featured_media":83972,"template":"","meta":{"_acf_changed":false,"om_disable_all_campaigns":false,"rs_blank_template":"","rs_page_bg_color":"","slide_template_v7":"","inline_featured_image":false,"_monsterinsights_skip_tracking":false,"_monsterinsights_sitenote_active":false,"_monsterinsights_sitenote_note":"","_monsterinsights_sitenote_category":0},"product_brand":[],"product_cat":[107],"product_tag":[],"class_list":{"0":"post-83971","1":"product","2":"type-product","3":"status-publish","4":"has-post-thumbnail","6":"product_cat-guies-de-viatge","8":"first","9":"instock","10":"taxable","11":"shipping-taxable","12":"purchasable","13":"product-type-simple"},"acf":{"editorial":[{"ID":6233,"post_author":"3","post_date":"2022-07-28 17:47:48","post_date_gmt":"2022-07-28 15:47:48","post_content":"","post_title":"EDITORIAL PLANETA","post_excerpt":"","post_status":"publish","comment_status":"closed","ping_status":"closed","post_password":"","post_name":"editorial-planeta","to_ping":"","pinged":"","post_modified":"2022-07-28 17:47:48","post_modified_gmt":"2022-07-28 15:47:48","post_content_filtered":"","post_parent":0,"guid":"http:\/\/dev.claret.cat\/editorial\/editorial-planeta\/","menu_order":0,"post_type":"editorial","post_mime_type":"","comment_count":"0","filter":"raw"}],"autores-libros":[{"ID":166779,"post_author":"3","post_date":"2022-10-14 18:05:59","post_date_gmt":"2022-10-14 16:05:59","post_content":"","post_title":"PAULA HARDY","post_excerpt":"","post_status":"publish","comment_status":"closed","ping_status":"closed","post_password":"","post_name":"paula-hardy","to_ping":"","pinged":"","post_modified":"2022-10-14 18:05:59","post_modified_gmt":"2022-10-14 16:05:59","post_content_filtered":"","post_parent":0,"guid":"http:\/\/dev.claret.cat\/autor\/paula-hardy\/","menu_order":0,"post_type":"autor","post_mime_type":"","comment_count":"0","filter":"raw"}],"autor":"HARDY, PAULA","codart":"840824054","libros-coleccion":"Viaje y aventura","ediciones":"1","encuadernacion":"R\u00fastica","fecha_de_publicacion":"01\/09\/2021","novedad":"1","paginas":"223","subtitulo":"DESCUBRE LA COCINA Y LA CULTURA GASTRON\u00d3MICA JAPONESAS","orden":"0","portada":"0","idioma":"spa"},"aioseo_notices":[],"_links":{"self":[{"href":"https:\/\/www.claret.cat\/es\/wp-json\/wp\/v2\/product\/83971","targetHints":{"allow":["GET"]}}],"collection":[{"href":"https:\/\/www.claret.cat\/es\/wp-json\/wp\/v2\/product"}],"about":[{"href":"https:\/\/www.claret.cat\/es\/wp-json\/wp\/v2\/types\/product"}],"wp:featuredmedia":[{"embeddable":true,"href":"https:\/\/www.claret.cat\/es\/wp-json\/wp\/v2\/media\/83972"}],"wp:attachment":[{"href":"https:\/\/www.claret.cat\/es\/wp-json\/wp\/v2\/media?parent=83971"}],"wp:term":[{"taxonomy":"product_brand","embeddable":true,"href":"https:\/\/www.claret.cat\/es\/wp-json\/wp\/v2\/product_brand?post=83971"},{"taxonomy":"product_cat","embeddable":true,"href":"https:\/\/www.claret.cat\/es\/wp-json\/wp\/v2\/product_cat?post=83971"},{"taxonomy":"product_tag","embeddable":true,"href":"https:\/\/www.claret.cat\/es\/wp-json\/wp\/v2\/product_tag?post=83971"}],"curies":[{"name":"wp","href":"https:\/\/api.w.org\/{rel}","templated":true}]}}